{"id":9,"date":"2018-07-09T19:06:55","date_gmt":"2018-07-09T19:06:55","guid":{"rendered":"http:\/\/bioleft.org\/?page_id=9"},"modified":"2021-04-07T21:40:24","modified_gmt":"2021-04-07T21:40:24","slug":"propuesta-bioleft-vc","status":"publish","type":"page","link":"https:\/\/www.bioleft.org\/es\/propuesta-bioleft-vc\/","title":{"rendered":"Propuesta Bioleft"},"content":{"rendered":"<p>[vc_row][vc_column width=&#8221;2\/3&#8243;][vc_column_text]<\/p>\n<h4>Bioleft es una comunidad de intercambio y mejoramiento de semillas abiertas para ofrecer soluciones alternativas a los desaf\u00edos de la agricultura. Bas\u00e1ndonos en inteligencia colectiva, conocimiento abierto, acuerdos y solidaridad, desarrollamos innovaciones sociales y tecnol\u00f3gicas que permiten el intercambio de informaci\u00f3n. Vinculamos saberes locales y conocimiento cient\u00edfico para potenciar el rol de los agricultores en la conservaci\u00f3n y mejoramiento de semillas. As\u00ed generamos una mayor disponibilidad de semillas biodiversas y resilientes que son patrimonio com\u00fan.<br \/>\n<em>Esta visi\u00f3n fue co-construida a trav\u00e9s de un ejercicio de ideaci\u00f3n colectiva.<\/em><\/h4>\n<p>[\/vc_column_text][\/vc_column][vc_column width=&#8221;1\/3&#8243;][minti_image img=&#8221;1415&#8243; img_size=&#8221;medium&#8221;][\/vc_column][\/vc_row][vc_row][vc_column width=&#8221;2\/3&#8243;][vc_column_text]Las semillas son el insumo central de la agricultura, base de la alimentaci\u00f3n. Cada una guarda la informaci\u00f3n para crear otras; durante milenios, lxs agricultores las mejoraron por cruzamiento y selecci\u00f3n. Pero la capacidad de patentar secuencias gen\u00e9ticas -y, en algunos pa\u00edses, variedades de semillas completas-, restringi\u00f3 esta libre circulaci\u00f3n de conocimientos.<\/p>\n<p>Hoy solo seis empresas controlan m\u00e1s del 60% de la producci\u00f3n de semillas del mundo. <a href=\"http:\/\/aargentinapciencias.org\/wp-content\/uploads\/2018\/01\/RevistasCeI\/tomo65-3\/6-Marin-cei65-3-8.pdf\">Esta concentraci\u00f3n amenaza<\/a> la biodiversidad y socava la soberan\u00eda alimentaria y tecnol\u00f3gica. En Argentina y otros pa\u00edses de la regi\u00f3n, las patentes, por ahora, solo se usan en algunos cultivos con modificaci\u00f3n gen\u00e9tica; pero esto puede cambiar. Por eso es necesaria una alternativa que proteja el material gen\u00e9tico de las semillas de futuras restricciones y garantice su continua circulaci\u00f3n: las <a href=\"https:\/\/opensource.com\/sites\/default\/files\/images\/law-uploads\/Kloppenburg%202014%20re-purposing%20the%20master%27s%20tools%20%28JPS%29.pdf\">semillas abiertas<\/a>.<\/p>\n<p><strong>Para eso dise\u00f1amos tres herramientas:<\/strong><\/p>\n<p><strong>Legal<\/strong>: <a href=\"https:\/\/www.bioleft.org\/licencias\/\">licencias<\/a> para transferir semillas que permanezcan abiertas para investigaci\u00f3n, y desarrollo y registro de nuevas variedades. Incluye una cl\u00e1usula viral: las mejoras que se deriven de material Bioleft ser\u00e1n tambi\u00e9n Bioleft, es decir, abiertas.<\/p>\n<p><strong>Tecnol\u00f3gica<\/strong>: una <a href=\"https:\/\/www.bioleft.org\/plataforma\/\">plataforma<\/a> web para registrar y mapear las variedades de semillas que se intercambian, los intercambios, y las mejoras continuas. All\u00ed se apoyan <a href=\"https:\/\/www.bioleft.org\/activities\/\">proyectos de mejoramiento colaborativo<\/a> y se genera un banco de semillas vivo y una red de campos de experimentaci\u00f3n potencialmente mucho m\u00e1s amplia que cualquier otra.<\/p>\n<p><strong>Metodol\u00f3gica<\/strong>: Bioleft se co-dise\u00f1a a trav\u00e9s de procesos y metodolog\u00edas participativos y horizontales, enriquecido por una gran diversidad de participantes.<\/p>\n<p>Buscamos promover el intercambio y democratizar el acceso al conocimiento, ayudar la disponibilizar m\u00e1s y mejores variedades de semillas, apoyar tipos de agricultura m\u00e1s sustentable y promover la soberan\u00eda alimentaria y tecnol\u00f3gica.<\/p>\n<p>&nbsp;<\/p>\n<p>M\u00e1s informaci\u00f3n (papers sobre semillas abiertas, art\u00edculos de blogs y videos) en <a href=\"https:\/\/www.bioleft.org\/recursos\/\">Recursos<\/a>.[\/vc_column_text][\/vc_column][vc_column width=&#8221;1\/3&#8243;][minti_image img=&#8221;1349&#8243;][\/vc_column][\/vc_row][vc_row][\/vc_row]<\/p>\n","protected":false},"excerpt":{"rendered":"<p>[vc_row][vc_column width=&#8221;2\/3&#8243;][vc_column_text] Bioleft es una comunidad de intercambio y mejoramiento de semillas abiertas para ofrecer soluciones alternativas a los desaf\u00edos [&hellip;]<\/p>\n","protected":false},"author":2,"featured_media":0,"parent":0,"menu_order":0,"comment_status":"closed","ping_status":"closed","template":"","meta":{"footnotes":""},"class_list":["post-9","page","type-page","status-publish","hentry"],"_links":{"self":[{"href":"https:\/\/www.bioleft.org\/es\/wp-json\/wp\/v2\/pages\/9"}],"collection":[{"href":"https:\/\/www.bioleft.org\/es\/wp-json\/wp\/v2\/pages"}],"about":[{"href":"https:\/\/www.bioleft.org\/es\/wp-json\/wp\/v2\/types\/page"}],"author":[{"embeddable":true,"href":"https:\/\/www.bioleft.org\/es\/wp-json\/wp\/v2\/users\/2"}],"replies":[{"embeddable":true,"href":"https:\/\/www.bioleft.org\/es\/wp-json\/wp\/v2\/comments?post=9"}],"version-history":[{"count":24,"href":"https:\/\/www.bioleft.org\/es\/wp-json\/wp\/v2\/pages\/9\/revisions"}],"predecessor-version":[{"id":1419,"href":"https:\/\/www.bioleft.org\/es\/wp-json\/wp\/v2\/pages\/9\/revisions\/1419"}],"wp:attachment":[{"href":"https:\/\/www.bioleft.org\/es\/wp-json\/wp\/v2\/media?parent=9"}],"curies":[{"name":"wp","href":"https:\/\/api.w.org\/{rel}","templated":true}]}}