{"id":7,"date":"2018-07-09T19:06:32","date_gmt":"2018-07-09T19:06:32","guid":{"rendered":"http:\/\/bioleft.org\/?page_id=7"},"modified":"2021-04-08T00:30:57","modified_gmt":"2021-04-08T00:30:57","slug":"equipo-vc","status":"publish","type":"page","link":"https:\/\/www.bioleft.org\/es\/equipo-vc\/","title":{"rendered":"Equipo"},"content":{"rendered":"<p>[vc_row][vc_column][vc_column_text]<\/p>\n<h3 style=\"text-align: left;\"><span style=\"color: #808080;\">Bioleft es una iniciativa de un equipo interdisciplinario de investigaci\u00f3n, conformado por personas especializadas en econom\u00eda, agronom\u00eda, ambiente, gen\u00e9tica, derecho y propiedad intelectual, producci\u00f3n e investigaci\u00f3n colaborativa y comunicaci\u00f3n. Trabajamos para incentivar el desarrollo de transformaciones m\u00e1s sostenibles, sustentables e inclusivas. El proyecto fue incubado en el\u00a0 <a href=\"http:\/\/www.fund-cenit.org.ar\/home\/\" target=\"_blank\" rel=\"noopener noreferrer\" data-saferedirecturl=\"https:\/\/www.google.com\/url?q=http:\/\/www.fund-cenit.org.ar\/home\/&#038;source=gmail&#038;ust=1538858402231000&#038;usg=AFQjCNGKKcoue8OJHo5iGIpOux2DVMNh_A\">Centro de Investigaciones para la Transformaci\u00f3n (CENIT) <\/a>junto al <a href=\"https:\/\/steps-centre.org\/\" target=\"_blank\" rel=\"noopener noreferrer\" data-saferedirecturl=\"https:\/\/www.google.com\/url?q=https:\/\/steps-centre.org\/&#038;source=gmail&#038;ust=1538858402231000&#038;usg=AFQjCNGNAPpvO2vAJmRYyHrpCbp7-LYY4w\">STEPS Centre<\/a>, en el marco del proyecto global <a href=\"https:\/\/steps-centre.org\/project\/pathways-network\/\" target=\"_blank\" rel=\"noopener noreferrer\" data-saferedirecturl=\"https:\/\/www.google.com\/url?q=https:\/\/steps-centre.org\/project\/pathways-network\/&#038;source=gmail&#038;ust=1538858402231000&#038;usg=AFQjCNERs2-5evim0C2pCqikyi8AqExGGw\">Transformative pathways to sustainability<\/a>.<\/span><\/h3>\n<p>[\/vc_column_text][\/vc_column][\/vc_row][vc_row][vc_column width=&#8221;1\/1&#8243;][minti_divider][\/vc_column][\/vc_row][vc_row][vc_column width=&#8221;1\/1&#8243;][minti_title align=&#8221;left&#8221;]DIRECTORA[\/minti_title][\/vc_column][\/vc_row][vc_row][vc_column width=&#8221;2\/3&#8243;][minti_headline size=&#8221;fontsize-m&#8221; weight=&#8221;fontweight-600&#8243; align=&#8221;align-left&#8221; margin=&#8221;0 0 0 0&#8243;]Anabel Mar\u00edn<\/p>\n<p>[\/minti_headline][minti_spacer height=&#8221;10&#8243;][vc_column_text]Soy investigadora en temas de innovaci\u00f3n, ciencia, tecnolog\u00eda y desarrollo. Me interesa la utilizaci\u00f3n de enfoques multidisciplinarios para abordar problemas de desarrollo econ\u00f3mico y social, sustentable e inclusivo, as\u00ed como la elaboraci\u00f3n de productos de divulgaci\u00f3n cient\u00edfica. Trabajo sobre transiciones hacia la sustentabilidad en industrias relacionadas con recursos naturales, ciencia abierta, vinculaciones p\u00fablicas privadas en biotecnolog\u00eda agropecuaria, oportunidades de innovaci\u00f3n manufacturera en Am\u00e9rica Latina y el futuro de las semillas en Argentina y Brasil.[\/vc_column_text][\/vc_column][vc_column width=&#8221;1\/3&#8243;][minti_image img=&#8221;1149&#8243; img_size=&#8221;thumbnail&#8221; align=&#8221;center&#8221;][\/vc_column][\/vc_row][vc_row][vc_column width=&#8221;1\/1&#8243;][minti_divider][minti_title align=&#8221;left&#8221;]EQUIPO[\/minti_title][\/vc_column][\/vc_row][vc_row top_padding=&#8221;50&#8243;][vc_column width=&#8221;2\/3&#8243;][minti_headline size=&#8221;fontsize-m&#8221; weight=&#8221;fontweight-600&#8243; align=&#8221;align-left&#8221; margin=&#8221;0 0 0 0&#8243;]Patrick van Zwanenberg[\/minti_headline][minti_spacer height=&#8221;10&#8243;][vc_column_text]<span lang=\"EN-US\">Soy Licenciado en Ciencias Medioambientales y Doctor en Estudios de Pol\u00edtica Cient\u00edfica y Tecnol\u00f3gica. Combino herramientas de los estudios sociales de la ciencia y la tecnolog\u00eda y pol\u00edticas cient\u00edficas. Me interesan las pol\u00edticas del conocimiento, los problemas de regulaci\u00f3n de la tecnolog\u00eda y las trasformaciones de los procesos de innovaci\u00f3n que pueden dar mayor respuesta a las necesidades y valores sociales. Tambi\u00e9n participo en la investigaci\u00f3n sobre innovaci\u00f3n y desarrollo sustentable en Am\u00e9rica Latina.<\/span>[\/vc_column_text][\/vc_column][vc_column width=&#8221;1\/3&#8243;][minti_image img=&#8221;144&#8243; img_size=&#8221;thumbnail&#8221; align=&#8221;center&#8221;][\/vc_column][\/vc_row][vc_row top_padding=&#8221;40&#8243;][vc_column width=&#8221;1\/1&#8243;][minti_newdivider line_color=&#8221;#e8e8e8&#8243; width=&#8221;30%&#8221; topmargin=&#8221;40&#8243; bottommargin=&#8221;10&#8243; align=&#8221;left&#8221;][\/vc_column][\/vc_row][vc_row top_padding=&#8221;40&#8243;][\/vc_row][vc_row top_padding=&#8221;50&#8243;][vc_column width=&#8221;2\/3&#8243;][minti_headline size=&#8221;fontsize-m&#8221; weight=&#8221;fontweight-600&#8243; align=&#8221;align-left&#8221; margin=&#8221;0 0 0 0&#8243;]Almendra Cremaschi[\/minti_headline][minti_spacer height=&#8221;10&#8243;][vc_column_text]Soy Ingeniera Agr\u00f3noma, graduada en la Universidad Nacional de La Plata. Me interesan los temas vinculados al desarrollo rural y la agricultura familiar, as\u00ed como el trabajo multidisciplinario y las metodolog\u00edas participativas para abordar problemas complejos como la sustentabilidad. En 2015, comenc\u00e9 la maestr\u00eda en Estudios Sociales Agrarios (FLACSO) y me sum\u00e9 al equipo del proyecto \u201cPathways to sustainability\u201d, adonde investigo sobre sustentabilidad en semillas.[\/vc_column_text][\/vc_column][vc_column width=&#8221;1\/3&#8243;][minti_image img=&#8221;1373&#8243; img_size=&#8221;thumbnail&#8221; align=&#8221;center&#8221;][\/vc_column][\/vc_row][vc_row top_padding=&#8221;40&#8243;][vc_column width=&#8221;1\/1&#8243;][minti_newdivider line_color=&#8221;#e8e8e8&#8243; width=&#8221;30%&#8221; topmargin=&#8221;40&#8243; bottommargin=&#8221;10&#8243; align=&#8221;left&#8221;][\/vc_column][\/vc_row][vc_row top_padding=&#8221;50&#8243;][vc_column width=&#8221;2\/3&#8243;][minti_headline size=&#8221;fontsize-m&#8221; weight=&#8221;fontweight-600&#8243; align=&#8221;align-left&#8221; margin=&#8221;0 0 0 0&#8243;]Juli\u00e1n Asinsten[\/minti_headline][minti_spacer height=&#8221;10&#8243;][vc_column_text]Soy economista, graduado en la Universidad de Buenos Aires. Trabajo como asistente de investigaci\u00f3n de la Fundaci\u00f3n CENIT. Me interesan los temas de desarrollo econ\u00f3mico, cambio tecnol\u00f3gico e innovaci\u00f3n.[\/vc_column_text][\/vc_column][vc_column width=&#8221;1\/3&#8243;][minti_image img=&#8221;231&#8243; img_size=&#8221;thumbnail&#8221; align=&#8221;center&#8221;][\/vc_column][\/vc_row][vc_row top_padding=&#8221;40&#8243;][vc_column width=&#8221;1\/1&#8243;][minti_newdivider line_color=&#8221;#e8e8e8&#8243; width=&#8221;30%&#8221; topmargin=&#8221;40&#8243; bottommargin=&#8221;10&#8243; align=&#8221;left&#8221;][\/vc_column][\/vc_row][vc_row top_padding=&#8221;50&#8243;][vc_column width=&#8221;2\/3&#8243;][minti_headline size=&#8221;fontsize-m&#8221; weight=&#8221;fontweight-600&#8243; align=&#8221;align-left&#8221; margin=&#8221;0 0 0 0&#8243;]Marcela Basch[\/minti_headline][minti_spacer height=&#8221;10&#8243;][vc_column_text]Soy Licenciada en Letras, periodista y docente. Desde 2013 investigo y cubro temas de econom\u00edas colaborativas y cultura libre y abierta. Soy fundadora y editora del portal El plan C, y coorganizadora de la Semana de la Econom\u00eda Colaborativa y el Encuentro Comunes.[\/vc_column_text][\/vc_column][vc_column width=&#8221;1\/3&#8243;][minti_image img=&#8221;239&#8243; img_size=&#8221;thumbnail&#8221; align=&#8221;center&#8221;][\/vc_column][\/vc_row][vc_row top_padding=&#8221;40&#8243;][vc_column width=&#8221;1\/1&#8243;][minti_newdivider line_color=&#8221;#e8e8e8&#8243; width=&#8221;30%&#8221; topmargin=&#8221;40&#8243; bottommargin=&#8221;10&#8243; align=&#8221;left&#8221;][\/vc_column][\/vc_row][vc_row top_padding=&#8221;50&#8243;][vc_column width=&#8221;2\/3&#8243;][minti_headline size=&#8221;fontsize-m&#8221; weight=&#8221;fontweight-600&#8243; align=&#8221;align-left&#8221; margin=&#8221;0 0 0 0&#8243;]Pablo Mart\u00edn P\u00e9rez[\/minti_headline][minti_spacer height=&#8221;10&#8243;][vc_column_text]Soy desarrollador de software, egresado de la Universidad Tecnol\u00f3gica Nacional. Me apasiona el movimiento del software librey abierto, y la m\u00fasica en particular. Me interesan los estudios sobre sociolog\u00eda, pol\u00edtica y tecnolog\u00eda.[\/vc_column_text][\/vc_column][vc_column width=&#8221;1\/3&#8243;][minti_image img=&#8221;852&#8243; img_size=&#8221;thumbnail&#8221; align=&#8221;center&#8221;][\/vc_column][\/vc_row][vc_row top_padding=&#8221;40&#8243;][vc_column width=&#8221;1\/1&#8243;][minti_newdivider line_color=&#8221;#e8e8e8&#8243; width=&#8221;30%&#8221; topmargin=&#8221;40&#8243; bottommargin=&#8221;10&#8243; align=&#8221;left&#8221;][\/vc_column][\/vc_row][vc_row top_padding=&#8221;50&#8243;][vc_column width=&#8221;2\/3&#8243;][minti_headline size=&#8221;fontsize-m&#8221; weight=&#8221;fontweight-600&#8243; align=&#8221;align-left&#8221; margin=&#8221;0 0 0 0&#8243;]Eduardo Musacchio[\/minti_headline][minti_spacer height=&#8221;10&#8243;][vc_column_text]Soy Ingeniero Agr\u00f3nomo, docente de la C\u00e1tedra de Gen\u00e9tica de la Facultad de Agronom\u00eda de la Universidad de Buenos Aires (FAUBA), codirector de Grupo de Estudio y Trabajo junto a comunidades qom de la regi\u00f3n del Chaco y parte del equipo de trabajo del Sistema Participativo de Garant\u00edas de FAUBA.[\/vc_column_text][\/vc_column][vc_column width=&#8221;1\/3&#8243;][minti_image img=&#8221;773&#8243; img_size=&#8221;thumbnail&#8221; align=&#8221;center&#8221;][\/vc_column][\/vc_row][vc_row top_padding=&#8221;40&#8243;][vc_column width=&#8221;1\/1&#8243;][minti_newdivider line_color=&#8221;#e8e8e8&#8243; width=&#8221;30%&#8221; topmargin=&#8221;40&#8243; bottommargin=&#8221;10&#8243; align=&#8221;left&#8221;][\/vc_column][\/vc_row][vc_row top_padding=&#8221;40&#8243;][\/vc_row][vc_row top_padding=&#8221;50&#8243;][vc_column width=&#8221;2\/3&#8243;][minti_headline size=&#8221;fontsize-m&#8221; weight=&#8221;fontweight-600&#8243; align=&#8221;align-left&#8221; margin=&#8221;0 0 0 0&#8243;]Gustavo Schrauf[\/minti_headline][minti_spacer height=&#8221;10&#8243;][vc_column_text]Soy Profesor Titular de la C\u00e1tedra de Gen\u00e9tica de la Facultad de Agronom\u00eda de la Universidad de Buenos Aires (FAUBA). Director del Criadero &#8220;Cultivos del Sur&#8221; FAUBA. Ingeniero Agr\u00f3nomo U.N.Rosario, Magister Scientiae INTA-UNRosario, Dr en Ciencias Agropecuarias UBA.[\/vc_column_text][\/vc_column][vc_column width=&#8221;1\/3&#8243;][minti_image img=&#8221;347&#8243; img_size=&#8221;thumbnail&#8221; align=&#8221;center&#8221;][\/vc_column][\/vc_row][vc_row top_padding=&#8221;40&#8243;][vc_column width=&#8221;1\/1&#8243;][minti_newdivider line_color=&#8221;#e8e8e8&#8243; width=&#8221;30%&#8221; topmargin=&#8221;40&#8243; bottommargin=&#8221;10&#8243; align=&#8221;left&#8221;][\/vc_column][\/vc_row][vc_row top_padding=&#8221;50&#8243;][vc_column width=&#8221;2\/3&#8243;][minti_headline size=&#8221;fontsize-m&#8221; weight=&#8221;fontweight-600&#8243; align=&#8221;align-left&#8221; margin=&#8221;0 0 0 0&#8243;]Mar\u00eda Laura Bravo[\/minti_headline][minti_spacer height=&#8221;10&#8243;][vc_column_text]Soy Ingeniera Agr\u00f3noma, recibida en la Universidad Nacional de La Plata, donde me desempe\u00f1o como docente de Mejoramiento Gen\u00e9tico y Socioeconom\u00eda. Trabajo en aspectos vinculados al abordaje del Desarrollo Rural. Dirijo proyectos de Extensi\u00f3n Universitaria y coordino proyectos de investigaci\u00f3n aplicada con organizaciones de la agricultura familiar.[\/vc_column_text][\/vc_column][vc_column width=&#8221;1\/3&#8243;][minti_image img=&#8221;1144&#8243; img_size=&#8221;thumbnail&#8221; align=&#8221;center&#8221;][\/vc_column][\/vc_row][vc_row top_padding=&#8221;40&#8243;][vc_column width=&#8221;1\/1&#8243;][minti_newdivider line_color=&#8221;#e8e8e8&#8243; width=&#8221;30%&#8221; topmargin=&#8221;40&#8243; bottommargin=&#8221;10&#8243; align=&#8221;left&#8221;][\/vc_column][\/vc_row][vc_row top_padding=&#8221;50&#8243;][vc_column width=&#8221;2\/3&#8243;][minti_headline size=&#8221;fontsize-m&#8221; weight=&#8221;fontweight-600&#8243; align=&#8221;align-left&#8221; margin=&#8221;0 0 0 0&#8243;]Mar\u00eda Paz dos Santos[\/minti_headline][minti_spacer height=&#8221;10&#8243;][vc_column_text]<\/p>\n<div id=\"tw-target-text-container\" class=\"tw-ta-container tw-nfl\" tabindex=\"0\">\n<p id=\"tw-target-text\" class=\"tw-data-text tw-text-large tw-ta\" dir=\"ltr\" data-placeholder=\"Traducci\u00f3n\"><span lang=\"en\">Soy ingeniera agr\u00f3noma, graduada de la Facultad de Agronom\u00eda de la Universidad de Buenos Aires (FAUBA), donde soy docente ayudante en la C\u00e1tedra de Gen\u00e9tica. Tambi\u00e9n soy promotora asesora de un grupo de horticultores dentro del programa Cambio Rural. Me interesa trabajar en pos del fortalecimiento de la agroecolog\u00eda y las agriculturas sustentables, familiares y campesinas.<\/span><\/p>\n<\/div>\n<p>[\/vc_column_text][\/vc_column][vc_column width=&#8221;1\/3&#8243;][minti_image img=&#8221;1152&#8243; img_size=&#8221;thumbnail&#8221; align=&#8221;center&#8221;][\/vc_column][\/vc_row][vc_row top_padding=&#8221;40&#8243;][vc_column width=&#8221;1\/1&#8243;][minti_newdivider line_color=&#8221;#e8e8e8&#8243; width=&#8221;30%&#8221; topmargin=&#8221;40&#8243; bottommargin=&#8221;10&#8243; align=&#8221;left&#8221;][\/vc_column][\/vc_row][vc_row top_padding=&#8221;40&#8243;][\/vc_row][vc_row top_padding=&#8221;50&#8243;][vc_column width=&#8221;2\/3&#8243;][minti_headline size=&#8221;fontsize-m&#8221; weight=&#8221;fontweight-600&#8243; align=&#8221;align-left&#8221; margin=&#8221;0 0 0 0&#8243;]Enrico Cresta[\/minti_headline][minti_spacer height=&#8221;10&#8243;][vc_column_text]Soy productor org\u00e1nico en la zona de R\u00edo Cuarto, C\u00f3rdoba, presidente del Grupo Cambio Rural Pampaorg\u00e1nica Norte y miembro de la Comisi\u00f3n Directiva del Movimiento Argentino para la Producci\u00f3n Org\u00e1nica.[\/vc_column_text][\/vc_column][vc_column width=&#8221;1\/3&#8243;][minti_image img=&#8221;376&#8243; img_size=&#8221;thumbnail&#8221; align=&#8221;center&#8221;][\/vc_column][\/vc_row][vc_row top_padding=&#8221;40&#8243;][vc_column width=&#8221;1\/1&#8243;][minti_newdivider line_color=&#8221;#e8e8e8&#8243; width=&#8221;30%&#8221; topmargin=&#8221;40&#8243; bottommargin=&#8221;10&#8243; align=&#8221;left&#8221;][\/vc_column][\/vc_row][vc_row top_padding=&#8221;50&#8243;][vc_column width=&#8221;2\/3&#8243;][minti_headline size=&#8221;fontsize-m&#8221; weight=&#8221;fontweight-600&#8243; align=&#8221;align-left&#8221; margin=&#8221;0 0 0 0&#8243;]Alex Edleson[\/minti_headline][minti_spacer height=&#8221;10&#8243;][vc_column_text]Soy agricultor biodin\u00e1mico dedicado a la producci\u00f3n de hortalizas, sus semillas y mejoramiento. Co-fundador y agricultor para la Granja Asociativa Valle Pintado (Agricultura Sostenida por la Comunidad), y de Trigo Limpio, una cooperativa de acopio y moliendo de trigo org\u00e1nico. Miembro del grupo de Guardianes de Semillas en El Bols\u00f3n. Desde 2018 coordino la Iniciativa para la Semilla Biodin\u00e1mica en Argentina. Soy coordinador de la semillera Constelaci\u00f3n.[\/vc_column_text][\/vc_column][vc_column width=&#8221;1\/3&#8243;][minti_image img=&#8221;391&#8243; img_size=&#8221;thumbnail&#8221; align=&#8221;center&#8221;][\/vc_column][\/vc_row][vc_row top_padding=&#8221;50&#8243;][\/vc_row][vc_row top_padding=&#8221;40&#8243;][vc_column width=&#8221;1\/1&#8243;][minti_newdivider line_color=&#8221;#e8e8e8&#8243; width=&#8221;30%&#8221; topmargin=&#8221;40&#8243; bottommargin=&#8221;10&#8243; align=&#8221;left&#8221;][\/vc_column][\/vc_row][vc_row top_padding=&#8221;50&#8243;][vc_column width=&#8221;2\/3&#8243;][minti_headline size=&#8221;fontsize-m&#8221; weight=&#8221;fontweight-600&#8243; align=&#8221;align-left&#8221; margin=&#8221;0 0 0 0&#8243;]Manuel Facundo Correa[\/minti_headline][minti_spacer height=&#8221;10&#8243;][vc_column_text]<\/p>\n<div id=\"tw-target-text-container\" class=\"tw-ta-container tw-nfl\" tabindex=\"0\">\n<p id=\"tw-target-text\" class=\"tw-data-text tw-text-large tw-ta\" dir=\"ltr\" data-placeholder=\"Traducci\u00f3n\"><span lang=\"en\">Soy antrop\u00f3logo (UBA) y Magister en Investigaci\u00f3n Social y Desarrollo (Universidad de Concepci\u00f3n, Chile), audiovisualista y comunicador. Mis campos de investigaci\u00f3n est\u00e1n centrados en las diversidades econ\u00f3micas de la agricultura familiar campesina e ind\u00edgena, las controversias socioambientales y el acceso a bienes comunes (agua, tierra, biodiversidad).<\/span><\/p>\n<\/div>\n<p>[\/vc_column_text][\/vc_column][vc_column width=&#8221;1\/3&#8243;][minti_image img=&#8221;901&#8243; img_size=&#8221;thumbnail&#8221; align=&#8221;center&#8221;][\/vc_column][\/vc_row][vc_row][vc_column width=&#8221;1\/1&#8243;][minti_spacer][\/vc_column][\/vc_row][vc_row][vc_column width=&#8221;1\/1&#8243;][minti_divider][\/vc_column][\/vc_row][vc_row][vc_column width=&#8221;1\/1&#8243;][minti_title align=&#8221;left&#8221;]NUESTRA RED[\/minti_title][\/vc_column][\/vc_row][vc_row][vc_column width=&#8221;1\/1&#8243;][minti_spacer][\/vc_column][\/vc_row][vc_row][vc_column width=&#8221;1\/6&#8243;][minti_image img=&#8221;1250&#8243; img_size=&#8221;thumbnail&#8221;][\/vc_column][vc_column width=&#8221;1\/6&#8243;][minti_image img=&#8221;118&#8243; img_size=&#8221;thumbnail&#8221;][\/vc_column][vc_column width=&#8221;1\/6&#8243;][minti_image img=&#8221;1258&#8243; img_size=&#8221;thumbnail&#8221;][\/vc_column][vc_column width=&#8221;1\/6&#8243;][minti_image img=&#8221;1251&#8243; img_size=&#8221;thumbnail&#8221;][\/vc_column][vc_column width=&#8221;1\/6&#8243;][minti_image img=&#8221;1261&#8243; img_size=&#8221;thumbnail&#8221;][\/vc_column][vc_column width=&#8221;1\/6&#8243;][minti_image img=&#8221;1262&#8243; img_size=&#8221;thumbnail&#8221;][\/vc_column][\/vc_row][vc_row][vc_column width=&#8221;1\/1&#8243;][minti_spacer][\/vc_column][\/vc_row][vc_row][vc_column width=&#8221;1\/6&#8243;][\/vc_column][vc_column width=&#8221;1\/6&#8243;][minti_image img=&#8221;1264&#8243; img_size=&#8221;334&#215;269&#8243;][\/vc_column][vc_column width=&#8221;1\/6&#8243;][minti_image img=&#8221;1266&#8243; img_size=&#8221;350&#215;269&#8243;][\/vc_column][vc_column width=&#8221;1\/6&#8243;][minti_image img=&#8221;1269&#8243; img_size=&#8221;315&#215;254&#8243;][\/vc_column][vc_column width=&#8221;1\/6&#8243;][minti_image img=&#8221;1265&#8243; img_size=&#8221;334&#215;269&#8243;][\/vc_column][vc_column width=&#8221;1\/6&#8243;][\/vc_column][\/vc_row][vc_row][vc_column width=&#8221;1\/1&#8243;][minti_spacer][\/vc_column][\/vc_row][vc_row][vc_column width=&#8221;1\/1&#8243;][minti_divider][\/vc_column][\/vc_row][vc_row][vc_column width=&#8221;1\/1&#8243;][minti_title align=&#8221;left&#8221;]NOS FINANCIAN[\/minti_title][\/vc_column][\/vc_row][vc_row][vc_column width=&#8221;1\/1&#8243;][minti_spacer][\/vc_column][\/vc_row][vc_row][vc_column width=&#8221;1\/3&#8243;][minti_iconbox iconimg=&#8221;844&#8243;]<a href=\"https:\/\/council.science\/\">The International Science Council<\/a> (ISC), creado en 2018, es una ONG internacional que resulta de la fusi\u00f3n de dos anteriores: International Council for Science (ICSU) e International Social Science Council (ISSC). Re\u00fane a 40 uniones y asociaciones cient\u00edficas internacionales y a m\u00e1s de 140 nacionales y regionales. Entre 2015 y 2018, ISSC financi\u00f3 el proyecto internacional Pathways to sustainability; en ese contexto se incub\u00f3 Bioleft.<\/p>\n<p>&nbsp;<\/p>\n<p>&nbsp;<\/p>\n<p>&nbsp;<\/p>\n<p>[\/minti_iconbox][\/vc_column][vc_column width=&#8221;1\/3&#8243;][minti_iconbox iconimg=&#8221;990&#8243;]<\/p>\n<div id=\"tw-target-text-container\" class=\"tw-ta-container tw-nfl\" tabindex=\"0\">\n<p><span lang=\"es\"><a href=\"https:\/\/cfhfoundation.grantsmanagement08.com\/\">Conservation, Food and Health Foundation<\/a> (Fundaci\u00f3n Conservaci\u00f3n, Alimentos y Salud) busca proteger los recursos naturales, mejorar la producci\u00f3n y distribuci\u00f3n de alimentos y promover la salud p\u00fablica en Asia, \u00c1frica, Am\u00e9rica Latina y Medio Oriente a trav\u00e9s de subvenciones que apoyan la investigaci\u00f3n o mejoran el aprendizaje y la generaci\u00f3n de soluciones locales a problemas complejos. En 2019, Bioleft gan\u00f3 un subsidio por un a\u00f1o para desarrollar tres experimentos de campo.<br \/>\n<\/span><\/p>\n<\/div>\n<p>[\/minti_iconbox][\/vc_column][vc_column width=&#8221;1\/3&#8243;][minti_iconbox iconimg=&#8221;991&#8243;]<a href=\"https:\/\/sustainabilityoutcomes.org\/\">Global Consortium for Sustainability Outcomes<\/a> (GCSO, Consorcio Global para Resultados de Sustentabilidad) es una organizaci\u00f3n que re\u00fane a universidades, institutos de investigaci\u00f3n y corporaciones comprometidas con la sustentabilidad. Desde julio de 2019 y por un a\u00f1o, GCSO respalda la expansi\u00f3n de Bioleft en M\u00e9xico.<\/p>\n<p>[\/minti_iconbox][\/vc_column][\/vc_row][vc_column width=&#8221;1\/3&#8243;][\/vc_column]<\/p>\n","protected":false},"excerpt":{"rendered":"<p>[vc_row][vc_column][vc_column_text] Bioleft es una iniciativa de un equipo interdisciplinario de investigaci\u00f3n, conformado por personas especializadas en econom\u00eda, agronom\u00eda, ambiente, gen\u00e9tica, [&hellip;]<\/p>\n","protected":false},"author":2,"featured_media":0,"parent":0,"menu_order":0,"comment_status":"closed","ping_status":"closed","template":"","meta":{"footnotes":""},"class_list":["post-7","page","type-page","status-publish","hentry"],"_links":{"self":[{"href":"https:\/\/www.bioleft.org\/es\/wp-json\/wp\/v2\/pages\/7"}],"collection":[{"href":"https:\/\/www.bioleft.org\/es\/wp-json\/wp\/v2\/pages"}],"about":[{"href":"https:\/\/www.bioleft.org\/es\/wp-json\/wp\/v2\/types\/page"}],"author":[{"embeddable":true,"href":"https:\/\/www.bioleft.org\/es\/wp-json\/wp\/v2\/users\/2"}],"replies":[{"embeddable":true,"href":"https:\/\/www.bioleft.org\/es\/wp-json\/wp\/v2\/comments?post=7"}],"version-history":[{"count":132,"href":"https:\/\/www.bioleft.org\/es\/wp-json\/wp\/v2\/pages\/7\/revisions"}],"predecessor-version":[{"id":4254,"href":"https:\/\/www.bioleft.org\/es\/wp-json\/wp\/v2\/pages\/7\/revisions\/4254"}],"wp:attachment":[{"href":"https:\/\/www.bioleft.org\/es\/wp-json\/wp\/v2\/media?parent=7"}],"curies":[{"name":"wp","href":"https:\/\/api.w.org\/{rel}","templated":true}]}}