{"id":665,"date":"2019-12-07T00:10:54","date_gmt":"2019-12-07T00:10:54","guid":{"rendered":"http:\/\/bioleft.org\/en\/?page_id=665"},"modified":"2021-04-07T22:06:32","modified_gmt":"2021-04-07T22:06:32","slug":"licencias-vc","status":"publish","type":"page","link":"https:\/\/www.bioleft.org\/es\/licencias-vc\/","title":{"rendered":"Licencias"},"content":{"rendered":"<p>[vc_row][vc_column][vc_column_text]<\/p>\n<p>Bioleft propone un instrumento legal para la transferencia de material gen\u00e9tico (semillas) que garantice que dicho material permanecer\u00e1 disponible libremente para fines de investigaci\u00f3n y desarrollo y para el registro de nuevas variedades de semillas. Este instrumento funciona paralelamente a la legislaci\u00f3n existente en materia de propiedad intelectual, como una licencia o como una cl\u00e1usula que podr\u00eda a\u00f1adirse a un contrato. Es flexible en t\u00e9rminos de condiciones de uso, pero siempre incluir\u00e1 una cl\u00e1usula viral que asegura que las semillas mejoradas, obtenidas a partir de material Bioleft, tambi\u00e9n ser\u00e1n Bioleft, es decir, que tambi\u00e9n estar\u00e1n disponibles para investigaci\u00f3n y desarrollo y para el registro de nuevas variedades.<\/p>\n<p>[\/vc_column_text][minti_spacer][\/vc_column][\/vc_row][vc_row][vc_column width=&#8221;1\/3&#8243;][minti_iconbox iconimg=&#8221;67&#8243; title=&#8221;Multiplicaci\u00f3n abierta&#8221;]<\/p>\n<p>Se permite el uso para investigaci\u00f3n, desarrollo y registro de nuevas variedades<\/p>\n<p>Se permite el guardado de la semilla para uso propio.<\/p>\n<p>Se permite la multiplicaci\u00f3n y venta, donaci\u00f3n o intercambio posterior de la semilla tal como es, sin mejoras gen\u00e9ticas.<\/p>\n<p>&nbsp;<\/p>\n<p>[\/minti_iconbox][\/vc_column][vc_column width=&#8221;1\/3&#8243;][minti_iconbox iconimg=&#8221;69&#8243; title=&#8221;Multiplicaci\u00f3n exclusiva&#8221;]<\/p>\n<p>Se permite el uso para investigaci\u00f3n, desarrollo y registro de nuevas variedades.<\/p>\n<p>Se permite el guardado de la semilla para uso propio.<\/p>\n<p>La multiplicaci\u00f3n para venta\/ donaci\u00f3n\/ intercambio es posible s\u00f3lo bajo autorizaci\u00f3n expresa del proveedor.<\/p>\n<p>&nbsp;<\/p>\n<p>[\/minti_iconbox][\/vc_column][vc_column width=&#8221;1\/3&#8243;][minti_iconbox iconimg=&#8221;66&#8243; title=&#8221;Sin multiplicaci\u00f3n&#8221;]<\/p>\n<p>Se permite el uso para investigaci\u00f3n, desarrollo y registro de nuevas variedades.<\/p>\n<p>Se permite el guardado de la semilla para uso propio.<\/p>\n<p>No se permite multiplicar la semilla.<\/p>\n<p>&nbsp;<\/p>\n<p>[\/minti_iconbox][\/vc_column][\/vc_row]<\/p>\n<p>&nbsp;<\/p>\n<p>&nbsp;<\/p>\n","protected":false},"excerpt":{"rendered":"<p>[vc_row][vc_column][vc_column_text] Bioleft propone un instrumento legal para la transferencia de material gen\u00e9tico (semillas) que garantice que dicho material permanecer\u00e1 disponible [&hellip;]<\/p>\n","protected":false},"author":2,"featured_media":0,"parent":0,"menu_order":0,"comment_status":"closed","ping_status":"closed","template":"","meta":{"footnotes":""},"class_list":["post-665","page","type-page","status-publish","hentry"],"_links":{"self":[{"href":"https:\/\/www.bioleft.org\/es\/wp-json\/wp\/v2\/pages\/665"}],"collection":[{"href":"https:\/\/www.bioleft.org\/es\/wp-json\/wp\/v2\/pages"}],"about":[{"href":"https:\/\/www.bioleft.org\/es\/wp-json\/wp\/v2\/types\/page"}],"author":[{"embeddable":true,"href":"https:\/\/www.bioleft.org\/es\/wp-json\/wp\/v2\/users\/2"}],"replies":[{"embeddable":true,"href":"https:\/\/www.bioleft.org\/es\/wp-json\/wp\/v2\/comments?post=665"}],"version-history":[{"count":10,"href":"https:\/\/www.bioleft.org\/es\/wp-json\/wp\/v2\/pages\/665\/revisions"}],"predecessor-version":[{"id":933,"href":"https:\/\/www.bioleft.org\/es\/wp-json\/wp\/v2\/pages\/665\/revisions\/933"}],"wp:attachment":[{"href":"https:\/\/www.bioleft.org\/es\/wp-json\/wp\/v2\/media?parent=665"}],"curies":[{"name":"wp","href":"https:\/\/api.w.org\/{rel}","templated":true}]}}