{"id":590,"date":"2019-05-22T20:10:16","date_gmt":"2019-05-22T20:10:16","guid":{"rendered":"http:\/\/bioleft.org\/?page_id=590"},"modified":"2021-04-07T22:37:10","modified_gmt":"2021-04-07T22:37:10","slug":"papers-y-articulos-vc","status":"publish","type":"page","link":"https:\/\/www.bioleft.org\/es\/papers-y-articulos-vc\/","title":{"rendered":"Papers y art\u00edculos"},"content":{"rendered":"<h2><strong>Papers sobre Bioleft<br \/>\n<\/strong><\/h2>\n<p>Mar\u00edn, A., van Zwanenberg, P. y Cremaschi, A. (2021): <a href=\"https:\/\/www.bioleft.org\/bioleft-a-collaborative-open-source-seed-breeding-initiative-for-sustainable-agriculture\/\">Bioleft: A collaborative, open source seed breeding initiative for sustainable agriculture. <\/a>Una versi\u00f3n de este art\u00edculo ser\u00e1 publicada en el libro de pr\u00f3xima aparici\u00f3n\u00a0 <em>Transformative Pathways to Sustainability: Learning Across Disciplines, Cultures and Contexts<\/em> (to be published by Taylor and Francis, 2021).<\/p>\n<p><span lang=\"EN-US\">Cremaschi, A. &#038; van Zwanenberg, P. (2020) <a href=\"https:\/\/www.bioleft.org\/wp-content\/uploads\/2020\/10\/Bioleft_open_source_seeds_for_low-input_farming_systems.pdf\" target=\"_blank\" rel=\"noopener noreferrer\">Bioleft: Open Source Seeds for Low-Input Farming Systems<\/a>, <i>Journal of Fair Trade<\/i>, Vol.\u00a0<\/span><span lang=\"EN-US\">2(1): 39\u201344<\/span><\/p>\n<p>Van Zwanenberg, P., Cremaschi, A., Obaya, M., Marin, A. &#038; Lowenstein, V. (2018): <a href=\"https:\/\/www.ecologyandsociety.org\/vol23\/iss3\/art11\/\">Seeking unconventional alliances and bridging innovations in spaces for transformative change: the seed sector and agricultural sustainability in Argentina<\/a>, Ecology and Society, Vol. 23(3), 11<\/p>\n<p>&nbsp;<\/p>\n<h2><strong>Papers sobre semillas de c\u00f3digo abierto<br \/>\n<\/strong><\/h2>\n<p>Kotschi J, Horneburg B (2018) <a href=\"https:\/\/doi.org\/10.1371\/journal.pbio.3000023\">The Open Source Seed Licence: A novel approach to safeguarding access to plant germplasm<\/a>. PLoS Biol 16(10): e3000023.<\/p>\n<p>Luby CH, Goldman IL (2016) <a href=\"https:\/\/doi.org\/10.1371\/journal.pbio.1002441\">Freeing Crop Genetics through the Open Source Seed Initiative<\/a>. PLoS Biol 14(4): e1002441.<\/p>\n<p>Kloppenburg, Jack (2014) <a href=\"https:\/\/opensource.com\/sites\/default\/files\/images\/law-uploads\/Kloppenburg%202014%20re-purposing%20the%20master%27s%20tools%20%28JPS%29.pdf\">Re-purposing the master&#8217;s tools: the open source seed initiative and the struggle for seed sovereignty<\/a> (pdf), The Journal of Peasant Studies, 41:6, 1225-1246<\/p>\n<p>Aoki, Keith (2009):<a href=\"https:\/\/ir.lawnet.fordham.edu\/cgi\/viewcontent.cgi?article=4440&#038;context=flr\"> &#8220;Free Seeds, Not Free Beer&#8221;: Participatory Plant Breeding, OpenSource Seeds, and Acknowledging User Innovation in Agriculture<\/a><\/p>\n<p>&nbsp;<\/p>\n<h2><strong>Papers sobre la industria de las semillas <\/strong><\/h2>\n<p>Marin, A. and Van Zwanenberg, P. (2020). <a href=\"https:\/\/www.bioleft.org\/wp-content\/uploads\/2020\/08\/Marin-and-VanZwanenberg-transition-in-Agriculture-Argentina.pdf\">Transforming agriculture for sustainable development: an exploration of alternative practices in Argentina<\/a>. Working paper.<\/p>\n<p><span lang=\"ES\">Marin, Anabel (2015). <a href=\"http:\/\/journals.iai.spk-berlin.de\/index.php\/iberoamericana\/article\/view\/1534\/1167\">Los due\u00f1os de las plantas: \u00bfQui\u00e9n decide? \u00bfC\u00f3mo se decide?<\/a> Iberoamericana, 15(58). <\/span><\/p>\n<p><span lang=\"ES\">Marin, Anabel (2015). <a href=\"http:\/\/aargentinapciencias.org\/wp-content\/uploads\/2018\/01\/RevistasCeI\/tomo65-3\/6-Marin-cei65-3-8.pdf\">El futuro de las semillas y la agricultura en Argentina<\/a>. <\/span><span lang=\"ES-AR\">Ciencia e investigaci\u00f3n<\/span><span lang=\"ES-AR\"> 65-3.<\/span><\/p>\n<p>Howard, P. H. (2015): <a href=\"http:\/\/www.apbrebes.org\/files\/seeds\/files\/Howard_seed_industry_patents_concentration_2015.pdf\">Intellectual Property and Consolidation in the Seed Industry<\/a> (pdf). Crop Sci. 55:2489-2495.<\/p>\n<div>\n<p>&nbsp;<\/p>\n<h2>Art\u00edculos de blogs sobre Bioleft<\/h2>\n<p class=\"LC20lb\">Van Zwanenberg, P. y Marin, A (2018): <a href=\"https:\/\/steps-centre.org\/latin-america-hub\/bioleft-experimenting-with-open-source-seed-innovation-in-argentina\/\">Bioleft: experimenting with open source seed innovation in Argentina<\/a>, STEPS Centre &#8211; Pathways to sustainability Blog, 6 de junio de 2018.<\/p>\n<p>Cremaschi, A., van Zwanenberg, P. &#038; Marin, A.\u00a0\u00a0(2019) <a href=\"https:\/\/steps-centre.org\/blog\/experimentation-to-action-how-bioleft-is-helping-to-grow-an-open-source-seed-culture\/\">Experimentation to action: How Bioleft is helping to grow an open source seed culture<\/a>, STEPS Centre &#8211; Pathways to Sustainability Blog, 3 de octubre de 2019.<\/p>\n<p>Fressoli M., van Zwanenberg P. y Marin A. (2018): <a href=\"https:\/\/steps-centre.org\/blog\/from-digital-commons-to-nurturing-social-relationships-how-to-practice-open-source-ideas-with-seeds\/\">From digital commons to nurturing social relationships: How to practice open source ideas with seeds?<\/a>, STEPS Centre &#8211; Pathways to sustainability Blog,\u00a0 1 de noviembre de 2018.<\/p>\n<\/div>\n<h2><\/h2>\n<h2>Art\u00edculos publicados en medios sobre la industria de las semilllas<\/h2>\n<p><span lang=\"ES\"><a href=\"https:\/\/t.co\/5xRzz9XYW8?amp=1\">Bioleft: Beyond an open source seed system<\/a>. Por Almendra Cremaschi, Patrick van Zwanenberg, Anabel Mar\u00edn, Marcela Basch y Vanesa Lowenstein. XRDS &#8211; ACM Magazine for Students, summer issue 2020.<br \/>\n<\/span><\/p>\n<p><span lang=\"ES\"><a href=\"http:\/\/www.pagina12.com.ar\/diario\/suplementos\/cash\/43-9561-2016-08-21.html\">Los due\u00f1os de las semillas: \u00bfqui\u00e9n decide?\u00a0 <\/a><\/span>Por Anabel Mar\u00edn. Diario P\u00e1gina\/12, <span lang=\"ES\">21 de agosto de 2016.<\/span><\/p>\n<p><span lang=\"ES\">\u00a0<a href=\"http:\/\/www.pagina12.com.ar\/diario\/suplementos\/cash\/40-9455-2016-07-03.html\">\u00bfQu\u00e9 pasa si se va Monsanto?<\/a><\/span> <span lang=\"ES\"> Por Anabel Mar\u00edn. Diario P\u00e1gina\/12, 3 de julio de 2016.<\/span><\/p>\n<p><span lang=\"ES\"><a href=\"http:\/\/www.pagina12.com.ar\/diario\/suplementos\/cash\/17-9243-2016-04-03.html\">Maldici\u00f3n para el desarrollo <\/a>Por Anabel Mar\u00edn. Diario P\u00e1gina\/12, 3 de abril de 2016.<\/span><\/p>\n<h3><\/h3>\n<p>&nbsp;<\/p>\n<p>&nbsp;<\/p>\n","protected":false},"excerpt":{"rendered":"<p>Papers sobre Bioleft Mar\u00edn, A., van Zwanenberg, P. y Cremaschi, A. (2021): Bioleft: A collaborative, open source seed breeding initiative [&hellip;]<\/p>\n","protected":false},"author":2,"featured_media":0,"parent":0,"menu_order":0,"comment_status":"closed","ping_status":"closed","template":"","meta":{"footnotes":""},"class_list":["post-590","page","type-page","status-publish","hentry"],"_links":{"self":[{"href":"https:\/\/www.bioleft.org\/es\/wp-json\/wp\/v2\/pages\/590"}],"collection":[{"href":"https:\/\/www.bioleft.org\/es\/wp-json\/wp\/v2\/pages"}],"about":[{"href":"https:\/\/www.bioleft.org\/es\/wp-json\/wp\/v2\/types\/page"}],"author":[{"embeddable":true,"href":"https:\/\/www.bioleft.org\/es\/wp-json\/wp\/v2\/users\/2"}],"replies":[{"embeddable":true,"href":"https:\/\/www.bioleft.org\/es\/wp-json\/wp\/v2\/comments?post=590"}],"version-history":[{"count":36,"href":"https:\/\/www.bioleft.org\/es\/wp-json\/wp\/v2\/pages\/590\/revisions"}],"predecessor-version":[{"id":1503,"href":"https:\/\/www.bioleft.org\/es\/wp-json\/wp\/v2\/pages\/590\/revisions\/1503"}],"wp:attachment":[{"href":"https:\/\/www.bioleft.org\/es\/wp-json\/wp\/v2\/media?parent=590"}],"curies":[{"name":"wp","href":"https:\/\/api.w.org\/{rel}","templated":true}]}}