{"id":3138,"date":"2022-07-13T15:44:37","date_gmt":"2022-07-13T18:44:37","guid":{"rendered":"https:\/\/www.bioleft.org\/es\/?page_id=3138"},"modified":"2026-03-10T14:57:42","modified_gmt":"2026-03-10T17:57:42","slug":"transparencia","status":"publish","type":"page","link":"https:\/\/www.bioleft.org\/es\/transparencia\/","title":{"rendered":"Transparencia"},"content":{"rendered":"\t\t<div data-elementor-type=\"wp-page\" data-elementor-id=\"3138\" class=\"elementor elementor-3138\">\n\t\t\t\t\t\t<section class=\"elementor-section elementor-top-section elementor-element elementor-element-5e24e48 elementor-section-boxed elementor-section-height-default elementor-section-height-default\" data-id=\"5e24e48\" data-element_type=\"section\">\n\t\t\t\t\t\t<div class=\"elementor-container elementor-column-gap-default\">\n\t\t\t\t\t<div class=\"elementor-column elementor-col-100 elementor-top-column elementor-element elementor-element-4401e0e\" data-id=\"4401e0e\" data-element_type=\"column\">\n\t\t\t<div class=\"elementor-widget-wrap elementor-element-populated\">\n\t\t\t\t\t\t<div class=\"elementor-element elementor-element-b9c45f4 elementor-widget elementor-widget-text-editor\" data-id=\"b9c45f4\" data-element_type=\"widget\" data-widget_type=\"text-editor.default\">\n\t\t\t\t<div class=\"elementor-widget-container\">\n\t\t\t\t\t\t\t\t\t<p>Bioleft es un laboratorio comunitario que trabaja sobre el intercambio y el mejoramiento de semillas abiertas, con el fin de generar una mayor disponibilidad de semillas biodiversas y resilientes. Desde 2016, venimos trabajando en alianza con diferentes actores como universidades, organizaciones de agricultores, el INTA y con al apoyo de diferentes organismos locales e internacionales.<\/p><p>El presente reporte busca dar cuenta de la gesti\u00f3n de los diferentes recursos con que Bioleft se lleva adelante desde sus inicios hasta el presente, en l\u00ednea con nuestra pol\u00edtica de transparencia. El recorrido de Bioleft puede dividirse en tres etapas: 1) incubaci\u00f3n; 2) experimentaci\u00f3n; 3) piloto y scaling up. <\/p>\t\t\t\t\t\t\t\t<\/div>\n\t\t\t\t<\/div>\n\t\t\t\t<div class=\"elementor-element elementor-element-bf7dd6c elementor-widget elementor-widget-image\" data-id=\"bf7dd6c\" data-element_type=\"widget\" data-no-translation=\"\" data-widget_type=\"image.default\">\n\t\t\t\t<div class=\"elementor-widget-container\">\n\t\t\t\t\t\t\t\t\t\t\t\t\t\t\t<img fetchpriority=\"high\" decoding=\"async\" width=\"680\" height=\"106\" src=\"https:\/\/www.bioleft.org\/wp-content\/uploads\/2024\/10\/grafico-1-transparencia-bioleft-1024x160.png\" class=\"attachment-large size-large wp-image-4325\" alt=\"\" srcset=\"https:\/\/www.bioleft.org\/wp-content\/uploads\/2024\/10\/grafico-1-transparencia-bioleft-1024x160.png 1024w, https:\/\/www.bioleft.org\/wp-content\/uploads\/2024\/10\/grafico-1-transparencia-bioleft-300x47.png 300w, https:\/\/www.bioleft.org\/wp-content\/uploads\/2024\/10\/grafico-1-transparencia-bioleft-768x120.png 768w, https:\/\/www.bioleft.org\/wp-content\/uploads\/2024\/10\/grafico-1-transparencia-bioleft-1536x240.png 1536w, https:\/\/www.bioleft.org\/wp-content\/uploads\/2024\/10\/grafico-1-transparencia-bioleft-18x3.png 18w, https:\/\/www.bioleft.org\/wp-content\/uploads\/2024\/10\/grafico-1-transparencia-bioleft.png 1920w\" sizes=\"(max-width: 680px) 100vw, 680px\" \/>\t\t\t\t\t\t\t\t\t\t\t\t\t\t\t<\/div>\n\t\t\t\t<\/div>\n\t\t\t\t<div class=\"elementor-element elementor-element-b28ff4b elementor-widget elementor-widget-image\" data-id=\"b28ff4b\" data-element_type=\"widget\" data-no-translation=\"\" data-widget_type=\"image.default\">\n\t\t\t\t<div class=\"elementor-widget-container\">\n\t\t\t\t\t<style>.elementor-element-b28ff4b{display:none !important}<\/style>\t\t\t\t<\/div>\n\t\t\t\t<\/div>\n\t\t\t\t<div class=\"elementor-element elementor-element-4d2a0be elementor-widget elementor-widget-text-editor\" data-id=\"4d2a0be\" data-element_type=\"widget\" data-widget_type=\"text-editor.default\">\n\t\t\t\t<div class=\"elementor-widget-container\">\n\t\t\t\t\t\t\t\t\t<p>Entre su incubaci\u00f3n en 2016 y 2024 Bioleft gestion\u00f3 un total de<strong> U$S<\/strong> <strong>389.784<\/strong> que provinieron de 8 fuentes de financiamiento internacionales y locales.\u00a0<\/p><p><strong>Incubaci\u00f3n: <\/strong><\/p><p>En 2015 un grupo de investigaci\u00f3n de CENIT (Centro de Investigaci\u00f3n para la Transformaci\u00f3n) obtuvo un financiamiento del <strong>International Science Council<\/strong> (ISC) en el marco del proyecto \u201cPathways to sustainability\u201d con el fin de explorar diferentes senderos a la sustentabilidad en contextos diversos a partir del co-dise\u00f1o de Laboratorios de Transformaci\u00f3n (T-labs). El equipo de Argentina, bas\u00e1ndose en los debates por las propuestas de cambio de la Ley de Semillas, comenz\u00f3 a generar espacios de di\u00e1logo multiactor (T-labs) con el fin de reflexionar sobre los problemas del sector y generar innovaciones que pudieran abordar tales desaf\u00edos. Ver m\u00e1s <a href=\"https:\/\/www.ecologyandsociety.org\/vol23\/iss3\/art11\">aqu\u00ed.<\/a><\/p><p>La etapa de incubaci\u00f3n del proyecto, que comenz\u00f3 en diciembre de 2015 y finaliz\u00f3 en agosto de 2016, cuando se decidi\u00f3 el nombre Bioleft, fue financiada por el ISC, quien aport\u00f3 U$S 144.000 (\u20ac120.000)<\/p><p><strong>Experimentaci\u00f3n<\/strong>:<\/p><p>La etapa experimental, que comenz\u00f3 en 2016 y tuvo lugar hasta 2019. Estos tres a\u00f1os fueron financiados por el aporte del ISC. Este per\u00edodo se destac\u00f3 por la creaci\u00f3n y el desarrollo de las primeras versiones de la plataforma, la instalaci\u00f3n de los experimentos en los cultivos de ma\u00edz y tomate, la creaci\u00f3n de redes de actores, el dise\u00f1o y la aplicaci\u00f3n de licencias de c\u00f3digo abierto, y el fortalecimiento institucional del proyecto.<\/p><p><strong>Piloto: <\/strong><\/p><p>Este per\u00edodo incluye los a\u00f1os que van desde 2019 hasta la actualidad. Durante este per\u00edodo, Bioleft se dedic\u00f3 a profundizar los conocimientos sobre mejoramiento participativo, ampliar y fortalecer sus redes, diversificar las funcionalidades de la plataforma, fomentar la formaci\u00f3n de capacidades en mejoramiento, aumentar el alcance de los usuarios, poner a prueba las innovaciones sociales, legales y tecnol\u00f3gicas y, entre otras cosas, participar en distintas instancias de aprendizaje cruzado.<\/p><p>Tambi\u00e9n comenz\u00f3 a replicar su experiencia piloto en nuevos contextos, como el M\u00e9xico, donde durante 2019 trabaj\u00f3 en conjunto con el Laboratorio Nacional de Ciencias de la Sostenibilidad (LANCIS) de la Universidad Nacional Aut\u00f3noma de M\u00e9xico (UNAM) para replicar la iniciativa Bioleft en ese pa\u00eds. Para ello, el <strong>Global Consortium for Sustainability Outcomes <\/strong>(GCSO) aport\u00f3 U$S 10.000. Ver m\u00e1s sobre el trabajo conjunto <a href=\"https:\/\/lancis.ecologia.unam.mx\/assets\/semillas_para_el_bien_comun.pdf\">aqu\u00ed<\/a>.<\/p><p>A partir del 2019, <strong>The Conservation Food and Health Foundation <\/strong>(CFH) aport\u00f3 U$S 30.000 anuales, que Bioleft consigui\u00f3 renovar cada julio logrando un total, para todo el per\u00edodo, de U$S 120.000. En 2023, producto de la confianza generada a lo largo de este tiempo, la fundaci\u00f3n aport\u00f3 U$S 77.000 y por primera vez para un per\u00edodo de dos a\u00f1os en vez de uno, permitiendo as\u00ed una mayor y mejor proyecci\u00f3n de nuestras actividades.<\/p><p>En el per\u00edodo 2019-2021 el <strong>Centro STEPS <\/strong>contribuy\u00f3 con \u00a33.000 anuales, que en total fueron \u00a39.000 (si tomamos un tipo de cambio GBP\/USD para cada a\u00f1o, el monto fue de U$S 11.640). Por otro lado, la <strong>Escuela de Econom\u00eda y Negocios<\/strong> (EEYN) de la <strong>Universidad Nacional de San Mart\u00edn<\/strong> (UNSAM) aport\u00f3 financiamiento indirecto, al ofrecer no solo soporte legal y administrativo, sino tambi\u00e9n oficinas, equipamiento inform\u00e1tico, el salario de un asistente de investigaci\u00f3n y diversas facilidades de investigaci\u00f3n. <strong>Medialab Prado, <\/strong>Madrid, en enero del 2019, apoy\u00f3 el desarrollo de la plataforma Bioleft a trav\u00e9s de la invitaci\u00f3n a ser uno de los proyectos de trabajo durante el encuentro \u201cComer contra el colapso\u201d, que dur\u00f3 un mes. Ver m\u00e1s <a href=\"https:\/\/www.medialab-prado.es\/proyectos\/bioleft\">aqu\u00ed<\/a>.<\/p><p>Tambi\u00e9n en 2023, Bioleft result\u00f3 uno de los proyectos elegidos por el <strong>Pathways Communication Grant de FutureEarth<\/strong>, el cual subvenciona la difusi\u00f3n de los hallazgos cient\u00edficos de los proyectos de investigaci\u00f3n basados en el lugar a trav\u00e9s de formatos y pr\u00e1cticas innovadoras. Bioleft gan\u00f3 dos convocatorias de \u20ac10.000 cada una provenientes de <strong>Future Earth<\/strong> (U$S 22.000 en total).<\/p><p>Adem\u00e1s, Bioleft recibi\u00f3 el primer subsidio para proyectos de Ciencia Ciudadana <strong>del Ministerio de Ciencia, Tecnolog\u00eda e Innovaci\u00f3n de la Naci\u00f3n (MINCyT)<\/strong> en el 2023, por un valor de $5.000.000 (aproximadamente, U$S 5.144).<\/p><p>Durante 2025, Bioleft obtuvo un nuevo financiamiento de <strong>The Conservation Food and Health Foundation<\/strong> (CFH) por un total de U$S 100.000, extendi\u00e9ndose hasta 2027. En ese mismo periodo, la <strong>Universidad Nacional de San Mart\u00edn,<\/strong> bajo el programa <strong>UNSAM-Investiga<\/strong>, otorg\u00f3 un aporte de $10.140.000 (aprox. U$S 7.000). Finalmente, se sum\u00f3 la contribuci\u00f3n de <strong>Global Shapers<\/strong> por un total de $1.161.109 (U$S 750).<\/p><p>Bioleft es respaldado por el trabajo voluntario de investigadorxs, tecnicxs, agricultorxs, extensionistas, mejoradorxs y activistas de diversas instituciones p\u00fablicas y de la sociedad civil. Esta red, que conforma el equipo t\u00e9cnico de Bioleft se ha expandido desde sus inicios:<\/p>\t\t\t\t\t\t\t\t<\/div>\n\t\t\t\t<\/div>\n\t\t\t\t<div class=\"elementor-element elementor-element-29f32a6 elementor-widget elementor-widget-image\" data-id=\"29f32a6\" data-element_type=\"widget\" data-no-translation=\"\" data-widget_type=\"image.default\">\n\t\t\t\t<div class=\"elementor-widget-container\">\n\t\t\t\t\t\t\t\t\t\t\t\t\t\t\t<img decoding=\"async\" width=\"566\" height=\"283\" src=\"https:\/\/www.bioleft.org\/wp-content\/uploads\/2024\/10\/grafico-2-transparencia-bioleft.png\" class=\"attachment-large size-large wp-image-4326\" alt=\"\" srcset=\"https:\/\/www.bioleft.org\/wp-content\/uploads\/2024\/10\/grafico-2-transparencia-bioleft.png 566w, https:\/\/www.bioleft.org\/wp-content\/uploads\/2024\/10\/grafico-2-transparencia-bioleft-300x150.png 300w, https:\/\/www.bioleft.org\/wp-content\/uploads\/2024\/10\/grafico-2-transparencia-bioleft-18x9.png 18w\" sizes=\"(max-width: 566px) 100vw, 566px\" \/>\t\t\t\t\t\t\t\t\t\t\t\t\t\t\t<\/div>\n\t\t\t\t<\/div>\n\t\t\t\t<div class=\"elementor-element elementor-element-5d81029 elementor-widget elementor-widget-image\" data-id=\"5d81029\" data-element_type=\"widget\" data-no-translation=\"\" data-widget_type=\"image.default\">\n\t\t\t\t<div class=\"elementor-widget-container\">\n\t\t\t\t\t<style>.elementor-element-5d81029{display:none !important}<\/style>\t\t\t\t<\/div>\n\t\t\t\t<\/div>\n\t\t\t\t<div class=\"elementor-element elementor-element-c112a3a elementor-widget elementor-widget-text-editor\" data-id=\"c112a3a\" data-element_type=\"widget\" data-widget_type=\"text-editor.default\">\n\t\t\t\t<div class=\"elementor-widget-container\">\n\t\t\t\t\t\t\t\t\t<p>Adem\u00e1s, durante estos a\u00f1os se publicaron trabajos acad\u00e9micos y art\u00edculos de opini\u00f3n, se lanzaron productos audiovisuales, se desarrollaron workshops virtuales y presenciales, se conformaron redes de productores y mejoradores en varios cultivos y se desarroll\u00f3 una plataforma virtual.<\/p>\t\t\t\t\t\t\t\t<\/div>\n\t\t\t\t<\/div>\n\t\t\t\t\t<\/div>\n\t\t<\/div>\n\t\t\t\t\t<\/div>\n\t\t<\/section>\n\t\t\t\t<\/div>\n\t\t","protected":false},"excerpt":{"rendered":"<p>Bioleft es un laboratorio comunitario que trabaja sobre el intercambio y el mejoramiento de semillas abiertas, con el fin de [&hellip;]<\/p>\n","protected":false},"author":6,"featured_media":0,"parent":0,"menu_order":0,"comment_status":"closed","ping_status":"closed","template":"template-full-width.php","meta":{"footnotes":""},"class_list":["post-3138","page","type-page","status-publish","hentry"],"_links":{"self":[{"href":"https:\/\/www.bioleft.org\/es\/wp-json\/wp\/v2\/pages\/3138"}],"collection":[{"href":"https:\/\/www.bioleft.org\/es\/wp-json\/wp\/v2\/pages"}],"about":[{"href":"https:\/\/www.bioleft.org\/es\/wp-json\/wp\/v2\/types\/page"}],"author":[{"embeddable":true,"href":"https:\/\/www.bioleft.org\/es\/wp-json\/wp\/v2\/users\/6"}],"replies":[{"embeddable":true,"href":"https:\/\/www.bioleft.org\/es\/wp-json\/wp\/v2\/comments?post=3138"}],"version-history":[{"count":78,"href":"https:\/\/www.bioleft.org\/es\/wp-json\/wp\/v2\/pages\/3138\/revisions"}],"predecessor-version":[{"id":5501,"href":"https:\/\/www.bioleft.org\/es\/wp-json\/wp\/v2\/pages\/3138\/revisions\/5501"}],"wp:attachment":[{"href":"https:\/\/www.bioleft.org\/es\/wp-json\/wp\/v2\/media?parent=3138"}],"curies":[{"name":"wp","href":"https:\/\/api.w.org\/{rel}","templated":true}]}}