{"id":2114,"date":"2021-06-07T19:26:26","date_gmt":"2021-06-07T19:26:26","guid":{"rendered":"https:\/\/www.bioleft.org\/es\/?page_id=2114"},"modified":"2024-08-30T14:31:18","modified_gmt":"2024-08-30T17:31:18","slug":"material-de-interes","status":"publish","type":"page","link":"https:\/\/www.bioleft.org\/es\/material-de-interes\/","title":{"rendered":"Material de inter\u00e9s"},"content":{"rendered":"\t\t<div data-elementor-type=\"wp-page\" data-elementor-id=\"2114\" class=\"elementor elementor-2114\">\n\t\t\t\t\t\t<section class=\"elementor-section elementor-top-section elementor-element elementor-element-5d6a480 elementor-section-boxed elementor-section-height-default elementor-section-height-default\" data-id=\"5d6a480\" data-element_type=\"section\">\n\t\t\t\t\t\t<div class=\"elementor-container elementor-column-gap-default\">\n\t\t\t\t\t<div class=\"elementor-column elementor-col-100 elementor-top-column elementor-element elementor-element-148bfa7\" data-id=\"148bfa7\" data-element_type=\"column\">\n\t\t\t<div class=\"elementor-widget-wrap elementor-element-populated\">\n\t\t\t\t\t\t<div class=\"elementor-element elementor-element-7b162f8 elementor-widget elementor-widget-text-editor\" data-id=\"7b162f8\" data-element_type=\"widget\" data-widget_type=\"text-editor.default\">\n\t\t\t\t<div class=\"elementor-widget-container\">\n\t\t\t\t\t\t\t\t\t<h4>Repositorio sobre t\u00e9cnicas participativas<\/h4><ul><li><a href=\"https:\/\/padlet.com\/acremaschi\/t-cnicas-participativas-para-talleres-en-ciencia-ciudadana-i3qr34i5pc9t3la1\">T\u00e9cnicas participativas para talleres en Ciencia Ciudadana &#8211; Almendra Cremaschi<\/a><\/li><\/ul>\t\t\t\t\t\t\t\t<\/div>\n\t\t\t\t<\/div>\n\t\t\t\t\t<\/div>\n\t\t<\/div>\n\t\t\t\t\t<\/div>\n\t\t<\/section>\n\t\t\t\t<section class=\"elementor-section elementor-top-section elementor-element elementor-element-708b030 elementor-section-boxed elementor-section-height-default elementor-section-height-default\" data-id=\"708b030\" data-element_type=\"section\">\n\t\t\t\t\t\t<div class=\"elementor-container elementor-column-gap-default\">\n\t\t\t\t\t<div class=\"elementor-column elementor-col-100 elementor-top-column elementor-element elementor-element-f411794\" data-id=\"f411794\" data-element_type=\"column\">\n\t\t\t<div class=\"elementor-widget-wrap elementor-element-populated\">\n\t\t\t\t\t\t<div class=\"elementor-element elementor-element-25e4ff4 elementor-widget elementor-widget-text-editor\" data-id=\"25e4ff4\" data-element_type=\"widget\" data-widget_type=\"text-editor.default\">\n\t\t\t\t<div class=\"elementor-widget-container\">\n\t\t\t\t\t\t\t\t\t<h4>Art\u00edculos cient\u00edficos sobre semillas de c\u00f3digo abierto<\/h4><ul><li>Kotschi J, Horneburg B (2018)\u00a0<a href=\"https:\/\/doi.org\/10.1371\/journal.pbio.3000023\"><strong>The Open Source Seed Licence: A novel approach to safeguarding access to plant germplasm<\/strong><\/a>. PLoS Biol 16(10): e3000023.<\/li><li>Luby CH, Goldman IL (2016)\u00a0<a href=\"https:\/\/doi.org\/10.1371\/journal.pbio.1002441\"><strong>Freeing Crop Genetics through the Open Source Seed Initiative<\/strong><\/a>. PLoS Biol 14(4): e1002441.<\/li><li>Kloppenburg, Jack (2014)\u00a0<a href=\"https:\/\/opensource.com\/sites\/default\/files\/images\/law-uploads\/Kloppenburg%202014%20re-purposing%20the%20master%27s%20tools%20%28JPS%29.pdf\"><strong>Re-purposing the master\u2019s tools: the open source seed initiative and the struggle for seed sovereignty<\/strong><\/a>(pdf), The Journal of Peasant Studies, 41:6, 1225-1246<\/li><li>Aoki, Keith (2009):<a href=\"https:\/\/ir.lawnet.fordham.edu\/cgi\/viewcontent.cgi?article=4440&amp;context=flr\"><strong>\u201cFree Seeds, Not Free Beer\u201d: Participatory Plant Breeding, OpenSource Seeds, and Acknowledging User Innovation in Agriculture<\/strong><\/a><\/li><\/ul>\t\t\t\t\t\t\t\t<\/div>\n\t\t\t\t<\/div>\n\t\t\t\t\t<\/div>\n\t\t<\/div>\n\t\t\t\t\t<\/div>\n\t\t<\/section>\n\t\t\t\t<section class=\"elementor-section elementor-top-section elementor-element elementor-element-5b6f378 elementor-section-boxed elementor-section-height-default elementor-section-height-default\" data-id=\"5b6f378\" data-element_type=\"section\">\n\t\t\t\t\t\t<div class=\"elementor-container elementor-column-gap-default\">\n\t\t\t\t\t<div class=\"elementor-column elementor-col-100 elementor-top-column elementor-element elementor-element-61743b0\" data-id=\"61743b0\" data-element_type=\"column\">\n\t\t\t<div class=\"elementor-widget-wrap elementor-element-populated\">\n\t\t\t\t\t\t<div class=\"elementor-element elementor-element-46810af elementor-widget elementor-widget-text-editor\" data-id=\"46810af\" data-element_type=\"widget\" data-widget_type=\"text-editor.default\">\n\t\t\t\t<div class=\"elementor-widget-container\">\n\t\t\t\t\t\t\t\t\t<h4>Art\u00edculos cient\u00edficos sobre la industria de las semillas<\/h4><ul><li>Marin, A. and Van Zwanenberg, P. (2020).\u00a0<a href=\"https:\/\/www.bioleft.org\/wp-content\/uploads\/2020\/08\/Marin-and-VanZwanenberg-transition-in-Agriculture-Argentina.pdf\"><strong>Transforming agriculture for sustainable development: an exploration of alternative practices in Argentina<\/strong><\/a>. Working paper.<\/li><li>Marin, Anabel (2015).\u00a0<a href=\"http:\/\/journals.iai.spk-berlin.de\/index.php\/iberoamericana\/article\/view\/1534\/1167\"><strong>Los due\u00f1os de las plantas: \u00bfQui\u00e9n decide? \u00bfC\u00f3mo se decide?<\/strong><\/a>Iberoamericana, 15(58).<\/li><li>Marin, Anabel (2015).\u00a0<a href=\"http:\/\/aargentinapciencias.org\/wp-content\/uploads\/2018\/01\/RevistasCeI\/tomo65-3\/6-Marin-cei65-3-8.pdf\"><strong>El futuro de las semillas y la agricultura en Argentina<\/strong><\/a>.\u00a0Ciencia e investigaci\u00f3n\u00a065-3.<\/li><li>Howard, P. H. (2015):\u00a0<a href=\"http:\/\/www.apbrebes.org\/files\/seeds\/files\/Howard_seed_industry_patents_concentration_2015.pdf\"><strong>Intellectual Property and Consolidation in the Seed Industry<\/strong><\/a>(pdf). Crop Sci. 55:2489-2495.<\/li><\/ul>\t\t\t\t\t\t\t\t<\/div>\n\t\t\t\t<\/div>\n\t\t\t\t\t<\/div>\n\t\t<\/div>\n\t\t\t\t\t<\/div>\n\t\t<\/section>\n\t\t\t\t<\/div>\n\t\t","protected":false},"excerpt":{"rendered":"<p>Repositorio sobre t\u00e9cnicas participativas T\u00e9cnicas participativas para talleres en Ciencia Ciudadana &#8211; Almendra Cremaschi Art\u00edculos cient\u00edficos sobre semillas de c\u00f3digo [&hellip;]<\/p>\n","protected":false},"author":6,"featured_media":0,"parent":0,"menu_order":0,"comment_status":"closed","ping_status":"closed","template":"template-full-width.php","meta":{"footnotes":""},"class_list":["post-2114","page","type-page","status-publish","hentry"],"_links":{"self":[{"href":"https:\/\/www.bioleft.org\/es\/wp-json\/wp\/v2\/pages\/2114"}],"collection":[{"href":"https:\/\/www.bioleft.org\/es\/wp-json\/wp\/v2\/pages"}],"about":[{"href":"https:\/\/www.bioleft.org\/es\/wp-json\/wp\/v2\/types\/page"}],"author":[{"embeddable":true,"href":"https:\/\/www.bioleft.org\/es\/wp-json\/wp\/v2\/users\/6"}],"replies":[{"embeddable":true,"href":"https:\/\/www.bioleft.org\/es\/wp-json\/wp\/v2\/comments?post=2114"}],"version-history":[{"count":31,"href":"https:\/\/www.bioleft.org\/es\/wp-json\/wp\/v2\/pages\/2114\/revisions"}],"predecessor-version":[{"id":4220,"href":"https:\/\/www.bioleft.org\/es\/wp-json\/wp\/v2\/pages\/2114\/revisions\/4220"}],"wp:attachment":[{"href":"https:\/\/www.bioleft.org\/es\/wp-json\/wp\/v2\/media?parent=2114"}],"curies":[{"name":"wp","href":"https:\/\/api.w.org\/{rel}","templated":true}]}}