{"id":1669,"date":"2021-04-08T00:03:22","date_gmt":"2021-04-08T03:03:22","guid":{"rendered":"https:\/\/www.bioleft.org\/?page_id=1669"},"modified":"2024-09-06T15:02:44","modified_gmt":"2024-09-06T18:02:44","slug":"blog-y-prensa","status":"publish","type":"page","link":"https:\/\/www.bioleft.org\/es\/blog-y-prensa\/","title":{"rendered":"Blog y prensa"},"content":{"rendered":"\t\t<div data-elementor-type=\"wp-page\" data-elementor-id=\"1669\" class=\"elementor elementor-1669\">\n\t\t\t\t\t\t<section class=\"elementor-section elementor-top-section elementor-element elementor-element-e208c52 elementor-section-boxed elementor-section-height-default elementor-section-height-default\" data-id=\"e208c52\" data-element_type=\"section\">\n\t\t\t\t\t\t<div class=\"elementor-container elementor-column-gap-default\">\n\t\t\t\t\t<div class=\"elementor-column elementor-col-100 elementor-top-column elementor-element elementor-element-83508a5\" data-id=\"83508a5\" data-element_type=\"column\">\n\t\t\t<div class=\"elementor-widget-wrap elementor-element-populated\">\n\t\t\t\t\t\t<div class=\"elementor-element elementor-element-889653d elementor-widget elementor-widget-text-editor\" data-id=\"889653d\" data-element_type=\"widget\" data-widget_type=\"text-editor.default\">\n\t\t\t\t<div class=\"elementor-widget-container\">\n\t\t\t\t\t\t\t\t\t<h4><strong>Art\u00edculos de blogs sobre Bioleft <\/strong><\/h4><ul><li>Cremaschi, A.; Lowenstein, V.; dos Santos, MP. (2022) <a href=\"https:\/\/www.bioleft.org\/es\/2022\/12\/27\/bioleft-en-ciencia-mostra\/\"><strong>Del feminismo a la semilla: \u00bfco\u0301mo deconstruir el lenguaje de propiedad intelectual en semillas?<\/strong><\/a><\/li><li>Cremaschi, A., Marin, A., Van Zwanenberg, P., y Lowenstein, (2019) Seeds Keep Wisdom Alive. <em>Food Phreaking ISSUE 04 seeds<\/em>. ISSN 2372-6504 <a href=\"https:\/\/ri.conicet.gov.ar\/handle\/11336\/175509\">Versi\u00f3n en Espa\u00f1ol.<\/a><\/li><li>Cremaschi, A., van Zwanenberg, P. &amp; Marin, A.\u00a0\u00a0(2019)\u00a0<a href=\"https:\/\/steps-centre.org\/blog\/experimentation-to-action-how-bioleft-is-helping-to-grow-an-open-source-seed-culture\/\"><strong>Experimentation to action: How Bioleft is helping to grow an open source seed culture<\/strong><\/a>, STEPS Centre \u2013 Pathways to Sustainability Blog, 3 de octubre de 2019.<\/li><li>Van Zwanenberg, P. y Marin, A (2018):\u00a0<a href=\"https:\/\/steps-centre.org\/latin-america-hub\/bioleft-experimenting-with-open-source-seed-innovation-in-argentina\/\"><strong>Bioleft: experimenting with open source seed innovation in Argentina<\/strong><\/a>, STEPS Centre \u2013 Pathways to sustainability Blog, 6 de junio de 2018.<\/li><li>Fressoli M., van Zwanenberg P. y Marin A. (2018):\u00a0<a href=\"https:\/\/steps-centre.org\/blog\/from-digital-commons-to-nurturing-social-relationships-how-to-practice-open-source-ideas-with-seeds\/\"><strong>From digital commons to nurturing social relationships: How to practice open source ideas with seeds?<\/strong><\/a>, STEPS Centre \u2013 Pathways to sustainability Blog,\u00a0 1 de noviembre de 2018.<\/li><li>Cremaschi, A., Salgado, J., Aragon, D. R., Jaime, L. R., Vazquez, F., Padilla, M., &#8230; &amp; Mancha, J. P. (2018). <a href=\"https:\/\/www.medialab-matadero.es\/sites\/default\/files\/inline-files\/Ficha%20proyecto_BioLeft_Interactivos_%2719-2.pdf\">Bioleft-semillas abiertas: plataforma para el intercambio, conservaci\u00f3n (protecci\u00f3n?) y mejoramiento de semillas y plantones<\/a>.<\/li><\/ul>\t\t\t\t\t\t\t\t<\/div>\n\t\t\t\t<\/div>\n\t\t\t\t\t<\/div>\n\t\t<\/div>\n\t\t\t\t\t<\/div>\n\t\t<\/section>\n\t\t\t\t<section class=\"elementor-section elementor-top-section elementor-element elementor-element-1e925e6 elementor-section-boxed elementor-section-height-default elementor-section-height-default\" data-id=\"1e925e6\" data-element_type=\"section\">\n\t\t\t\t\t\t<div class=\"elementor-container elementor-column-gap-default\">\n\t\t\t\t\t<div class=\"elementor-column elementor-col-100 elementor-top-column elementor-element elementor-element-e5669e7\" data-id=\"e5669e7\" data-element_type=\"column\">\n\t\t\t<div class=\"elementor-widget-wrap elementor-element-populated\">\n\t\t\t\t\t\t<div class=\"elementor-element elementor-element-50347f5 elementor-widget elementor-widget-text-editor\" data-id=\"50347f5\" data-element_type=\"widget\" data-widget_type=\"text-editor.default\">\n\t\t\t\t<div class=\"elementor-widget-container\">\n\t\t\t\t\t\t\t\t\t<h4>Bioleft en los medios<\/h4><ul><li><a href=\"https:\/\/latinta.com.ar\/2023\/08\/09\/ciencia-ciudadana-recupera-sabores\/\"><strong>Ciencia ciudadana recupera sabores<\/strong><\/a> &#8211; 2023 &#8211; La tinta<\/li><li><a href=\"https:\/\/www.infocampo.com.ar\/mejoramiento-genetico-casero-pequenos-productores-buscan-sus-propias-variedades-de-maiz\/\"><strong>Mejoramiento gen\u00e9tico casero: peque\u00f1os productores buscan sus propias variedades de ma\u00edz<\/strong> <\/a>&#8211; 2023 &#8211; InfoCampo<\/li><li><a href=\"http:\/\/10.\thttps:\/\/www.ecologicalimaginaries.com\/events\/session-1\" data-wplink-url-error=\"true\"><strong>Online Session 1: In the soil w. Bioleft<\/strong><\/a> &#8211; 2023 &#8211; Ecological Imaginaries<\/li><li><a href=\"http:\/\/3.\thttps:\/\/civis.ibict.br\/project\/277\" data-wplink-url-error=\"true\"><strong>CIVIS Project<\/strong><\/a> &#8211; 2023 &#8211; IBICT<\/li><li><a href=\"https:\/\/www.bioleft.org\/es\/2022\/06\/06\/el-codigo-y-la-semilla-bioleft-en-pulsar\/\"><strong>El c\u00f3digo y la semilla<\/strong><\/a> &#8211; 2022 &#8211; Puls.ar<\/li><li><a href=\"http:\/\/6.\thttps:\/\/futurenatures.org\/bioleft-open-seeds\/\" data-wplink-url-error=\"true\"><strong>Bioleft: Open Seeds<\/strong> <\/a>&#8211; 2022 &#8211; Future Natures<\/li><li><a href=\"https:\/\/noticias.unsam.edu.ar\/2020\/06\/04\/bioleft-un-laboratorio-de-investigacion-y-codiseno-de-semillas-para-el-sector-agricola\/\"><strong>Bioleft: Un laboratorio de investigaci\u00f3n y codise\u00f1o de semillas para el sector agr\u00edcola<\/strong><\/a> &#8211; 2020 &#8211; UNSAM Noticias<\/li><li><a href=\"http:\/\/7.\thttps:\/\/www.teseopress.com\/diccionarioagro\/chapter\/semillas-abiertas-america-latina-2010-2021\/\" data-wplink-url-error=\"true\"><strong>Semillas Abiertas: Am\u00e9rica Latina 2010-2021<\/strong> <\/a>&#8211; 2020 &#8211; Teseo Press<\/li><li><a href=\"http:\/\/2.\thttps:\/\/mediaparty2019.sched.com\/event\/UBve\/bioleft\" data-wplink-url-error=\"true\"><strong>Bioleft<\/strong><\/a> &#8211; 2019 &#8211; Media Part<\/li><li><a href=\"http:\/\/8.\thttps:\/\/dialogue.earth\/es\/alimentos\/12194-la-batalla-de-las-semillas-en-argentina\/\" data-wplink-url-error=\"true\"><strong>La batalla de las semillas en Argentina<\/strong><\/a> &#8211; 2018 &#8211; Dialogue Earth<\/li><\/ul>\t\t\t\t\t\t\t\t<\/div>\n\t\t\t\t<\/div>\n\t\t\t\t\t<\/div>\n\t\t<\/div>\n\t\t\t\t\t<\/div>\n\t\t<\/section>\n\t\t\t\t<\/div>\n\t\t","protected":false},"excerpt":{"rendered":"<p>Algunos art\u00edculos y notas sobre Bioleft en medios de comunicaci\u00f3n:\u00a0 Ciencia ciudadana que recupera sabores &#8211; Agencia TSS &#8211; Julio [&hellip;]<\/p>\n","protected":false},"author":6,"featured_media":0,"parent":0,"menu_order":0,"comment_status":"closed","ping_status":"closed","template":"template-full-width.php","meta":{"footnotes":""},"class_list":["post-1669","page","type-page","status-publish","hentry"],"_links":{"self":[{"href":"https:\/\/www.bioleft.org\/es\/wp-json\/wp\/v2\/pages\/1669"}],"collection":[{"href":"https:\/\/www.bioleft.org\/es\/wp-json\/wp\/v2\/pages"}],"about":[{"href":"https:\/\/www.bioleft.org\/es\/wp-json\/wp\/v2\/types\/page"}],"author":[{"embeddable":true,"href":"https:\/\/www.bioleft.org\/es\/wp-json\/wp\/v2\/users\/6"}],"replies":[{"embeddable":true,"href":"https:\/\/www.bioleft.org\/es\/wp-json\/wp\/v2\/comments?post=1669"}],"version-history":[{"count":24,"href":"https:\/\/www.bioleft.org\/es\/wp-json\/wp\/v2\/pages\/1669\/revisions"}],"predecessor-version":[{"id":4213,"href":"https:\/\/www.bioleft.org\/es\/wp-json\/wp\/v2\/pages\/1669\/revisions\/4213"}],"wp:attachment":[{"href":"https:\/\/www.bioleft.org\/es\/wp-json\/wp\/v2\/media?parent=1669"}],"curies":[{"name":"wp","href":"https:\/\/api.w.org\/{rel}","templated":true}]}}