{"id":1650,"date":"2021-04-07T22:19:04","date_gmt":"2021-04-07T22:19:04","guid":{"rendered":"https:\/\/www.bioleft.org\/?page_id=1650"},"modified":"2021-04-08T13:36:47","modified_gmt":"2021-04-08T13:36:47","slug":"recursos","status":"publish","type":"page","link":"https:\/\/www.bioleft.org\/es\/recursos\/","title":{"rendered":"Recursos"},"content":{"rendered":"\t\t<div data-elementor-type=\"wp-page\" data-elementor-id=\"1650\" class=\"elementor elementor-1650\">\n\t\t\t\t\t\t<section class=\"elementor-section elementor-top-section elementor-element elementor-element-0718934 elementor-section-boxed elementor-section-height-default elementor-section-height-default\" data-id=\"0718934\" data-element_type=\"section\">\n\t\t\t\t\t\t<div class=\"elementor-container elementor-column-gap-default\">\n\t\t\t\t\t<div class=\"elementor-column elementor-col-50 elementor-top-column elementor-element elementor-element-9005aea\" data-id=\"9005aea\" data-element_type=\"column\">\n\t\t\t<div class=\"elementor-widget-wrap elementor-element-populated\">\n\t\t\t\t\t\t<div class=\"elementor-element elementor-element-8ffb369 elementor-widget elementor-widget-text-editor\" data-id=\"8ffb369\" data-element_type=\"widget\" data-widget_type=\"text-editor.default\">\n\t\t\t\t<div class=\"elementor-widget-container\">\n\t\t\t\t\t\t\t\t\t<h3>Papers<\/h3><p>Mar\u00edn, A., van Zwanenberg, P. y Cremaschi, A. (2021):\u00a0<a href=\"https:\/\/www.bioleft.org\/bioleft-a-collaborative-open-source-seed-breeding-initiative-for-sustainable-agriculture\/\">Bioleft: A collaborative, open source seed breeding initiative for sustainable agriculture.\u00a0<\/a>Una versi\u00f3n de este art\u00edculo ser\u00e1 publicada en el libro de pr\u00f3xima aparici\u00f3n\u00a0\u00a0<em>Transformative Pathways to Sustainability: Learning Across Disciplines, Cultures and Contexts<\/em>\u00a0(to be published by Taylor and Francis, 2021).<\/p><p><span lang=\"EN-US\">Cremaschi, A. &amp; van Zwanenberg, P. (2020)\u00a0<a href=\"https:\/\/www.bioleft.org\/wp-content\/uploads\/2020\/10\/Bioleft_open_source_seeds_for_low-input_farming_systems.pdf\" target=\"_blank\" rel=\"noopener noreferrer\">Bioleft: Open Source Seeds for Low-Input Farming Systems<\/a>,\u00a0<i>Journal of Fair Trade<\/i>, Vol.\u00a0<\/span><span lang=\"EN-US\">2(1): 39\u201344<\/span><\/p><p>Van Zwanenberg, P., Cremaschi, A., Obaya, M., Marin, A. &amp; Lowenstein, V. (2018):\u00a0<a href=\"https:\/\/www.ecologyandsociety.org\/vol23\/iss3\/art11\/\">Seeking unconventional alliances and bridging innovations in spaces for transformative change: the seed sector and agricultural sustainability in Argentina<\/a>, Ecology and Society, Vol. 23(3), 11<\/p><h3>Blogs<\/h3><p class=\"LC20lb\">Van Zwanenberg, P. y Marin, A (2018):\u00a0<a href=\"https:\/\/steps-centre.org\/latin-america-hub\/bioleft-experimenting-with-open-source-seed-innovation-in-argentina\/\">Bioleft: experimenting with open source seed innovation in Argentina<\/a>, STEPS Centre \u2013 Pathways to sustainability Blog, 6 de junio de 2018.<\/p><p>Cremaschi, A., van Zwanenberg, P. &amp; Marin, A.\u00a0\u00a0(2019)\u00a0<a href=\"https:\/\/steps-centre.org\/blog\/experimentation-to-action-how-bioleft-is-helping-to-grow-an-open-source-seed-culture\/\">Experimentation to action: How Bioleft is helping to grow an open source seed culture<\/a>, STEPS Centre \u2013 Pathways to Sustainability Blog, 3 de octubre de 2019.<\/p><h3><a href=\"http:\/\/bioleft.org\/papers-y-articulos\/\">M\u00e1s papers y art\u00edculos<\/a><\/h3><h3><a href=\"http:\/\/bioleft.org\/videos\/\">M\u00e1s videos<\/a><\/h3><h3><a href=\"http:\/\/bioleft.org\/prensa\">Bioleft en la prensa<\/a><\/h3>\t\t\t\t\t\t\t\t<\/div>\n\t\t\t\t<\/div>\n\t\t\t\t\t<\/div>\n\t\t<\/div>\n\t\t\t\t<div class=\"elementor-column elementor-col-50 elementor-top-column elementor-element elementor-element-56768f8\" data-id=\"56768f8\" data-element_type=\"column\">\n\t\t\t<div class=\"elementor-widget-wrap elementor-element-populated\">\n\t\t\t\t\t\t<div class=\"elementor-element elementor-element-324d5b9 elementor-widget elementor-widget-video\" data-id=\"324d5b9\" data-element_type=\"widget\" data-settings=\"{&quot;youtube_url&quot;:&quot;https:\\\/\\\/www.youtube.com\\\/watch?v=jnFP4g_0BV4&quot;,&quot;video_type&quot;:&quot;youtube&quot;,&quot;controls&quot;:&quot;yes&quot;}\" data-no-translation=\"\" data-widget_type=\"video.default\">\n\t\t\t\t<div class=\"elementor-widget-container\">\n\t\t\t\t\t\t\t<div class=\"elementor-wrapper elementor-open-inline\">\n\t\t\t<div class=\"elementor-video\"><\/div>\t\t<\/div>\n\t\t\t\t\t\t<\/div>\n\t\t\t\t<\/div>\n\t\t\t\t<div class=\"elementor-element elementor-element-33eea75 elementor-widget elementor-widget-video\" data-id=\"33eea75\" data-element_type=\"widget\" data-settings=\"{&quot;youtube_url&quot;:&quot;https:\\\/\\\/www.youtube.com\\\/watch?v=j3Eai65MpA0&quot;,&quot;video_type&quot;:&quot;youtube&quot;,&quot;controls&quot;:&quot;yes&quot;}\" data-no-translation=\"\" data-widget_type=\"video.default\">\n\t\t\t\t<div class=\"elementor-widget-container\">\n\t\t\t\t\t<style>.elementor-element-33eea75{display:none !important}<\/style>\t\t\t\t<\/div>\n\t\t\t\t<\/div>\n\t\t\t\t<div class=\"elementor-element elementor-element-9cf25e6 elementor-widget elementor-widget-spacer\" data-id=\"9cf25e6\" data-element_type=\"widget\" data-widget_type=\"spacer.default\">\n\t\t\t\t<div class=\"elementor-widget-container\">\n\t\t\t\t\t\t\t<div class=\"elementor-spacer\">\n\t\t\t<div class=\"elementor-spacer-inner\"><\/div>\n\t\t<\/div>\n\t\t\t\t\t\t<\/div>\n\t\t\t\t<\/div>\n\t\t\t\t<div class=\"elementor-element elementor-element-2ae3a82 elementor-widget elementor-widget-text-editor\" data-id=\"2ae3a82\" data-element_type=\"widget\" data-widget_type=\"text-editor.default\">\n\t\t\t\t<div class=\"elementor-widget-container\">\n\t\t\t\t\t\t\t\t\t<p><iframe src=\"https:\/\/docs.google.com\/presentation\/d\/e\/2PACX-1vTsndXmwFFrKiO6YSWXFOGg1-lF91PUjb_Be9dQX-eDXeH7G83UNrrmIs7Tyob74QJFIgnboO6KLrIe\/embed?start=false&amp;loop=false&amp;delayms=5000\" width=\"560\" height=\"315\" frameborder=\"0\" allowfullscreen=\"allowfullscreen\" data-mce-fragment=\"1\"><\/iframe><\/p>\t\t\t\t\t\t\t\t<\/div>\n\t\t\t\t<\/div>\n\t\t\t\t\t<\/div>\n\t\t<\/div>\n\t\t\t\t\t<\/div>\n\t\t<\/section>\n\t\t\t\t<\/div>\n\t\t","protected":false},"excerpt":{"rendered":"<p>Papers Mar\u00edn, A., van Zwanenberg, P. y Cremaschi, A. (2021):\u00a0Bioleft: A collaborative, open source seed breeding initiative for sustainable agriculture.\u00a0Una [&hellip;]<\/p>\n","protected":false},"author":6,"featured_media":0,"parent":0,"menu_order":0,"comment_status":"closed","ping_status":"closed","template":"template-full-width.php","meta":{"footnotes":""},"class_list":["post-1650","page","type-page","status-publish","hentry"],"_links":{"self":[{"href":"https:\/\/www.bioleft.org\/es\/wp-json\/wp\/v2\/pages\/1650"}],"collection":[{"href":"https:\/\/www.bioleft.org\/es\/wp-json\/wp\/v2\/pages"}],"about":[{"href":"https:\/\/www.bioleft.org\/es\/wp-json\/wp\/v2\/types\/page"}],"author":[{"embeddable":true,"href":"https:\/\/www.bioleft.org\/es\/wp-json\/wp\/v2\/users\/6"}],"replies":[{"embeddable":true,"href":"https:\/\/www.bioleft.org\/es\/wp-json\/wp\/v2\/comments?post=1650"}],"version-history":[{"count":7,"href":"https:\/\/www.bioleft.org\/es\/wp-json\/wp\/v2\/pages\/1650\/revisions"}],"predecessor-version":[{"id":1738,"href":"https:\/\/www.bioleft.org\/es\/wp-json\/wp\/v2\/pages\/1650\/revisions\/1738"}],"wp:attachment":[{"href":"https:\/\/www.bioleft.org\/es\/wp-json\/wp\/v2\/media?parent=1650"}],"curies":[{"name":"wp","href":"https:\/\/api.w.org\/{rel}","templated":true}]}}