{"id":1639,"date":"2021-04-07T21:47:18","date_gmt":"2021-04-07T21:47:18","guid":{"rendered":"https:\/\/www.bioleft.org\/?page_id=1639"},"modified":"2025-12-03T11:41:17","modified_gmt":"2025-12-03T14:41:17","slug":"plataforma","status":"publish","type":"page","link":"https:\/\/www.bioleft.org\/es\/plataforma\/","title":{"rendered":"Plataforma"},"content":{"rendered":"\t\t<div data-elementor-type=\"wp-page\" data-elementor-id=\"1639\" class=\"elementor elementor-1639\">\n\t\t\t\t\t\t<section class=\"elementor-section elementor-top-section elementor-element elementor-element-0e1b6f4 elementor-section-boxed elementor-section-height-default elementor-section-height-default\" data-id=\"0e1b6f4\" data-element_type=\"section\">\n\t\t\t\t\t\t<div class=\"elementor-container elementor-column-gap-default\">\n\t\t\t\t\t<div class=\"elementor-column elementor-col-100 elementor-top-column elementor-element elementor-element-b7d25bd\" data-id=\"b7d25bd\" data-element_type=\"column\">\n\t\t\t<div class=\"elementor-widget-wrap\">\n\t\t\t\t\t\t\t<\/div>\n\t\t<\/div>\n\t\t\t\t\t<\/div>\n\t\t<\/section>\n\t\t\t\t<section class=\"elementor-section elementor-top-section elementor-element elementor-element-1cc4ac2 elementor-section-boxed elementor-section-height-default elementor-section-height-default\" data-id=\"1cc4ac2\" data-element_type=\"section\">\n\t\t\t\t\t\t<div class=\"elementor-container elementor-column-gap-default\">\n\t\t\t\t\t<div class=\"elementor-column elementor-col-33 elementor-top-column elementor-element elementor-element-869ad5a\" data-id=\"869ad5a\" data-element_type=\"column\">\n\t\t\t<div class=\"elementor-widget-wrap elementor-element-populated\">\n\t\t\t\t\t\t<div class=\"elementor-element elementor-element-a7035d7 elementor-widget elementor-widget-image\" data-id=\"a7035d7\" data-element_type=\"widget\" data-widget_type=\"image.default\">\n\t\t\t\t<div class=\"elementor-widget-container\">\n\t\t\t\t\t\t\t\t\t\t\t\t\t\t\t<img fetchpriority=\"high\" decoding=\"async\" width=\"680\" height=\"425\" src=\"https:\/\/www.bioleft.org\/wp-content\/uploads\/2025\/11\/web-800-x-500-px23-1.png\" class=\"attachment-large size-large wp-image-5235\" alt=\"\" srcset=\"https:\/\/www.bioleft.org\/wp-content\/uploads\/2025\/11\/web-800-x-500-px23-1.png 800w, https:\/\/www.bioleft.org\/wp-content\/uploads\/2025\/11\/web-800-x-500-px23-1-300x188.png 300w, https:\/\/www.bioleft.org\/wp-content\/uploads\/2025\/11\/web-800-x-500-px23-1-768x480.png 768w, https:\/\/www.bioleft.org\/wp-content\/uploads\/2025\/11\/web-800-x-500-px23-1-18x12.png 18w\" sizes=\"(max-width: 680px) 100vw, 680px\" \/>\t\t\t\t\t\t\t\t\t\t\t\t\t\t\t<\/div>\n\t\t\t\t<\/div>\n\t\t\t\t\t<\/div>\n\t\t<\/div>\n\t\t\t\t<div class=\"elementor-column elementor-col-66 elementor-top-column elementor-element elementor-element-d790f37\" data-id=\"d790f37\" data-element_type=\"column\">\n\t\t\t<div class=\"elementor-widget-wrap elementor-element-populated\">\n\t\t\t\t\t\t<div class=\"elementor-element elementor-element-d514c9b elementor-widget elementor-widget-text-editor\" data-id=\"d514c9b\" data-element_type=\"widget\" data-widget_type=\"text-editor.default\">\n\t\t\t\t<div class=\"elementor-widget-container\">\n\t\t\t\t\t\t\t\t\t<p>Desarrollamos una plataforma digital para mapear semillas y monitorear su recorrido a trav\u00e9s de distintos actores del sector agr\u00edcola. Permite georreferenciar las semillas y registrar las transferencias que se hagan, siempre bajo la licencia Bioleft. Adem\u00e1s recolecta informaci\u00f3n de gran valor a trav\u00e9s de su \u201ccuaderno de campo\u201d, que busca facilitar y brindar un soporte tecnol\u00f3gico a procesos de mejoramiento participativo. De esta forma, se promueve el intercambio de conocimiento y el mejoramiento participativo.<\/p>\t\t\t\t\t\t\t\t<\/div>\n\t\t\t\t<\/div>\n\t\t\t\t<div class=\"elementor-element elementor-element-df98912 elementor-align-center elementor-widget elementor-widget-button\" data-id=\"df98912\" data-element_type=\"widget\" data-widget_type=\"button.default\">\n\t\t\t\t<div class=\"elementor-widget-container\">\n\t\t\t\t\t\t\t\t\t<div class=\"elementor-button-wrapper\">\n\t\t\t\t\t<a class=\"elementor-button elementor-button-link elementor-size-lg\" href=\"https:\/\/plataforma.bioleft.org\">\n\t\t\t\t\t\t<span class=\"elementor-button-content-wrapper\">\n\t\t\t\t\t\t\t\t\t<span class=\"elementor-button-text\">INGRES\u00c1 A LA PLATAFORMA<\/span>\n\t\t\t\t\t<\/span>\n\t\t\t\t\t<\/a>\n\t\t\t\t<\/div>\n\t\t\t\t\t\t\t\t<\/div>\n\t\t\t\t<\/div>\n\t\t\t\t\t<\/div>\n\t\t<\/div>\n\t\t\t\t\t<\/div>\n\t\t<\/section>\n\t\t\t\t<section class=\"elementor-section elementor-top-section elementor-element elementor-element-684e792 elementor-section-boxed elementor-section-height-default elementor-section-height-default\" data-id=\"684e792\" data-element_type=\"section\">\n\t\t\t\t\t\t<div class=\"elementor-container elementor-column-gap-default\">\n\t\t\t\t\t<div class=\"elementor-column elementor-col-100 elementor-top-column elementor-element elementor-element-acb27c3\" data-id=\"acb27c3\" data-element_type=\"column\">\n\t\t\t<div class=\"elementor-widget-wrap elementor-element-populated\">\n\t\t\t\t\t\t<div class=\"elementor-element elementor-element-3006ebf elementor-widget elementor-widget-spacer\" data-id=\"3006ebf\" data-element_type=\"widget\" data-widget_type=\"spacer.default\">\n\t\t\t\t<div class=\"elementor-widget-container\">\n\t\t\t\t\t\t\t<div class=\"elementor-spacer\">\n\t\t\t<div class=\"elementor-spacer-inner\"><\/div>\n\t\t<\/div>\n\t\t\t\t\t\t<\/div>\n\t\t\t\t<\/div>\n\t\t\t\t<div class=\"elementor-element elementor-element-22d82f3 elementor-widget-divider--view-line elementor-widget elementor-widget-divider\" data-id=\"22d82f3\" data-element_type=\"widget\" data-widget_type=\"divider.default\">\n\t\t\t\t<div class=\"elementor-widget-container\">\n\t\t\t\t\t\t\t<div class=\"elementor-divider\">\n\t\t\t<span class=\"elementor-divider-separator\">\n\t\t\t\t\t\t<\/span>\n\t\t<\/div>\n\t\t\t\t\t\t<\/div>\n\t\t\t\t<\/div>\n\t\t\t\t<div class=\"elementor-element elementor-element-dc3d464 elementor-widget elementor-widget-spacer\" data-id=\"dc3d464\" data-element_type=\"widget\" data-widget_type=\"spacer.default\">\n\t\t\t\t<div class=\"elementor-widget-container\">\n\t\t\t\t\t\t\t<div class=\"elementor-spacer\">\n\t\t\t<div class=\"elementor-spacer-inner\"><\/div>\n\t\t<\/div>\n\t\t\t\t\t\t<\/div>\n\t\t\t\t<\/div>\n\t\t\t\t\t<\/div>\n\t\t<\/div>\n\t\t\t\t\t<\/div>\n\t\t<\/section>\n\t\t\t\t<section class=\"elementor-section elementor-top-section elementor-element elementor-element-8b01693 elementor-section-boxed elementor-section-height-default elementor-section-height-default\" data-id=\"8b01693\" data-element_type=\"section\">\n\t\t\t\t\t\t<div class=\"elementor-container elementor-column-gap-default\">\n\t\t\t\t\t<div class=\"elementor-column elementor-col-25 elementor-top-column elementor-element elementor-element-76c3561\" data-id=\"76c3561\" data-element_type=\"column\">\n\t\t\t<div class=\"elementor-widget-wrap elementor-element-populated\">\n\t\t\t\t\t\t<div class=\"elementor-element elementor-element-5facc7c elementor-widget elementor-widget-text-editor\" data-id=\"5facc7c\" data-element_type=\"widget\" data-widget_type=\"text-editor.default\">\n\t\t\t\t<div class=\"elementor-widget-container\">\n\t\t\t\t\t\t\t\t\t<h5 style=\"text-align: center;\" data-start=\"1089\" data-end=\"1137\"><span style=\"color: #808000;\"><strong data-start=\"1092\" data-end=\"1135\">Registrarte en la Plataforma Bioleft<\/strong><\/span><\/h5><p style=\"text-align: center;\" data-start=\"1138\" data-end=\"1210\"><strong data-start=\"1138\" data-end=\"1210\">Aprend\u00e9 a crear tu usuario, completar tu perfil y activar tu cuenta.<\/strong><\/p><p style=\"text-align: center;\" data-start=\"1212\" data-end=\"1222\">Incluye:<\/p><ul style=\"text-align: center;\"><li data-start=\"1225\" data-end=\"1247\">C\u00f3mo crear un alias.<\/li><li data-start=\"1250\" data-end=\"1291\">Datos necesarios y por qu\u00e9 los pedimos.<\/li><li data-start=\"1294\" data-end=\"1331\">C\u00f3mo validar tu correo electr\u00f3nico.<\/li><li data-start=\"1334\" data-end=\"1375\">D\u00f3nde completar tu informaci\u00f3n de perfil.<\/li><\/ul>\t\t\t\t\t\t\t\t<\/div>\n\t\t\t\t<\/div>\n\t\t\t\t<div class=\"elementor-element elementor-element-6db9dbc elementor-align-center elementor-widget elementor-widget-button\" data-id=\"6db9dbc\" data-element_type=\"widget\" data-widget_type=\"button.default\">\n\t\t\t\t<div class=\"elementor-widget-container\">\n\t\t\t\t\t\t\t\t\t<div class=\"elementor-button-wrapper\">\n\t\t\t\t\t<a class=\"elementor-button elementor-button-link elementor-size-sm\" href=\"https:\/\/drive.google.com\/file\/d\/14tiaUA4bfSdmbbSNzrbT5M8PeVX1C8q8\/view?usp=sharing\">\n\t\t\t\t\t\t<span class=\"elementor-button-content-wrapper\">\n\t\t\t\t\t\t\t\t\t<span class=\"elementor-button-text\">Tutorial Registro de Usuario<\/span>\n\t\t\t\t\t<\/span>\n\t\t\t\t\t<\/a>\n\t\t\t\t<\/div>\n\t\t\t\t\t\t\t\t<\/div>\n\t\t\t\t<\/div>\n\t\t\t\t<div class=\"elementor-element elementor-element-463b94f elementor-align-center elementor-widget elementor-widget-button\" data-id=\"463b94f\" data-element_type=\"widget\" data-widget_type=\"button.default\">\n\t\t\t\t<div class=\"elementor-widget-container\">\n\t\t\t\t\t\t\t\t\t<div class=\"elementor-button-wrapper\">\n\t\t\t\t\t<a class=\"elementor-button elementor-button-link elementor-size-sm\" href=\"https:\/\/docs.google.com\/forms\/d\/e\/1FAIpQLSdVVV5KrK80oL5NMSHOpV2znMelysRUbHdUOopLsLM1uRwM7A\/viewform?usp=sharing&amp;ouid=105720484514851349995\">\n\t\t\t\t\t\t<span class=\"elementor-button-content-wrapper\">\n\t\t\t\t\t\t\t\t\t<span class=\"elementor-button-text\">Encuesta Registro<\/span>\n\t\t\t\t\t<\/span>\n\t\t\t\t\t<\/a>\n\t\t\t\t<\/div>\n\t\t\t\t\t\t\t\t<\/div>\n\t\t\t\t<\/div>\n\t\t\t\t\t<\/div>\n\t\t<\/div>\n\t\t\t\t<div class=\"elementor-column elementor-col-25 elementor-top-column elementor-element elementor-element-bb5e438\" data-id=\"bb5e438\" data-element_type=\"column\">\n\t\t\t<div class=\"elementor-widget-wrap elementor-element-populated\">\n\t\t\t\t\t\t<div class=\"elementor-element elementor-element-f1f19a0 elementor-widget elementor-widget-text-editor\" data-id=\"f1f19a0\" data-element_type=\"widget\" data-widget_type=\"text-editor.default\">\n\t\t\t\t<div class=\"elementor-widget-container\">\n\t\t\t\t\t\t\t\t\t<h5 style=\"text-align: center;\" data-start=\"1476\" data-end=\"1523\"><span style=\"color: #808000;\"><strong data-start=\"1479\" data-end=\"1521\">Cargar una Semilla en la Plataforma<\/strong><\/span><\/h5><p style=\"text-align: center;\" data-start=\"1524\" data-end=\"1585\"><strong data-start=\"1524\" data-end=\"1585\">Gu\u00eda para cargar semillas nuevas, existentes o derivadas.<\/strong><\/p><p style=\"text-align: center;\" data-start=\"1587\" data-end=\"1597\">Incluye:<\/p><ul style=\"text-align: center;\"><li data-start=\"1600\" data-end=\"1656\">C\u00f3mo elegir entre Semilla Nueva, Existente o Derivada.<\/li><li data-start=\"1659\" data-end=\"1698\">C\u00f3mo completar la Informaci\u00f3n B\u00e1sica.<\/li><li data-start=\"1701\" data-end=\"1731\">C\u00f3mo cargar fotos adecuadas.<\/li><li data-start=\"1734\" data-end=\"1788\">C\u00f3mo funciona la Licencia de Multiplicaci\u00f3n Abierta.<\/li><li data-start=\"1791\" data-end=\"1840\">Qu\u00e9 informaci\u00f3n es obligatoria y cu\u00e1l opcional.<\/li><li data-start=\"1843\" data-end=\"1883\">Qu\u00e9 ocurre durante los d\u00edas de revisi\u00f3n.<\/li><\/ul>\t\t\t\t\t\t\t\t<\/div>\n\t\t\t\t<\/div>\n\t\t\t\t<div class=\"elementor-element elementor-element-6594d55 elementor-align-center elementor-widget elementor-widget-button\" data-id=\"6594d55\" data-element_type=\"widget\" data-widget_type=\"button.default\">\n\t\t\t\t<div class=\"elementor-widget-container\">\n\t\t\t\t\t\t\t\t\t<div class=\"elementor-button-wrapper\">\n\t\t\t\t\t<a class=\"elementor-button elementor-button-link elementor-size-sm\" href=\"https:\/\/drive.google.com\/file\/d\/1ym2IO-RSunB4lvMtkzTbz5UBSda6V6BG\/view?usp=sharing\">\n\t\t\t\t\t\t<span class=\"elementor-button-content-wrapper\">\n\t\t\t\t\t\t\t\t\t<span class=\"elementor-button-text\">Tutorial Cargar Semilla<\/span>\n\t\t\t\t\t<\/span>\n\t\t\t\t\t<\/a>\n\t\t\t\t<\/div>\n\t\t\t\t\t\t\t\t<\/div>\n\t\t\t\t<\/div>\n\t\t\t\t<div class=\"elementor-element elementor-element-ac38b38 elementor-align-center elementor-widget elementor-widget-button\" data-id=\"ac38b38\" data-element_type=\"widget\" data-widget_type=\"button.default\">\n\t\t\t\t<div class=\"elementor-widget-container\">\n\t\t\t\t\t\t\t\t\t<div class=\"elementor-button-wrapper\">\n\t\t\t\t\t<a class=\"elementor-button elementor-button-link elementor-size-sm\" href=\"https:\/\/docs.google.com\/forms\/d\/e\/1FAIpQLSfyflKV-cUyljCJYv0Pu-VNJ6-7tRRjTk836uvhnyi0gnhkJQ\/viewform?usp=sharing&amp;ouid=105720484514851349995\">\n\t\t\t\t\t\t<span class=\"elementor-button-content-wrapper\">\n\t\t\t\t\t\t\t\t\t<span class=\"elementor-button-text\">Encuesta Cargar Semilla<\/span>\n\t\t\t\t\t<\/span>\n\t\t\t\t\t<\/a>\n\t\t\t\t<\/div>\n\t\t\t\t\t\t\t\t<\/div>\n\t\t\t\t<\/div>\n\t\t\t\t\t<\/div>\n\t\t<\/div>\n\t\t\t\t<div class=\"elementor-column elementor-col-25 elementor-top-column elementor-element elementor-element-a3bfd7b\" data-id=\"a3bfd7b\" data-element_type=\"column\">\n\t\t\t<div class=\"elementor-widget-wrap elementor-element-populated\">\n\t\t\t\t\t\t<div class=\"elementor-element elementor-element-37b7713 elementor-widget elementor-widget-text-editor\" data-id=\"37b7713\" data-element_type=\"widget\" data-widget_type=\"text-editor.default\">\n\t\t\t\t<div class=\"elementor-widget-container\">\n\t\t\t\t\t\t\t\t\t<h5 style=\"text-align: center;\" data-start=\"1984\" data-end=\"2024\"><span style=\"color: #808000;\"><strong data-start=\"1987\" data-end=\"2022\">\u00a0Solicitar y Ofrecer Semillas<\/strong><\/span><\/h5><p style=\"text-align: center;\" data-start=\"2025\" data-end=\"2070\"><strong data-start=\"2025\" data-end=\"2070\">Gu\u00eda completa del proceso de intercambio.<\/strong><\/p><p style=\"text-align: center;\">Incluye:<\/p><ul><li style=\"text-align: center;\" data-start=\"2085\" data-end=\"2135\">C\u00f3mo solicitar una semilla y qu\u00e9 ocurre despu\u00e9s.<\/li><li style=\"text-align: center;\" data-start=\"2138\" data-end=\"2178\">C\u00f3mo enviar un Acuerdo de Intercambio.<\/li><li style=\"text-align: center;\" data-start=\"2181\" data-end=\"2249\">Cu\u00e1ndo se ven los datos de contacto entre proveedor y solicitante.<\/li><li style=\"text-align: center;\" data-start=\"2252\" data-end=\"2297\">Qu\u00e9 significan los Estados del Intercambio.<\/li><li style=\"text-align: center;\" data-start=\"2300\" data-end=\"2360\">C\u00f3mo confirmar &#8220;Envi\u00e9 las semillas&#8221; y &#8220;Recib\u00ed la semilla&#8221;.<\/li><li style=\"text-align: center;\" data-start=\"2363\" data-end=\"2398\">Qu\u00e9 hacer si se rechaza un acuerdo.<\/li><\/ul><p style=\"text-align: center;\" data-start=\"2400\" data-end=\"2492\">\u00a0<\/p>\t\t\t\t\t\t\t\t<\/div>\n\t\t\t\t<\/div>\n\t\t\t\t<div class=\"elementor-element elementor-element-4836aa1 elementor-align-center elementor-widget elementor-widget-button\" data-id=\"4836aa1\" data-element_type=\"widget\" data-widget_type=\"button.default\">\n\t\t\t\t<div class=\"elementor-widget-container\">\n\t\t\t\t\t\t\t\t\t<div class=\"elementor-button-wrapper\">\n\t\t\t\t\t<a class=\"elementor-button elementor-button-link elementor-size-sm\" href=\"https:\/\/drive.google.com\/file\/d\/1mXW7Rfx2xuMOjqxBAaHuF6i7k8Oo9uuN\/view?usp=sharing\">\n\t\t\t\t\t\t<span class=\"elementor-button-content-wrapper\">\n\t\t\t\t\t\t\t\t\t<span class=\"elementor-button-text\">Tutorial Intercambio Semillas<\/span>\n\t\t\t\t\t<\/span>\n\t\t\t\t\t<\/a>\n\t\t\t\t<\/div>\n\t\t\t\t\t\t\t\t<\/div>\n\t\t\t\t<\/div>\n\t\t\t\t<div class=\"elementor-element elementor-element-c2f5633 elementor-align-center elementor-widget elementor-widget-button\" data-id=\"c2f5633\" data-element_type=\"widget\" data-widget_type=\"button.default\">\n\t\t\t\t<div class=\"elementor-widget-container\">\n\t\t\t\t\t\t\t\t\t<div class=\"elementor-button-wrapper\">\n\t\t\t\t\t<a class=\"elementor-button elementor-button-link elementor-size-sm\" href=\"https:\/\/docs.google.com\/forms\/d\/e\/1FAIpQLSd4vZioJDTRHqn7GtqDqkzCwm4Htg1bJ1-OIifCl0g9yY0tfg\/viewform?usp=sharing&amp;ouid=105720484514851349995\">\n\t\t\t\t\t\t<span class=\"elementor-button-content-wrapper\">\n\t\t\t\t\t\t\t\t\t<span class=\"elementor-button-text\">Encuesta Intercambio Semillas<\/span>\n\t\t\t\t\t<\/span>\n\t\t\t\t\t<\/a>\n\t\t\t\t<\/div>\n\t\t\t\t\t\t\t\t<\/div>\n\t\t\t\t<\/div>\n\t\t\t\t\t<\/div>\n\t\t<\/div>\n\t\t\t\t<div class=\"elementor-column elementor-col-25 elementor-top-column elementor-element elementor-element-f9ca8ad\" data-id=\"f9ca8ad\" data-element_type=\"column\">\n\t\t\t<div class=\"elementor-widget-wrap elementor-element-populated\">\n\t\t\t\t\t\t<div class=\"elementor-element elementor-element-e933241 elementor-widget elementor-widget-text-editor\" data-id=\"e933241\" data-element_type=\"widget\" data-widget_type=\"text-editor.default\">\n\t\t\t\t<div class=\"elementor-widget-container\">\n\t\t\t\t\t\t\t\t\t<p style=\"text-align: center;\" data-start=\"2499\" data-end=\"2525\">\ud83d\udee0 <strong data-start=\"2504\" data-end=\"2525\">\u00bfNecesit\u00e1s ayuda?<\/strong><\/p><p style=\"text-align: center;\" data-start=\"2527\" data-end=\"2607\">Si ten\u00e9s dudas, problemas o sugerencias, escribinos a:<\/p><p style=\"text-align: center;\" data-start=\"2527\" data-end=\"2607\"><br data-start=\"2581\" data-end=\"2584\" \/>\ud83d\udce7 <strong data-start=\"2587\" data-end=\"2607\"><a class=\"decorated-link\" href=\"mailto:info@bioleft.org\" rel=\"noopener\" data-start=\"2589\" data-end=\"2605\">info@bioleft.org<\/a><\/strong><\/p>\t\t\t\t\t\t\t\t<\/div>\n\t\t\t\t<\/div>\n\t\t\t\t\t<\/div>\n\t\t<\/div>\n\t\t\t\t\t<\/div>\n\t\t<\/section>\n\t\t\t\t<\/div>\n\t\t","protected":false},"excerpt":{"rendered":"<p>Desarrollamos una plataforma digital para mapear semillas y monitorear su recorrido a trav\u00e9s de distintos actores del sector agr\u00edcola. Permite [&hellip;]<\/p>\n","protected":false},"author":6,"featured_media":0,"parent":0,"menu_order":0,"comment_status":"closed","ping_status":"closed","template":"template-full-width.php","meta":{"footnotes":""},"class_list":["post-1639","page","type-page","status-publish","hentry"],"_links":{"self":[{"href":"https:\/\/www.bioleft.org\/es\/wp-json\/wp\/v2\/pages\/1639"}],"collection":[{"href":"https:\/\/www.bioleft.org\/es\/wp-json\/wp\/v2\/pages"}],"about":[{"href":"https:\/\/www.bioleft.org\/es\/wp-json\/wp\/v2\/types\/page"}],"author":[{"embeddable":true,"href":"https:\/\/www.bioleft.org\/es\/wp-json\/wp\/v2\/users\/6"}],"replies":[{"embeddable":true,"href":"https:\/\/www.bioleft.org\/es\/wp-json\/wp\/v2\/comments?post=1639"}],"version-history":[{"count":34,"href":"https:\/\/www.bioleft.org\/es\/wp-json\/wp\/v2\/pages\/1639\/revisions"}],"predecessor-version":[{"id":5295,"href":"https:\/\/www.bioleft.org\/es\/wp-json\/wp\/v2\/pages\/1639\/revisions\/5295"}],"wp:attachment":[{"href":"https:\/\/www.bioleft.org\/es\/wp-json\/wp\/v2\/media?parent=1639"}],"curies":[{"name":"wp","href":"https:\/\/api.w.org\/{rel}","templated":true}]}}