{"id":1632,"date":"2021-04-07T21:22:59","date_gmt":"2021-04-07T21:22:59","guid":{"rendered":"https:\/\/www.bioleft.org\/en\/?page_id=1632"},"modified":"2025-06-03T20:24:43","modified_gmt":"2025-06-03T23:24:43","slug":"acerca-de-bioleft","status":"publish","type":"page","link":"https:\/\/www.bioleft.org\/es\/acerca-de-bioleft\/","title":{"rendered":"Acerca de Bioleft"},"content":{"rendered":"\t\t<div data-elementor-type=\"wp-page\" data-elementor-id=\"1632\" class=\"elementor elementor-1632\">\n\t\t\t\t\t\t<section class=\"elementor-section elementor-top-section elementor-element elementor-element-6512a1e elementor-section-boxed elementor-section-height-default elementor-section-height-default\" data-id=\"6512a1e\" data-element_type=\"section\">\n\t\t\t\t\t\t<div class=\"elementor-container elementor-column-gap-default\">\n\t\t\t\t\t<div class=\"elementor-column elementor-col-33 elementor-top-column elementor-element elementor-element-92b1e6c\" data-id=\"92b1e6c\" data-element_type=\"column\">\n\t\t\t<div class=\"elementor-widget-wrap elementor-element-populated\">\n\t\t\t\t\t\t<div class=\"elementor-element elementor-element-aa72f5c elementor-widget elementor-widget-image\" data-id=\"aa72f5c\" data-element_type=\"widget\" data-widget_type=\"image.default\">\n\t\t\t\t<div class=\"elementor-widget-container\">\n\t\t\t\t\t\t\t\t\t\t\t\t\t\t\t<img decoding=\"async\" src=\"https:\/\/www.bioleft.org\/wp-content\/uploads\/elementor\/thumbs\/plaquitabio2-po8ld27yn9s0iashrux9kf59wq1hj4dzwgynnb6eue.png\" title=\"\" alt=\"\" loading=\"lazy\" \/>\t\t\t\t\t\t\t\t\t\t\t\t\t\t\t<\/div>\n\t\t\t\t<\/div>\n\t\t\t\t\t<\/div>\n\t\t<\/div>\n\t\t\t\t<div class=\"elementor-column elementor-col-66 elementor-top-column elementor-element elementor-element-9f31a76\" data-id=\"9f31a76\" data-element_type=\"column\">\n\t\t\t<div class=\"elementor-widget-wrap elementor-element-populated\">\n\t\t\t\t\t\t<div class=\"elementor-element elementor-element-3f6f255 elementor-widget elementor-widget-text-editor\" data-id=\"3f6f255\" data-element_type=\"widget\" data-widget_type=\"text-editor.default\">\n\t\t\t\t<div class=\"elementor-widget-container\">\n\t\t\t\t\t\t\t\t\t<h4 style=\"text-align: center;\"><span style=\"color: #585638;\">Bioleft es una comunidad comprometida con un sistema de semillas m\u00e1s justo y sustentable para la producci\u00f3n, el intercambio y el fitomejoramiento de cultivos clave para la alimentaci\u00f3n. Desde el 2016, trabajamos en el desarrollo de una plataforma digital, de un conjunto de licencias abiertas para transferir materiales y de programas de mejoramiento vegetal participativo para construir una red de semillas de c\u00f3digo abierto en la Argentina. Creemos en el poder de la inteligencia colectiva y el conocimiento abierto para construir un sistema de semillas que valore el rol de agricultores y agricultoras en su conservaci\u00f3n y mejoramiento, promoviendo la disponibilidad de variedades biodiversas y resilientes.<\/span><\/h4><h6 style=\"text-align: center;\"><span style=\"color: #585638;\">Esta visi\u00f3n fue co-construida a trav\u00e9s de un ejercicio de ideaci\u00f3n colectiva.<\/span><\/h6>\t\t\t\t\t\t\t\t<\/div>\n\t\t\t\t<\/div>\n\t\t\t\t\t<\/div>\n\t\t<\/div>\n\t\t\t\t\t<\/div>\n\t\t<\/section>\n\t\t\t\t<section class=\"elementor-section elementor-top-section elementor-element elementor-element-c86c09a elementor-section-boxed elementor-section-height-default elementor-section-height-default\" data-id=\"c86c09a\" data-element_type=\"section\">\n\t\t\t\t\t\t<div class=\"elementor-container elementor-column-gap-default\">\n\t\t\t\t\t<div class=\"elementor-column elementor-col-100 elementor-top-column elementor-element elementor-element-8bbd92c\" data-id=\"8bbd92c\" data-element_type=\"column\">\n\t\t\t<div class=\"elementor-widget-wrap elementor-element-populated\">\n\t\t\t\t\t\t<div class=\"elementor-element elementor-element-3d1fa4f elementor-widget-divider--view-line elementor-widget elementor-widget-divider\" data-id=\"3d1fa4f\" data-element_type=\"widget\" data-widget_type=\"divider.default\">\n\t\t\t\t<div class=\"elementor-widget-container\">\n\t\t\t\t\t\t\t<div class=\"elementor-divider\">\n\t\t\t<span class=\"elementor-divider-separator\">\n\t\t\t\t\t\t<\/span>\n\t\t<\/div>\n\t\t\t\t\t\t<\/div>\n\t\t\t\t<\/div>\n\t\t\t\t\t<\/div>\n\t\t<\/div>\n\t\t\t\t\t<\/div>\n\t\t<\/section>\n\t\t\t\t<section class=\"elementor-section elementor-top-section elementor-element elementor-element-8cd1b07 elementor-section-boxed elementor-section-height-default elementor-section-height-default\" data-id=\"8cd1b07\" data-element_type=\"section\">\n\t\t\t\t\t\t<div class=\"elementor-container elementor-column-gap-default\">\n\t\t\t\t\t<div class=\"elementor-column elementor-col-100 elementor-top-column elementor-element elementor-element-9bba6a5\" data-id=\"9bba6a5\" data-element_type=\"column\">\n\t\t\t<div class=\"elementor-widget-wrap elementor-element-populated\">\n\t\t\t\t\t\t<div class=\"elementor-element elementor-element-a2e9556 elementor-widget elementor-widget-text-editor\" data-id=\"a2e9556\" data-element_type=\"widget\" data-widget_type=\"text-editor.default\">\n\t\t\t\t<div class=\"elementor-widget-container\">\n\t\t\t\t\t\t\t\t\t<p style=\"text-align: left;\"><span style=\"color: #585638;\">Las semillas son el insumo central de la agricultura, base de la alimentaci\u00f3n. Cada una guarda la informaci\u00f3n para crear otras; durante milenios, lxs agricultores las mejoraron por cruzamiento y selecci\u00f3n. Pero la capacidad de patentar secuencias gen\u00e9ticas -y, en algunos pa\u00edses, variedades de semillas completas-, restringi\u00f3 esta libre circulaci\u00f3n de conocimientos.<\/span><\/p><p style=\"text-align: left;\"><span style=\"color: #585638;\">Hoy solo seis empresas controlan m\u00e1s del 60% de la producci\u00f3n de semillas del mundo. <a style=\"color: #585638;\" href=\"http:\/\/aargentinapciencias.org\/wp-content\/uploads\/2018\/01\/RevistasCeI\/tomo65-3\/6-Marin-cei65-3-8.pdf\">Esta concentraci\u00f3n amenaza<\/a> la biodiversidad y socava la soberan\u00eda alimentaria y tecnol\u00f3gica. En Argentina y otros pa\u00edses de la regi\u00f3n, las patentes, por ahora, solo se usan en algunos cultivos con modificaci\u00f3n gen\u00e9tica; pero esto puede cambiar. Por eso es necesaria una alternativa que proteja el material gen\u00e9tico de las semillas de futuras restricciones y garantice su continua circulaci\u00f3n: las <a style=\"color: #585638;\" href=\"https:\/\/opensource.com\/sites\/default\/files\/images\/law-uploads\/Kloppenburg%202014%20re-purposing%20the%20master%27s%20tools%20%28JPS%29.pdf\">semillas abiertas<\/a>.<\/span><\/p><p style=\"text-align: left;\"><span style=\"color: #585638;\">Para eso dise\u00f1amos tres herramientas:<\/span><\/p><p style=\"text-align: left;\"><span style=\"color: #585638;\">Legal: <a style=\"color: #585638;\" href=\"https:\/\/www.bioleft.org\/licencias\/\">licencias<\/a> para transferir semillas que permanezcan abiertas para investigaci\u00f3n, y desarrollo y registro de nuevas variedades. Incluye una cl\u00e1usula viral: las mejoras que se deriven de material Bioleft ser\u00e1n tambi\u00e9n Bioleft, es decir, abiertas.<\/span><\/p><p style=\"text-align: left;\"><span style=\"color: #585638;\">Tecnol\u00f3gica: una <a style=\"color: #585638;\" href=\"https:\/\/www.bioleft.org\/plataforma\/\">plataforma<\/a> web para registrar y mapear las variedades de semillas que se intercambian, los intercambios, y las mejoras continuas. All\u00ed se apoyan <a style=\"color: #585638;\" href=\"https:\/\/www.bioleft.org\/mejoramiento-participativo\">proyectos de mejoramiento colaborativo<\/a> y se genera un banco de semillas vivo y una red de campos de experimentaci\u00f3n potencialmente mucho m\u00e1s amplia que cualquier otra.<\/span><\/p><p style=\"text-align: left;\"><span style=\"color: #585638;\">Metodol\u00f3gica: Bioleft se co-dise\u00f1a a trav\u00e9s de procesos y metodolog\u00edas participativos y horizontales, enriquecido por una gran diversidad de participantes.<\/span><\/p><p style=\"text-align: left;\"><span style=\"color: #585638;\">Buscamos promover el intercambio y democratizar el acceso al conocimiento, ayudar la disponibilizar m\u00e1s y mejores variedades de semillas, apoyar tipos de agricultura m\u00e1s sustentable y promover la soberan\u00eda alimentaria y tecnol\u00f3gica.<\/span><\/p><p style=\"text-align: left;\"><span style=\"color: #585638;\">M\u00e1s informaci\u00f3n (papers sobre semillas abiertas, art\u00edculos de blogs y videos) en <a style=\"color: #585638;\" href=\"https:\/\/www.bioleft.org\/recursos\/\">Recursos<\/a>.<\/span><\/p>\t\t\t\t\t\t\t\t<\/div>\n\t\t\t\t<\/div>\n\t\t\t\t\t<\/div>\n\t\t<\/div>\n\t\t\t\t\t<\/div>\n\t\t<\/section>\n\t\t\t\t<section class=\"elementor-section elementor-top-section elementor-element elementor-element-a2160e2 elementor-section-boxed elementor-section-height-default elementor-section-height-default\" data-id=\"a2160e2\" data-element_type=\"section\">\n\t\t\t\t\t\t<div class=\"elementor-container elementor-column-gap-default\">\n\t\t\t\t\t<div class=\"elementor-column elementor-col-100 elementor-top-column elementor-element elementor-element-3e14ae1\" data-id=\"3e14ae1\" data-element_type=\"column\">\n\t\t\t<div class=\"elementor-widget-wrap elementor-element-populated\">\n\t\t\t\t\t\t<div class=\"elementor-element elementor-element-5c3d5df elementor-widget elementor-widget-image-gallery\" data-id=\"5c3d5df\" data-element_type=\"widget\" data-widget_type=\"image-gallery.default\">\n\t\t\t\t<div class=\"elementor-widget-container\">\n\t\t\t\t\t\t\t<div class=\"elementor-image-gallery\">\n\t\t\t\r\n\t\t<style type='text\/css'>\r\n\t\t\t#gallery-1 {\r\n\t\t\t\tmargin: auto;\r\n\t\t\t}\r\n\t\t\t#gallery-1 .gallery-item {\r\n\t\t\t\tfloat: left;\r\n\t\t\t\tmargin-top: 10px;\r\n\t\t\t\ttext-align: center;\r\n\t\t\t\twidth: 14%;\r\n\t\t\t}\r\n\t\t\t#gallery-1 img {\r\n\t\t\t\tborder: 2px solid #cfcfcf;\r\n\t\t\t}\r\n\t\t\t#gallery-1 .gallery-caption {\r\n\t\t\t\tmargin-left: 0;\r\n\t\t\t}\r\n\t\t\t\/* see gallery_shortcode() in wp-includes\/media.php *\/\r\n\t\t<\/style>\n\t\t<div id='gallery-1' class='gallery galleryid-1632 gallery-columns-7 gallery-size-thumbnail'><dl class='gallery-item'>\r\n\t\t\t<dt class='gallery-icon landscape'>\r\n\t\t\t\t<a data-elementor-open-lightbox=\"yes\" data-elementor-lightbox-slideshow=\"5c3d5df\" data-elementor-lightbox-title=\"\" data-e-action-hash=\"#elementor-action%3Aaction%3Dlightbox%26settings%3DeyJpZCI6MzUwNywidXJsIjoiaHR0cHM6XC9cL3d3dy5iaW9sZWZ0Lm9yZ1wvd3AtY29udGVudFwvdXBsb2Fkc1wvMjAyM1wvMDFcL0FuZXhvcy1pbXBhY3RvLXByZW5zYS15LWVxdWlwby1DYXJwZXRhLUJpb2xlZnQtc2NhbGVkLmpwZWciLCJzbGlkZXNob3ciOiI1YzNkNWRmIn0%3D\" href='https:\/\/www.bioleft.org\/wp-content\/uploads\/2023\/01\/Anexos-impacto-prensa-y-equipo-Carpeta-Bioleft-scaled.jpeg'><img decoding=\"async\" width=\"150\" height=\"150\" src=\"https:\/\/www.bioleft.org\/wp-content\/uploads\/2023\/01\/Anexos-impacto-prensa-y-equipo-Carpeta-Bioleft-150x150.jpeg\" class=\"attachment-thumbnail size-thumbnail\" alt=\"\" srcset=\"https:\/\/www.bioleft.org\/wp-content\/uploads\/2023\/01\/Anexos-impacto-prensa-y-equipo-Carpeta-Bioleft-150x150.jpeg 150w, https:\/\/www.bioleft.org\/wp-content\/uploads\/2023\/01\/Anexos-impacto-prensa-y-equipo-Carpeta-Bioleft-300x300.jpeg 300w, https:\/\/www.bioleft.org\/wp-content\/uploads\/2023\/01\/Anexos-impacto-prensa-y-equipo-Carpeta-Bioleft-1024x1024.jpeg 1024w, https:\/\/www.bioleft.org\/wp-content\/uploads\/2023\/01\/Anexos-impacto-prensa-y-equipo-Carpeta-Bioleft-768x768.jpeg 768w, https:\/\/www.bioleft.org\/wp-content\/uploads\/2023\/01\/Anexos-impacto-prensa-y-equipo-Carpeta-Bioleft-1536x1536.jpeg 1536w, https:\/\/www.bioleft.org\/wp-content\/uploads\/2023\/01\/Anexos-impacto-prensa-y-equipo-Carpeta-Bioleft-2048x2048.jpeg 2048w, https:\/\/www.bioleft.org\/wp-content\/uploads\/2023\/01\/Anexos-impacto-prensa-y-equipo-Carpeta-Bioleft-12x12.jpeg 12w\" sizes=\"(max-width: 150px) 100vw, 150px\" \/><\/a>\r\n\t\t\t<\/dt><\/dl><dl class='gallery-item'>\r\n\t\t\t<dt class='gallery-icon landscape'>\r\n\t\t\t\t<a data-elementor-open-lightbox=\"yes\" data-elementor-lightbox-slideshow=\"5c3d5df\" data-elementor-lightbox-title=\"\" data-e-action-hash=\"#elementor-action%3Aaction%3Dlightbox%26settings%3DeyJpZCI6MzUwOSwidXJsIjoiaHR0cHM6XC9cL3d3dy5iaW9sZWZ0Lm9yZ1wvd3AtY29udGVudFwvdXBsb2Fkc1wvMjAyM1wvMDFcL1N1c3RhaW5hYmxlX0RldmVsb3BtZW50X0dvYWwtZXMtMDgtc2NhbGVkLmpwZWciLCJzbGlkZXNob3ciOiI1YzNkNWRmIn0%3D\" href='https:\/\/www.bioleft.org\/wp-content\/uploads\/2023\/01\/Sustainable_Development_Goal-es-08-scaled.jpeg'><img decoding=\"async\" width=\"150\" height=\"150\" src=\"https:\/\/www.bioleft.org\/wp-content\/uploads\/2023\/01\/Sustainable_Development_Goal-es-08-150x150.jpeg\" class=\"attachment-thumbnail size-thumbnail\" alt=\"\" srcset=\"https:\/\/www.bioleft.org\/wp-content\/uploads\/2023\/01\/Sustainable_Development_Goal-es-08-150x150.jpeg 150w, https:\/\/www.bioleft.org\/wp-content\/uploads\/2023\/01\/Sustainable_Development_Goal-es-08-300x300.jpeg 300w, https:\/\/www.bioleft.org\/wp-content\/uploads\/2023\/01\/Sustainable_Development_Goal-es-08-1024x1024.jpeg 1024w, https:\/\/www.bioleft.org\/wp-content\/uploads\/2023\/01\/Sustainable_Development_Goal-es-08-768x768.jpeg 768w, https:\/\/www.bioleft.org\/wp-content\/uploads\/2023\/01\/Sustainable_Development_Goal-es-08-1536x1536.jpeg 1536w, https:\/\/www.bioleft.org\/wp-content\/uploads\/2023\/01\/Sustainable_Development_Goal-es-08-2048x2048.jpeg 2048w, https:\/\/www.bioleft.org\/wp-content\/uploads\/2023\/01\/Sustainable_Development_Goal-es-08-12x12.jpeg 12w\" sizes=\"(max-width: 150px) 100vw, 150px\" \/><\/a>\r\n\t\t\t<\/dt><\/dl><dl class='gallery-item'>\r\n\t\t\t<dt class='gallery-icon landscape'>\r\n\t\t\t\t<a data-elementor-open-lightbox=\"yes\" data-elementor-lightbox-slideshow=\"5c3d5df\" data-elementor-lightbox-title=\"\" data-e-action-hash=\"#elementor-action%3Aaction%3Dlightbox%26settings%3DeyJpZCI6MzUwNiwidXJsIjoiaHR0cHM6XC9cL3d3dy5iaW9sZWZ0Lm9yZ1wvd3AtY29udGVudFwvdXBsb2Fkc1wvMjAyM1wvMDFcLzEyMDBweC1TdXN0YWluYWJsZV9EZXZlbG9wbWVudF9Hb2FsLWVzLTA3LmpwZWciLCJzbGlkZXNob3ciOiI1YzNkNWRmIn0%3D\" href='https:\/\/www.bioleft.org\/wp-content\/uploads\/2023\/01\/1200px-Sustainable_Development_Goal-es-07.jpeg'><img decoding=\"async\" width=\"150\" height=\"150\" src=\"https:\/\/www.bioleft.org\/wp-content\/uploads\/2023\/01\/1200px-Sustainable_Development_Goal-es-07-150x150.jpeg\" class=\"attachment-thumbnail size-thumbnail\" alt=\"\" srcset=\"https:\/\/www.bioleft.org\/wp-content\/uploads\/2023\/01\/1200px-Sustainable_Development_Goal-es-07-150x150.jpeg 150w, https:\/\/www.bioleft.org\/wp-content\/uploads\/2023\/01\/1200px-Sustainable_Development_Goal-es-07-300x300.jpeg 300w, https:\/\/www.bioleft.org\/wp-content\/uploads\/2023\/01\/1200px-Sustainable_Development_Goal-es-07-1024x1024.jpeg 1024w, https:\/\/www.bioleft.org\/wp-content\/uploads\/2023\/01\/1200px-Sustainable_Development_Goal-es-07-768x768.jpeg 768w, https:\/\/www.bioleft.org\/wp-content\/uploads\/2023\/01\/1200px-Sustainable_Development_Goal-es-07-12x12.jpeg 12w, https:\/\/www.bioleft.org\/wp-content\/uploads\/2023\/01\/1200px-Sustainable_Development_Goal-es-07.jpeg 1200w\" sizes=\"(max-width: 150px) 100vw, 150px\" \/><\/a>\r\n\t\t\t<\/dt><\/dl><dl class='gallery-item'>\r\n\t\t\t<dt class='gallery-icon landscape'>\r\n\t\t\t\t<a data-elementor-open-lightbox=\"yes\" data-elementor-lightbox-slideshow=\"5c3d5df\" data-elementor-lightbox-title=\"\" data-e-action-hash=\"#elementor-action%3Aaction%3Dlightbox%26settings%3DeyJpZCI6MzUwNSwidXJsIjoiaHR0cHM6XC9cL3d3dy5iaW9sZWZ0Lm9yZ1wvd3AtY29udGVudFwvdXBsb2Fkc1wvMjAyM1wvMDFcLzEyMDBweC1TdXN0YWluYWJsZV9EZXZlbG9wbWVudF9Hb2FsLWVzLTA2LmpwZWciLCJzbGlkZXNob3ciOiI1YzNkNWRmIn0%3D\" href='https:\/\/www.bioleft.org\/wp-content\/uploads\/2023\/01\/1200px-Sustainable_Development_Goal-es-06.jpeg'><img loading=\"lazy\" decoding=\"async\" width=\"150\" height=\"150\" src=\"https:\/\/www.bioleft.org\/wp-content\/uploads\/2023\/01\/1200px-Sustainable_Development_Goal-es-06-150x150.jpeg\" class=\"attachment-thumbnail size-thumbnail\" alt=\"\" srcset=\"https:\/\/www.bioleft.org\/wp-content\/uploads\/2023\/01\/1200px-Sustainable_Development_Goal-es-06-150x150.jpeg 150w, https:\/\/www.bioleft.org\/wp-content\/uploads\/2023\/01\/1200px-Sustainable_Development_Goal-es-06-300x300.jpeg 300w, https:\/\/www.bioleft.org\/wp-content\/uploads\/2023\/01\/1200px-Sustainable_Development_Goal-es-06-1024x1024.jpeg 1024w, https:\/\/www.bioleft.org\/wp-content\/uploads\/2023\/01\/1200px-Sustainable_Development_Goal-es-06-768x768.jpeg 768w, https:\/\/www.bioleft.org\/wp-content\/uploads\/2023\/01\/1200px-Sustainable_Development_Goal-es-06-12x12.jpeg 12w, https:\/\/www.bioleft.org\/wp-content\/uploads\/2023\/01\/1200px-Sustainable_Development_Goal-es-06.jpeg 1200w\" sizes=\"(max-width: 150px) 100vw, 150px\" \/><\/a>\r\n\t\t\t<\/dt><\/dl><dl class='gallery-item'>\r\n\t\t\t<dt class='gallery-icon landscape'>\r\n\t\t\t\t<a data-elementor-open-lightbox=\"yes\" data-elementor-lightbox-slideshow=\"5c3d5df\" data-elementor-lightbox-title=\"\" data-e-action-hash=\"#elementor-action%3Aaction%3Dlightbox%26settings%3DeyJpZCI6MzUwNCwidXJsIjoiaHR0cHM6XC9cL3d3dy5iaW9sZWZ0Lm9yZ1wvd3AtY29udGVudFwvdXBsb2Fkc1wvMjAyM1wvMDFcLzEyMDBweC1TdXN0YWluYWJsZV9EZXZlbG9wbWVudF9Hb2FsLWVzLTA1LmpwZWciLCJzbGlkZXNob3ciOiI1YzNkNWRmIn0%3D\" href='https:\/\/www.bioleft.org\/wp-content\/uploads\/2023\/01\/1200px-Sustainable_Development_Goal-es-05.jpeg'><img loading=\"lazy\" decoding=\"async\" width=\"150\" height=\"150\" src=\"https:\/\/www.bioleft.org\/wp-content\/uploads\/2023\/01\/1200px-Sustainable_Development_Goal-es-05-150x150.jpeg\" class=\"attachment-thumbnail size-thumbnail\" alt=\"\" srcset=\"https:\/\/www.bioleft.org\/wp-content\/uploads\/2023\/01\/1200px-Sustainable_Development_Goal-es-05-150x150.jpeg 150w, https:\/\/www.bioleft.org\/wp-content\/uploads\/2023\/01\/1200px-Sustainable_Development_Goal-es-05-300x300.jpeg 300w, https:\/\/www.bioleft.org\/wp-content\/uploads\/2023\/01\/1200px-Sustainable_Development_Goal-es-05-1024x1024.jpeg 1024w, https:\/\/www.bioleft.org\/wp-content\/uploads\/2023\/01\/1200px-Sustainable_Development_Goal-es-05-768x768.jpeg 768w, https:\/\/www.bioleft.org\/wp-content\/uploads\/2023\/01\/1200px-Sustainable_Development_Goal-es-05-12x12.jpeg 12w, https:\/\/www.bioleft.org\/wp-content\/uploads\/2023\/01\/1200px-Sustainable_Development_Goal-es-05.jpeg 1200w\" sizes=\"(max-width: 150px) 100vw, 150px\" \/><\/a>\r\n\t\t\t<\/dt><\/dl><dl class='gallery-item'>\r\n\t\t\t<dt class='gallery-icon landscape'>\r\n\t\t\t\t<a data-elementor-open-lightbox=\"yes\" data-elementor-lightbox-slideshow=\"5c3d5df\" data-elementor-lightbox-title=\"\" data-e-action-hash=\"#elementor-action%3Aaction%3Dlightbox%26settings%3DeyJpZCI6MzUwMywidXJsIjoiaHR0cHM6XC9cL3d3dy5iaW9sZWZ0Lm9yZ1wvd3AtY29udGVudFwvdXBsb2Fkc1wvMjAyM1wvMDFcLzEyMDBweC1TdXN0YWluYWJsZV9EZXZlbG9wbWVudF9Hb2FsLWVzLTAzLmpwZWciLCJzbGlkZXNob3ciOiI1YzNkNWRmIn0%3D\" href='https:\/\/www.bioleft.org\/wp-content\/uploads\/2023\/01\/1200px-Sustainable_Development_Goal-es-03.jpeg'><img loading=\"lazy\" decoding=\"async\" width=\"150\" height=\"150\" src=\"https:\/\/www.bioleft.org\/wp-content\/uploads\/2023\/01\/1200px-Sustainable_Development_Goal-es-03-150x150.jpeg\" class=\"attachment-thumbnail size-thumbnail\" alt=\"\" srcset=\"https:\/\/www.bioleft.org\/wp-content\/uploads\/2023\/01\/1200px-Sustainable_Development_Goal-es-03-150x150.jpeg 150w, https:\/\/www.bioleft.org\/wp-content\/uploads\/2023\/01\/1200px-Sustainable_Development_Goal-es-03-300x300.jpeg 300w, https:\/\/www.bioleft.org\/wp-content\/uploads\/2023\/01\/1200px-Sustainable_Development_Goal-es-03-1024x1024.jpeg 1024w, https:\/\/www.bioleft.org\/wp-content\/uploads\/2023\/01\/1200px-Sustainable_Development_Goal-es-03-768x768.jpeg 768w, https:\/\/www.bioleft.org\/wp-content\/uploads\/2023\/01\/1200px-Sustainable_Development_Goal-es-03-12x12.jpeg 12w, https:\/\/www.bioleft.org\/wp-content\/uploads\/2023\/01\/1200px-Sustainable_Development_Goal-es-03.jpeg 1200w\" sizes=\"(max-width: 150px) 100vw, 150px\" \/><\/a>\r\n\t\t\t<\/dt><\/dl><dl class='gallery-item'>\r\n\t\t\t<dt class='gallery-icon landscape'>\r\n\t\t\t\t<a data-elementor-open-lightbox=\"yes\" data-elementor-lightbox-slideshow=\"5c3d5df\" data-elementor-lightbox-title=\"\" data-e-action-hash=\"#elementor-action%3Aaction%3Dlightbox%26settings%3DeyJpZCI6MzUwOCwidXJsIjoiaHR0cHM6XC9cL3d3dy5iaW9sZWZ0Lm9yZ1wvd3AtY29udGVudFwvdXBsb2Fkc1wvMjAyM1wvMDFcL1N1c3RhaW5hYmxlX0RldmVsb3BtZW50X0dvYWxfMTctZXMucG5nIiwic2xpZGVzaG93IjoiNWMzZDVkZiJ9\" href='https:\/\/www.bioleft.org\/wp-content\/uploads\/2023\/01\/Sustainable_Development_Goal_17-es.png'><img loading=\"lazy\" decoding=\"async\" width=\"150\" height=\"150\" src=\"https:\/\/www.bioleft.org\/wp-content\/uploads\/2023\/01\/Sustainable_Development_Goal_17-es-150x150.png\" class=\"attachment-thumbnail size-thumbnail\" alt=\"\" srcset=\"https:\/\/www.bioleft.org\/wp-content\/uploads\/2023\/01\/Sustainable_Development_Goal_17-es-150x150.png 150w, https:\/\/www.bioleft.org\/wp-content\/uploads\/2023\/01\/Sustainable_Development_Goal_17-es-300x300.png 300w, https:\/\/www.bioleft.org\/wp-content\/uploads\/2023\/01\/Sustainable_Development_Goal_17-es-1024x1024.png 1024w, https:\/\/www.bioleft.org\/wp-content\/uploads\/2023\/01\/Sustainable_Development_Goal_17-es-768x768.png 768w, https:\/\/www.bioleft.org\/wp-content\/uploads\/2023\/01\/Sustainable_Development_Goal_17-es-12x12.png 12w, https:\/\/www.bioleft.org\/wp-content\/uploads\/2023\/01\/Sustainable_Development_Goal_17-es.png 1536w\" sizes=\"(max-width: 150px) 100vw, 150px\" \/><\/a>\r\n\t\t\t<\/dt><\/dl><br style=\"clear: both\" \/><\/div>\n\t\t<\/div>\n\t\t\t\t\t\t<\/div>\n\t\t\t\t<\/div>\n\t\t\t\t\t<\/div>\n\t\t<\/div>\n\t\t\t\t\t<\/div>\n\t\t<\/section>\n\t\t\t\t<\/div>\n\t\t","protected":false},"excerpt":{"rendered":"","protected":false},"author":6,"featured_media":0,"parent":0,"menu_order":0,"comment_status":"closed","ping_status":"closed","template":"template-full-width.php","meta":{"footnotes":""},"class_list":["post-1632","page","type-page","status-publish","hentry"],"_links":{"self":[{"href":"https:\/\/www.bioleft.org\/es\/wp-json\/wp\/v2\/pages\/1632"}],"collection":[{"href":"https:\/\/www.bioleft.org\/es\/wp-json\/wp\/v2\/pages"}],"about":[{"href":"https:\/\/www.bioleft.org\/es\/wp-json\/wp\/v2\/types\/page"}],"author":[{"embeddable":true,"href":"https:\/\/www.bioleft.org\/es\/wp-json\/wp\/v2\/users\/6"}],"replies":[{"embeddable":true,"href":"https:\/\/www.bioleft.org\/es\/wp-json\/wp\/v2\/comments?post=1632"}],"version-history":[{"count":65,"href":"https:\/\/www.bioleft.org\/es\/wp-json\/wp\/v2\/pages\/1632\/revisions"}],"predecessor-version":[{"id":4773,"href":"https:\/\/www.bioleft.org\/es\/wp-json\/wp\/v2\/pages\/1632\/revisions\/4773"}],"wp:attachment":[{"href":"https:\/\/www.bioleft.org\/es\/wp-json\/wp\/v2\/media?parent=1632"}],"curies":[{"name":"wp","href":"https:\/\/api.w.org\/{rel}","templated":true}]}}