{"id":1344,"date":"2020-11-13T20:19:54","date_gmt":"2020-11-13T20:19:54","guid":{"rendered":"https:\/\/www.bioleft.org\/?page_id=1344"},"modified":"2021-04-07T22:07:47","modified_gmt":"2021-04-07T22:07:47","slug":"activities-vc","status":"publish","type":"page","link":"https:\/\/www.bioleft.org\/es\/activities-vc\/","title":{"rendered":"Actividades"},"content":{"rendered":"<p>[vc_row][vc_column][vc_column_text]En Bioleft trabajamos para facilitar la circulaci\u00f3n de semillas en pos de una agricultura m\u00e1s sustentable. Por eso, desarrollamos actividades de diversos \u00f3rdenes: experimentos agron\u00f3micos, tejido de redes, establecimiento de lazos con organizaciones p\u00fablicas, privadas y supranacionales y difusi\u00f3n, a nivel nacional e internacional.[\/vc_column_text][minti_spacer height=&#8221;20&#8243;][\/vc_column][\/vc_row][vc_row][vc_column][vc_column_text]<\/p>\n<h3>Experimentos de mejoramiento participativo y colaborativo<\/h3>\n<p>Desde 2019, con el <a href=\"https:\/\/www.bioleft.org\/2019\/06\/13\/bioleft-es-elegido-por-the-conservation-food-health-foundation\/\">apoyo de The Conservation, Food and Health Foundation<\/a>, llevamos adelante tres experimentos de mejoramiento participativo y colaborativo de semillas abiertas. Los experimentos tienen una finalidad agron\u00f3mica,\u00a0 testear diferentes variedades de semillas en condiciones y manejos diversos, y otras ligadas a mejorar la plataforma de registro de Bioleft gracias a la valiosa informaci\u00f3n que las comunidades productoras y mejoradoras de semillas aporten en pos de generar un sistema colaborativo de mejoramiento con semillas abiertas. Tambi\u00e9n tiene como objetivo hacer crecer y reforzar la comunidad de colaboraci\u00f3n e intercambio de semillas y saberes de Bioleft.<\/p>\n<h4><\/h4>\n<h4><\/h4>\n<p>[\/vc_column_text][minti_spacer height=&#8221;20&#8243;][\/vc_column][\/vc_row][vc_row][vc_column width=&#8221;1\/3&#8243;][minti_image img=&#8221;475&#8243; img_size=&#8221;300&#215;150&#8243;][vc_column_text]<\/p>\n<h4>Experimento tomate<\/h4>\n<p>Trabajamos junto al equipo del proyecto <a href=\"https:\/\/www.bioleft.org\/2019\/09\/10\/el-tomate-criollo-se-multiplica-con-acuerdos-bioleft\/\">Al rescate del tomate criollo<\/a>, propiciado por la c\u00e1tedra de Gen\u00e9tica de la Facultad de Agronom\u00eda de la Universidad de Buenos Aires y el criadero Cultivos del Sur. La c\u00e1tedra disponibiliza semillas recuperadas de tomates criollos antiguos, que se transfieren bajo acuerdos Bioleft a productorxs de distintas partes del pa\u00eds, que siembran las semillas con manejos agroecol\u00f3gicos y <a href=\"https:\/\/www.bioleft.org\/2020\/01\/16\/mejoramiento-colaborativo-tomates-criollos-biodinamicos\/\">biodin\u00e1micos<\/a>. Al llevarse las semillas, se comprometen a mantenerlas abiertas, as\u00ed como a cualquier semilla derivada, y a devolver informaci\u00f3n agron\u00f3mica \u00fatil para el mejoramiento participativo. La definici\u00f3n de qu\u00e9 datos son \u00fatiles, as\u00ed como de los objetivos de los proyectos de mejoramiento, se co-dise\u00f1a con las comunidades de productorxs y tambi\u00e9n de mejoradores de instituciones p\u00fablicas, a trav\u00e9s de una serie <a href=\"https:\/\/www.bioleft.org\/2020\/01\/25\/taller-de-mejoramiento-colaborativo-de-tomate-en-la-facultad-de-agronomia\/\">talleres<\/a> y <a href=\"https:\/\/www.bioleft.org\/2020\/08\/31\/tomaterxs-por-la-biodiversidad-un-taller-para-armar-red-2\/\">encuentros<\/a>.<\/p>\n<p>[\/vc_column_text][\/vc_column][vc_column width=&#8221;1\/3&#8243;][minti_image img=&#8221;1099&#8243; img_size=&#8221;300&#215;150&#8243;][vc_column_text]<\/p>\n<h4>Experimento forrajeras<\/h4>\n<p>Mejoradorxs de la c\u00e1tedra de Gen\u00e9tica de la Facultad de Agronom\u00eda de la Universidad de Buenos Aires y el criadero Cultivos del Sur registraron dos variedades de forrajeras bajo licencias Bioleft, y <a href=\"https:\/\/www.bioleft.org\/2019\/08\/22\/semillas-forrajeras-bioleft-agroecologia\/\">las transfirieron a productorxs<\/a> de la\u00a0 <a href=\"http:\/\/www.renama.org\/\">Red Nacional de Municipios y Comunidades que fomentan la Agroecolog\u00eda<\/a> (RENAMA) para que las testeen. Al llevarse las semillas, se comprometen a mantenerlas abiertas, as\u00ed como a cualquier semilla derivada, y a devolver informaci\u00f3n agron\u00f3mica \u00fatil para el mejoramiento participativo. Los objetivos de los proyectos de mejoramiento participativo se co-dise\u00f1an junto a la Red de Mejoradores de Forrajeras y productorxs de diversas partes del pa\u00eds en <a href=\"https:\/\/www.bioleft.org\/2020\/07\/15\/taller-de-mejoramiento-participativo-de-forrajeras\/\">talleres<\/a> y encuentros.<\/p>\n<p>&nbsp;<\/p>\n<p>[\/vc_column_text][\/vc_column][vc_column width=&#8221;1\/3&#8243;][minti_image img=&#8221;1356&#8243; img_size=&#8221;300&#215;150&#8243;][vc_column_text]<\/p>\n<h4>Experimento ma\u00edz<\/h4>\n<p>Este experimento comenz\u00f3 con semillas provistas por el equipo de Daniel Presello, del <a href=\"http:\/\/inta.gob.ar\">Instituto Nacional de Tecnolog\u00eda Agropecuaria<\/a>, que fueron testeadas por el productorxs y productorxs-mejoradorxs que forman parte del\u00a0 <a href=\"https:\/\/www.mapo.org.ar\/\">Movimiento Argentino para la Producci\u00f3n Org\u00e1nica. <\/a>Al llevarse las semillas, se comprometen a mantenerlas abiertas, as\u00ed como a cualquier semilla derivada, y a devolver informaci\u00f3n agron\u00f3mica \u00fatil para el mejoramiento participativo. Los objetivos de los proyectos de mejoramiento participativo se co-dise\u00f1an junto a productorxs, productorxs-mejoradorxs y mejoradorxs del sector p\u00fablico en <a href=\"https:\/\/www.bioleft.org\/2020\/02\/04\/taller-de-mejoramiento-de-maiz-en-pergamino\/\">talleres<\/a> y encuentros. A partir de este trabajo naci\u00f3 una fuerte red de mejoramiento participativo e intercambio de semillas de ma\u00edz entre un grupo de productorxs-mejoradorxs.<\/p>\n<p>&nbsp;<\/p>\n<p>[\/vc_column_text][\/vc_column][\/vc_row][vc_row][vc_column width=&#8221;1\/1&#8243;][minti_spacer][\/vc_column][\/vc_row][vc_row][vc_column width=&#8221;1\/1&#8243;][vc_column_text]<\/p>\n<h3>Testeo colaborativo de la plataforma Bioleft<\/h3>\n<p>La plataforma Bioleft est\u00e1 desarrollando herramientas para hospedar comunidades de mejoradorxs y productorxs, facilitar el intercambio y mejoramiento participativo y colaborativo de semillas y darle trazabilidad. Para eso, es testeada colaborativamente por toda la comunidad.<\/p>\n<p>&nbsp;<\/p>\n<p>\u00bfTe interesa sumarte a alguna de estas actividades? Escrib\u00ed\u00a0 a info@bioleft.org[\/vc_column_text][\/vc_column][\/vc_row][vc_row][vc_column width=&#8221;1\/1&#8243;][minti_spacer][minti_divider][\/vc_column][\/vc_row][vc_row][vc_column width=&#8221;1\/1&#8243;][vc_column_text]<\/p>\n<h3>Construcci\u00f3n de la red GOSSI, Global Open Source Seed Initiative<\/h3>\n<p>Bioleft es <a href=\"https:\/\/www.bioleft.org\/2020\/05\/29\/bioleft-en-gossi-la-red-global-de-semillas-abiertas\/\">miembro fundador de la red global de iniciativas de semillas de fuente abierta GOSSI<\/a>, que re\u00fane a nueve iniciativas de los cinco continentes. Anabel Mar\u00edn, directora de Bioleft, <a href=\"https:\/\/www.bioleft.org\/2020\/10\/02\/anabel-marin-preside-gossi-global-open-source-seed-initiative\/\">fue elegida presidenta de la red<\/a>. En 2020, la red se consolid\u00f3 y produjo un <a href=\"https:\/\/www.bioleft.org\/2020\/10\/02\/anabel-marin-preside-gossi-global-open-source-seed-initiative\/\"><em>white paper <\/em><\/a>explicando por qu\u00e9 promueve la circulaci\u00f3n sin restricciones de las semillas.<\/p>\n<p>[\/vc_column_text][minti_divider][vc_column_text]<\/p>\n<h3>Desarrollo de Bioleft M\u00e9xico<\/h3>\n<p>Bioleft crece tambi\u00e9n <a href=\"https:\/\/www.bioleft.org\/2019\/06\/27\/la-red-de-semillas-abiertas-se-extiende-a-mexico\/\">en M\u00e9xico desde 2019<\/a>, con el apoyo del <span class=\"aCOpRe\">Global Consortium for Sustainability Outcomes (GCSO). Entre Bioleft Argentina y M\u00e9xico se dan <a href=\"https:\/\/www.bioleft.org\/2020\/01\/28\/bioleft-mexico-un-taller-para-aunar-voluntades\/\">alianzas de colaboraci\u00f3n y transferencia tecnol\u00f3gica<\/a>. <\/span>[\/vc_column_text][\/vc_column][\/vc_row]<\/p>\n","protected":false},"excerpt":{"rendered":"<p>[vc_row][vc_column][vc_column_text]En Bioleft trabajamos para facilitar la circulaci\u00f3n de semillas en pos de una agricultura m\u00e1s sustentable. Por eso, desarrollamos actividades [&hellip;]<\/p>\n","protected":false},"author":5,"featured_media":0,"parent":0,"menu_order":0,"comment_status":"closed","ping_status":"closed","template":"","meta":{"footnotes":""},"class_list":["post-1344","page","type-page","status-publish","hentry"],"_links":{"self":[{"href":"https:\/\/www.bioleft.org\/es\/wp-json\/wp\/v2\/pages\/1344"}],"collection":[{"href":"https:\/\/www.bioleft.org\/es\/wp-json\/wp\/v2\/pages"}],"about":[{"href":"https:\/\/www.bioleft.org\/es\/wp-json\/wp\/v2\/types\/page"}],"author":[{"embeddable":true,"href":"https:\/\/www.bioleft.org\/es\/wp-json\/wp\/v2\/users\/5"}],"replies":[{"embeddable":true,"href":"https:\/\/www.bioleft.org\/es\/wp-json\/wp\/v2\/comments?post=1344"}],"version-history":[{"count":11,"href":"https:\/\/www.bioleft.org\/es\/wp-json\/wp\/v2\/pages\/1344\/revisions"}],"predecessor-version":[{"id":1360,"href":"https:\/\/www.bioleft.org\/es\/wp-json\/wp\/v2\/pages\/1344\/revisions\/1360"}],"wp:attachment":[{"href":"https:\/\/www.bioleft.org\/es\/wp-json\/wp\/v2\/media?parent=1344"}],"curies":[{"name":"wp","href":"https:\/\/api.w.org\/{rel}","templated":true}]}}