{"id":11,"date":"2018-07-09T19:07:14","date_gmt":"2018-07-09T19:07:14","guid":{"rendered":"http:\/\/bioleft.org\/?page_id=11"},"modified":"2019-10-01T19:49:28","modified_gmt":"2019-10-01T19:49:28","slug":"por-que-bioleft","status":"publish","type":"page","link":"https:\/\/www.bioleft.org\/es\/por-que-bioleft\/","title":{"rendered":"Por qu\u00e9 Bioleft"},"content":{"rendered":"<p>[vc_row][vc_column][vc_column_text]Las semillas son el insumo central de la agricultura, que a su vez es la base de la alimentaci\u00f3n. Durante milenios, generaciones y generaciones de agricultores aprendieron a mejorar las semillas a partir de m\u00e9todos de cruzamiento y selecci\u00f3n. Al principio del siglo pasado, en asociaci\u00f3n con avances en el conocimiento, aparecieron fitomejoradores profesionales, interactuando con los agricultores y entre s\u00ed.\u00a0Las empresas se empezaron a involucrar cuando apareci\u00f3 la posibilidad de apropiarse de las semillas, primero por una innovaci\u00f3n t\u00e9cnica, la hibridaci\u00f3n, y luego a trav\u00e9s de una instituci\u00f3n, los derechos de propiedad intelectual. La posibilidad de hacer modificaciones gen\u00e9ticas, susceptibles de ser patentadas ha estado asociada en los \u00faltimos a\u00f1os a un enorme proceso de concentraci\u00f3n. A mediados de la d\u00e9cada de 1980, las nueve empresas m\u00e1s grandes ten\u00edan el 13% del mercado mundial de semillas. En 2017, solo seis empresas controlaban m\u00e1s del 60%, y la tendencia a la concentraci\u00f3n avanza.<\/p>\n<p>La capacidad de patentar secuencias gen\u00e9ticas y, en algunos pa\u00edses, variedades de semillas completas, permite a las compa\u00f1\u00edas de semillas evitar que el germoplasma sea utilizado por otras empresas, el sector p\u00fablico y los agricultores como insumo para la obtenci\u00f3n de nuevas variedades de semillas. Esto restringe la libre circulaci\u00f3n de conocimientos que es esencial para diversas formas de innovaci\u00f3n. Esto contribuye a la concentraci\u00f3n del mercado; socava la soberan\u00eda de los pa\u00edses en desarrollo sobre el cultivo de semillas, tanto en el sector p\u00fablico como en el privado, y reduce la diversidad de variedades de semillas disponibles, ya que la innovaci\u00f3n se centra cada vez m\u00e1s en variedades que funcionan con los paquetes tecnol\u00f3gicos vendidos por empresas qu\u00edmicas multinacionales, con menos variedades criadas y adaptadas para diferentes tipos de agricultura y para diferentes tipos de agricultores.<\/p>\n<p>En Argentina y en otros pa\u00edses de la regi\u00f3n, las patentes, por ahora, solo pueden usarse en algunos cultivos, para los cuales se permite la modificaci\u00f3n gen\u00e9tica. Sin embargo, esto puede cambiar en el futuro a medida que se modifiquen gen\u00e9ticamente m\u00e1s cultivos y se modifique la ley de propiedad intelectual de las semillas. Por eso consideramos necesario encontrar una alternativa para proteger la circulaci\u00f3n sin obst\u00e1culos del germoplasma, el material gen\u00e9tico de las semillas, de futuras restricciones. \u00a0Con esa intenci\u00f3n nace Bioleft.<br \/>\n[\/vc_column_text][\/vc_column][\/vc_row]<\/p>\n","protected":false},"excerpt":{"rendered":"<p>[vc_row][vc_column][vc_column_text]Las semillas son el insumo central de la agricultura, que a su vez es la base de la alimentaci\u00f3n. Durante [&hellip;]<\/p>\n","protected":false},"author":2,"featured_media":0,"parent":0,"menu_order":0,"comment_status":"closed","ping_status":"closed","template":"","meta":{"footnotes":""},"class_list":["post-11","page","type-page","status-publish","hentry"],"_links":{"self":[{"href":"https:\/\/www.bioleft.org\/es\/wp-json\/wp\/v2\/pages\/11"}],"collection":[{"href":"https:\/\/www.bioleft.org\/es\/wp-json\/wp\/v2\/pages"}],"about":[{"href":"https:\/\/www.bioleft.org\/es\/wp-json\/wp\/v2\/types\/page"}],"author":[{"embeddable":true,"href":"https:\/\/www.bioleft.org\/es\/wp-json\/wp\/v2\/users\/2"}],"replies":[{"embeddable":true,"href":"https:\/\/www.bioleft.org\/es\/wp-json\/wp\/v2\/comments?post=11"}],"version-history":[{"count":19,"href":"https:\/\/www.bioleft.org\/es\/wp-json\/wp\/v2\/pages\/11\/revisions"}],"predecessor-version":[{"id":831,"href":"https:\/\/www.bioleft.org\/es\/wp-json\/wp\/v2\/pages\/11\/revisions\/831"}],"wp:attachment":[{"href":"https:\/\/www.bioleft.org\/es\/wp-json\/wp\/v2\/media?parent=11"}],"curies":[{"name":"wp","href":"https:\/\/api.w.org\/{rel}","templated":true}]}}