{"id":776,"date":"2019-09-23T20:49:37","date_gmt":"2019-09-23T20:49:37","guid":{"rendered":"http:\/\/bioleft.org\/en\/?page_id=776"},"modified":"2019-09-23T21:28:32","modified_gmt":"2019-09-23T21:28:32","slug":"tutorial-para-solicitar-semilla","status":"publish","type":"page","link":"https:\/\/www.bioleft.org\/en\/tutorial-para-solicitar-semilla\/","title":{"rendered":"Tutorial para solicitar semillas"},"content":{"rendered":"<p>\u00bfC\u00f3mo solicitar una semilla que se ofrece en el cat\u00e1logo de semillas de Bioleft? Entr\u00e1 a <a href=\"http:\/\/plataforma.bioleft.org\" target=\"_blank\" rel=\"noopener noreferrer\">plataforma.bioleft.org<\/a>:<\/p>\n<p>&nbsp;<\/p>\n<p><img fetchpriority=\"high\" decoding=\"async\" class=\"alignnone wp-image-777\" src=\"http:\/\/bioleft.org\/wp-content\/uploads\/2019\/09\/1-Iniciar-sesi\u00f3n-bioleft-300x191.png\" alt=\"\" width=\"629\" height=\"400\" srcset=\"https:\/\/www.bioleft.org\/wp-content\/uploads\/2019\/09\/1-Iniciar-sesi\u00f3n-bioleft-300x191.png 300w, https:\/\/www.bioleft.org\/wp-content\/uploads\/2019\/09\/1-Iniciar-sesi\u00f3n-bioleft-768x488.png 768w, https:\/\/www.bioleft.org\/wp-content\/uploads\/2019\/09\/1-Iniciar-sesi\u00f3n-bioleft-1024x651.png 1024w, https:\/\/www.bioleft.org\/wp-content\/uploads\/2019\/09\/1-Iniciar-sesi\u00f3n-bioleft.png 1166w\" sizes=\"(max-width: 629px) 100vw, 629px\" \/><\/p>\n<p>&nbsp;<\/p>\n<p>Una vez dentro del sistema, clique\u00e1 la pesta\u00f1a &#8220;Cat\u00e1logo de semillas&#8221;.<\/p>\n<p>&nbsp;<\/p>\n<p><img decoding=\"async\" class=\"alignnone wp-image-784 size-full\" src=\"http:\/\/bioleft.org\/wp-content\/uploads\/2019\/09\/Screenshot_2019-09-23-huertera-bioleft.png\" alt=\"\" width=\"612\" height=\"234\" srcset=\"https:\/\/www.bioleft.org\/wp-content\/uploads\/2019\/09\/Screenshot_2019-09-23-huertera-bioleft.png 612w, https:\/\/www.bioleft.org\/wp-content\/uploads\/2019\/09\/Screenshot_2019-09-23-huertera-bioleft-300x115.png 300w\" sizes=\"(max-width: 612px) 100vw, 612px\" \/><\/p>\n<p>&nbsp;<\/p>\n<p>Cuando accedas al cat\u00e1logo, busc\u00e1 la semilla que precises y solicitala cliqueando el bot\u00f3n verde.<\/p>\n<p><img decoding=\"async\" class=\"alignnone wp-image-779\" src=\"http:\/\/bioleft.org\/wp-content\/uploads\/2019\/09\/3-encontrar-semilla-300x254.png\" alt=\"\" width=\"569\" height=\"481\" srcset=\"https:\/\/www.bioleft.org\/wp-content\/uploads\/2019\/09\/3-encontrar-semilla-300x254.png 300w, https:\/\/www.bioleft.org\/wp-content\/uploads\/2019\/09\/3-encontrar-semilla-768x651.png 768w, https:\/\/www.bioleft.org\/wp-content\/uploads\/2019\/09\/3-encontrar-semilla-1024x868.png 1024w, https:\/\/www.bioleft.org\/wp-content\/uploads\/2019\/09\/3-encontrar-semilla.png 1106w\" sizes=\"(max-width: 569px) 100vw, 569px\" \/><\/p>\n<p>&nbsp;<\/p>\n<p>Los campos son opcionales y dependen del acuerdo privado al que hayas llegado con quien te ceder\u00e1 la semilla. Si no hiciste ning\u00fan acuerdo previo, dejalos en blanco y simplemente clique\u00e1 &#8220;solicitar semilla&#8221;, el bot\u00f3n azul.<\/p>\n<p><img loading=\"lazy\" decoding=\"async\" class=\"alignnone wp-image-780\" src=\"http:\/\/bioleft.org\/wp-content\/uploads\/2019\/09\/4-transaccion-300x145.png\" alt=\"\" width=\"629\" height=\"305\" srcset=\"https:\/\/www.bioleft.org\/wp-content\/uploads\/2019\/09\/4-transaccion-300x145.png 300w, https:\/\/www.bioleft.org\/wp-content\/uploads\/2019\/09\/4-transaccion-768x372.png 768w, https:\/\/www.bioleft.org\/wp-content\/uploads\/2019\/09\/4-transaccion-1024x496.png 1024w, https:\/\/www.bioleft.org\/wp-content\/uploads\/2019\/09\/4-transaccion.png 1349w\" sizes=\"(max-width: 629px) 100vw, 629px\" \/><\/p>\n<p>\u00a1Listo! La semilla ya est\u00e1 pedida. Cuando la persona que la ofrece reciba el pedido de transacci\u00f3n, la aceptar\u00e1 o rechazar\u00e1, y recibir\u00e1s un correo como este:<\/p>\n<p><img loading=\"lazy\" decoding=\"async\" class=\"alignnone wp-image-781\" src=\"http:\/\/bioleft.org\/wp-content\/uploads\/2019\/09\/5-mail-transacci\u00f3n-aprobada-e1569271116673-300x217.jpeg\" alt=\"\" width=\"630\" height=\"456\" srcset=\"https:\/\/www.bioleft.org\/wp-content\/uploads\/2019\/09\/5-mail-transacci\u00f3n-aprobada-e1569271116673-300x217.jpeg 300w, https:\/\/www.bioleft.org\/wp-content\/uploads\/2019\/09\/5-mail-transacci\u00f3n-aprobada-e1569271116673.jpeg 694w\" sizes=\"(max-width: 630px) 100vw, 630px\" \/><\/p>\n<p>&nbsp;<\/p>","protected":false},"excerpt":{"rendered":"<p>\u00bfC\u00f3mo solicitar una semilla que se ofrece en el cat\u00e1logo de semillas de Bioleft? Entr\u00e1 a plataforma.bioleft.org: &nbsp; &nbsp; Una [&hellip;]<\/p>","protected":false},"author":2,"featured_media":0,"parent":0,"menu_order":0,"comment_status":"closed","ping_status":"closed","template":"","meta":{"footnotes":""},"class_list":["post-776","page","type-page","status-publish","hentry"],"_links":{"self":[{"href":"https:\/\/www.bioleft.org\/en\/wp-json\/wp\/v2\/pages\/776"}],"collection":[{"href":"https:\/\/www.bioleft.org\/en\/wp-json\/wp\/v2\/pages"}],"about":[{"href":"https:\/\/www.bioleft.org\/en\/wp-json\/wp\/v2\/types\/page"}],"author":[{"embeddable":true,"href":"https:\/\/www.bioleft.org\/en\/wp-json\/wp\/v2\/users\/2"}],"replies":[{"embeddable":true,"href":"https:\/\/www.bioleft.org\/en\/wp-json\/wp\/v2\/comments?post=776"}],"version-history":[{"count":0,"href":"https:\/\/www.bioleft.org\/en\/wp-json\/wp\/v2\/pages\/776\/revisions"}],"wp:attachment":[{"href":"https:\/\/www.bioleft.org\/en\/wp-json\/wp\/v2\/media?parent=776"}],"curies":[{"name":"wp","href":"https:\/\/api.w.org\/{rel}","templated":true}]}}