{"id":332,"date":"2018-11-06T20:01:58","date_gmt":"2018-11-06T20:01:58","guid":{"rendered":"http:\/\/bioleft.org\/?page_id=332"},"modified":"2021-04-07T23:47:19","modified_gmt":"2021-04-07T23:47:19","slug":"prensa-vc","status":"publish","type":"page","link":"https:\/\/www.bioleft.org\/en\/prensa-vc\/","title":{"rendered":"Press"},"content":{"rendered":"<p><strong>Some articles and stories about Bioleft in media:\u00a0<\/strong><\/p>\n<p class=\"mvp-post-title mvp-post-title-wide left entry-title\"><a href=\"https:\/\/siete24.mx\/tendencias\/ciencia\/busca-la-unam-preservar-patrimonio-biocultural\/\">Busca la UNAM preservar patrimonio biocultural<\/a>\u00a0 (UNAM works to preserve biocultural heritage) &#8211; 724.tv &#8211; January 2020<\/p>\n<p><a href=\"https:\/\/www.dgcs.unam.mx\/boletin\/bdboletin\/2020_004.html\">UNAM encabeza proyecto de conservaci\u00f3n de semillas para preservar nuestro patrimonio biocultural<\/a> (UNAM leaders a seeds conservation project to preserve our biocultural heritage) &#8211; Bolet\u00edn UNAM &#8211; January 2020<\/p>\n<p class=\"col-xs-12 col-sm-10 col-md-10\"><a href=\"https:\/\/www.elmostrador.cl\/destacado\/2019\/12\/24\/cambio-climatico-y-automatizacion-el-desafio-que-define-el-futuro-de-la-agricultura\/\">Cambio clim\u00e1tico y automatizaci\u00f3n: el desaf\u00edo que define el futuro de la agricultura<\/a> (Climate change and automatation: the challenge that define the future of agriculture) &#8211; El Mostrador &#8211; December 2019<\/p>\n<p><a href=\"https:\/\/www.infocampo.com.ar\/tomates-nativos-recuperados-por-la-fauba-entre-los-mas-sabrosos\/\">Tomates nativos \u201crecuperados\u201d por la FAUBA, entre los m\u00e1s sabrosos\u00a0\u00a0<\/a> (Native tomatos &#8220;recovered&#8221; by FAUBA, between the most tasty) &#8211; InfoCampo &#8211; Noviembre 2019<\/p>\n<p><a href=\"https:\/\/www.agrositio.com.ar\/noticia\/205956-se-realizara-la-primera-entrega-de-semillas-de-tomates-criollos-antiguos\">Se realizar\u00e1 la primera entrega de semillas de tomates criollos antiguos<\/a> (The first transfer of old creole tomatos will take place)- AgroSitio &#8211; Septiembre 2019<\/p>\n<p><a href=\"https:\/\/www.youtube.com\/watch?v=BlEK3xRmziM\">Interview with Anabel Mar\u00edn, director of Bioleft, on Seeds Law<\/a> &#8211; Cosechas y Negocios, Radio con Vos &#8211; Agosto 2019<\/p>\n<p><iframe src=\"https:\/\/www.youtube.com\/embed\/BlEK3xRmziM\" width=\"560\" height=\"315\" frameborder=\"0\" allowfullscreen=\"allowfullscreen\" data-mce-fragment=\"1\"><\/iframe><\/p>\n<p><a href=\"https:\/\/ar.radiocut.fm\/audiocut\/anabel-marin-directora-bioleft-tw-ley-semillas\/\" target=\"_blank\" rel=\"noopener noreferrer\">Interview with Anabel Mar\u00edn, director of Bioleft, on Seeds Law<\/a> &#8211; No dejes para ma\u00f1ana, Radio con Vos &#8211; Agosto 2019<\/p>\n<p>&nbsp;<\/p>\n<p><iframe src=\"\/\/ar.radiocut.fm\/audiocut\/embed\/vert\/anabel-marin-directora-bioleft-tw-ley-semillas\/\" width=\"100%\" height=\"320px\" frameborder=\"no\" scrolling=\"no\" data-mce-fragment=\"1\"><\/iframe><\/p>\n<p><a href=\"http:\/\/www.unsam.edu.ar\/tss\/guardianes-de-las-semillas\/\">Guardianes de las semillas<\/a> (Seed guardians) &#8211; TSS News Agency, UNSAM,\u00a0 March 2019<\/p>\n<p><a href=\"https:\/\/news.agrofy.com.ar\/noticia\/179488\/recuperar-sabor-tomate-mercado-y-consumidor\">Recuperar el sabor del tomate: entre el mercado y el consumidor <\/a>(Recovering the taste of tomato: between the market and the consumers) &#8211; Agrofy News, February 2019<\/p>\n<p><a href=\"https:\/\/www.lacapitalmdp.com\/que-estan-haciendo-para-que-el-tomate-recupere-el-sabor\/\">Qu\u00e9 est\u00e1n haciendo para que el tomate recupere el sabor<\/a> (What are they doing to recover the taste of tomato) &#8211; La Capital de Mar del Plata, February 2019<\/p>\n<p><a href=\"https:\/\/www.estebanmagnani.com.ar\/2019\/01\/16\/liberate-semilla\/\">Lib\u00e9rate, semilla<\/a> (Free yourself, seed) &#8211; <a href=\"https:\/\/www.accion.coop\/liberate-semilla\">Revista Acci\u00f3n,<\/a> January 2019<\/p>\n<p><a href=\"https:\/\/www.lanacion.com.ar\/2192401-lidera-un-grupo-de-cientificos-que-impulsa-el-uso-de-semillas-de-codigo-abierto\" target=\"_blank\" rel=\"noopener noreferrer\">Lidera un grupo de cient\u00edficos que impulsa el uso de semillas de c\u00f3digo abierto<\/a>\u00a0 (She leads a group of scientists who promote the use of open source seeds) \u2013 La Naci\u00f3n, November 2018<\/p>\n<p><a href=\"https:\/\/www.lanacion.com.ar\/2185216-innovadores-2018\" target=\"_blank\" rel=\"noopener noreferrer\">Los innovadores del a\u00f1o (Innovators of the year) &#8211; La Naci\u00f3n, November 2018\u00a0<\/a><\/p>\n<p><a href=\"https:\/\/news.agrofy.com.ar\/noticia\/178101\/lanzan-semilla-codigo-abierto-ser-mejorada-colectivamente\" target=\"_blank\" rel=\"noopener noreferrer\">Lanzan una semilla de c\u00f3digo abierto para ser mejorada colectivamente (The launching of an open source seed for collaborative breeding) &#8211; Agrofy News, November 2018<\/a><\/p>\n<p><a href=\"https:\/\/dialogochino.net\/la-batalla-de-las-semillas-en-argentina\/?lang=eshttp:\/\/\" target=\"_blank\" rel=\"noopener noreferrer\">La batalla de las semillas en Argentina (The battle of the seeds in Argentina) &#8211; Di\u00e1logo chino, November 2018<\/a><\/p>\n<p><a href=\"http:\/\/bioleft.org\/wp-content\/uploads\/2018\/11\/Bioleft.pdf\" target=\"_blank\" rel=\"noopener noreferrer\">Semillas con derecho de copia (Seeds with copy allowed) &#8211; Infotechnology magazine, October 2018 (pdf)\u00a0\u00a0<\/a><\/p>\n<p>Interview in the radio show Partida doble, Radio UBA, October 2018<\/p>\n<p><iframe title=\"Anabel Mar\u00edn En #Partidadoble\" width=\"100%\" height=\"120\" src=\"https:\/\/www.mixcloud.com\/widget\/iframe\/?feed=https%3A%2F%2Fwww.mixcloud.com%2Fpartidadoble%2Fanabel-mar%25C3%25ADn-en-partidadoble%2F&amp;hide_cover=1\" frameborder=\"0\"><\/iframe><\/p>\n<p>Ubuntu: nueva semilla con c\u00f3digo abierto (Ubuntu, a new open source seed) &#8211; Supercampo magazine &#8211; September 2018<\/p>\n<blockquote class=\"wp-embedded-content\" data-secret=\"RdMsZZ5jwP\"><p><a href=\"https:\/\/supercampo.perfil.com\/2018\/09\/ubuntu-nueva-semilla-con-codigo-abierto\/\">Ubuntu: nueva semilla con c\u00f3digo abierto<\/a><\/p><\/blockquote>\n<p><iframe class=\"wp-embedded-content\" sandbox=\"allow-scripts\" security=\"restricted\" style=\"position: absolute; clip: rect(1px, 1px, 1px, 1px);\" title=\"\u00abUbuntu: nueva semilla con c\u00f3digo abierto\u00bb \u2014 Supercampo\" src=\"https:\/\/supercampo.perfil.com\/2018\/09\/ubuntu-nueva-semilla-con-codigo-abierto\/embed\/#?secret=RdMsZZ5jwP\" data-secret=\"RdMsZZ5jwP\" width=\"600\" height=\"338\" frameborder=\"0\" marginwidth=\"0\" marginheight=\"0\" scrolling=\"no\"><\/iframe><\/p>\n<p>Ubuntu, una leguminosa forrajera mejorada por la UBA (Ubuntu, a forage legume improved by the University of Buenos Aires) &#8211; Radio Nacional, September 2018<\/p>\n<blockquote class=\"wp-embedded-content\" data-secret=\"Gs57QJW2N7\"><p><a href=\"https:\/\/www.radionacional.com.ar\/ubuntu-una-leguminosa-forrajera-mejorada-por-la-uba\/\">Ubuntu, una leguminosa forrajera mejorada por la UBA<\/a><\/p><\/blockquote>\n<p><iframe class=\"wp-embedded-content\" sandbox=\"allow-scripts\" security=\"restricted\" style=\"position: absolute; clip: rect(1px, 1px, 1px, 1px);\" title=\"&#8220;Ubuntu, una leguminosa forrajera mejorada por la UBA&#8221; &#8212; Radio Nacional\" src=\"https:\/\/www.radionacional.com.ar\/ubuntu-una-leguminosa-forrajera-mejorada-por-la-uba\/embed\/#?secret=Gs57QJW2N7\" data-secret=\"Gs57QJW2N7\" width=\"600\" height=\"338\" frameborder=\"0\" marginwidth=\"0\" marginheight=\"0\" scrolling=\"no\"><\/iframe><\/p>\n<p>Ubuntu, la nueva semilla con c\u00f3digo abierto de la FAUBA (Ubuntu, the new open source seed from FAUBA, Faculty of Agronomy &#8211; UBA) &#8211; Sobre la tierra, Agronom\u00eda, UBA &#8211; September 2018<\/p>\n<blockquote class=\"wp-embedded-content\" data-secret=\"zOiZCU9Ymg\"><p><a href=\"http:\/\/sobrelatierra.agro.uba.ar\/ubuntu-la-nueva-semilla-con-codigo-abierto-de-la-fauba\/\">Ubuntu, la nueva semilla con c\u00f3digo abierto de la FAUBA<\/a><\/p><\/blockquote>\n<p><iframe class=\"wp-embedded-content\" sandbox=\"allow-scripts\" security=\"restricted\" style=\"position: absolute; clip: rect(1px, 1px, 1px, 1px);\" title=\"&#171;Ubuntu, la nueva semilla con c\u00f3digo abierto de la FAUBA&#187; &#8212; Sobre La Tierra\" src=\"http:\/\/sobrelatierra.agro.uba.ar\/ubuntu-la-nueva-semilla-con-codigo-abierto-de-la-fauba\/embed\/#?secret=zOiZCU9Ymg\" data-secret=\"zOiZCU9Ymg\" width=\"600\" height=\"338\" frameborder=\"0\" marginwidth=\"0\" marginheight=\"0\" scrolling=\"no\"><\/iframe><\/p>\n<p><a href=\"http:\/\/www.elpopular.com.ar\/eimpresa\/287213\/bioleft-con-un-potencial-enorme\">Bioleft, con un potencial enorme<\/a> (Bioleft, with a huge potential) \u2013 El Popular \u2013 Septiembre 2018<\/p>\n<p>Semilla colectiva (Collective Seed) &#8211; TSS News Agency, UNSAM &#8211; August 2018<\/p>\n<blockquote class=\"wp-embedded-content\" data-secret=\"MI2B7ARaAu\"><p><a href=\"http:\/\/www.unsam.edu.ar\/tss\/semilla-colectiva\/\">Semilla colectiva<\/a><\/p><\/blockquote>\n<p><iframe class=\"wp-embedded-content\" sandbox=\"allow-scripts\" security=\"restricted\" style=\"position: absolute; clip: rect(1px, 1px, 1px, 1px);\" title=\"&#8220;Semilla colectiva&#8221; &#8212; Agencia TSS\" src=\"http:\/\/www.unsam.edu.ar\/tss\/semilla-colectiva\/embed\/#?secret=MI2B7ARaAu\" data-secret=\"MI2B7ARaAu\" width=\"600\" height=\"338\" frameborder=\"0\" marginwidth=\"0\" marginheight=\"0\" scrolling=\"no\"><\/iframe><\/p>\n<p>Semillas con c\u00f3digo abierto (Open source seeds) &#8211; Sobre la tierra, Agronom\u00eda, UBA, May 2018<\/p>\n<blockquote class=\"wp-embedded-content\" data-secret=\"853Cb99D8x\"><p><a href=\"http:\/\/sobrelatierra.agro.uba.ar\/semillas-con-codigo-abierto\/\">Semillas con c\u00f3digo abierto<\/a><\/p><\/blockquote>\n<p><iframe class=\"wp-embedded-content\" sandbox=\"allow-scripts\" security=\"restricted\" style=\"position: absolute; clip: rect(1px, 1px, 1px, 1px);\" title=\"&#171;Semillas con c\u00f3digo abierto&#187; &#8212; Sobre La Tierra\" src=\"http:\/\/sobrelatierra.agro.uba.ar\/semillas-con-codigo-abierto\/embed\/#?secret=853Cb99D8x\" data-secret=\"853Cb99D8x\" width=\"600\" height=\"338\" frameborder=\"0\" marginwidth=\"0\" marginheight=\"0\" scrolling=\"no\"><\/iframe><\/p>","protected":false},"excerpt":{"rendered":"<p>Some articles and stories about Bioleft in media:\u00a0 Busca la UNAM preservar patrimonio biocultural\u00a0 (UNAM works to preserve biocultural heritage) [&hellip;]<\/p>","protected":false},"author":2,"featured_media":0,"parent":0,"menu_order":0,"comment_status":"closed","ping_status":"closed","template":"","meta":{"footnotes":""},"class_list":["post-332","page","type-page","status-publish","hentry"],"_links":{"self":[{"href":"https:\/\/www.bioleft.org\/en\/wp-json\/wp\/v2\/pages\/332"}],"collection":[{"href":"https:\/\/www.bioleft.org\/en\/wp-json\/wp\/v2\/pages"}],"about":[{"href":"https:\/\/www.bioleft.org\/en\/wp-json\/wp\/v2\/types\/page"}],"author":[{"embeddable":true,"href":"https:\/\/www.bioleft.org\/en\/wp-json\/wp\/v2\/users\/2"}],"replies":[{"embeddable":true,"href":"https:\/\/www.bioleft.org\/en\/wp-json\/wp\/v2\/comments?post=332"}],"version-history":[{"count":0,"href":"https:\/\/www.bioleft.org\/en\/wp-json\/wp\/v2\/pages\/332\/revisions"}],"wp:attachment":[{"href":"https:\/\/www.bioleft.org\/en\/wp-json\/wp\/v2\/media?parent=332"}],"curies":[{"name":"wp","href":"https:\/\/api.w.org\/{rel}","templated":true}]}}