{"id":1658,"date":"2021-04-07T22:36:56","date_gmt":"2021-04-08T01:36:56","guid":{"rendered":"https:\/\/www.bioleft.org\/?page_id=1658"},"modified":"2024-08-30T13:01:30","modified_gmt":"2024-08-30T16:01:30","slug":"publicaciones-cientificas","status":"publish","type":"page","link":"https:\/\/www.bioleft.org\/en\/publicaciones-cientificas\/","title":{"rendered":"Scientific publications"},"content":{"rendered":"<div data-elementor-type=\"wp-page\" data-elementor-id=\"1658\" class=\"elementor elementor-1658\">\n\t\t\t\t\t\t<section class=\"elementor-section elementor-top-section elementor-element elementor-element-311b5fa3 elementor-section-boxed elementor-section-height-default elementor-section-height-default\" data-id=\"311b5fa3\" data-element_type=\"section\">\n\t\t\t\t\t\t<div class=\"elementor-container elementor-column-gap-default\">\n\t\t\t\t\t<div class=\"elementor-column elementor-col-100 elementor-top-column elementor-element elementor-element-7a82752c\" data-id=\"7a82752c\" data-element_type=\"column\">\n\t\t\t<div class=\"elementor-widget-wrap elementor-element-populated\">\n\t\t\t\t\t\t<div class=\"elementor-element elementor-element-7558f04 elementor-widget elementor-widget-text-editor\" data-id=\"7558f04\" data-element_type=\"widget\" data-widget_type=\"text-editor.default\">\n\t\t\t\t<div class=\"elementor-widget-container\">\n\t\t\t\t\t\t\t\t\t<h4>Scientific articles about Bioleft<\/h4><ul><li>Cresta, E.; Dos Santos, M.P.; Cremaschi, A.; Bravo, M. L (2021). <a href=\"https:\/\/www.bioleft.org\/es\/2022\/12\/02\/bioleft-en-el-libro-de-resumenes-del-ii-congreso-argentino-de-agroecologia\/\">Evaluaci\u00f3n participativa de ma\u00edz no transg\u00e9nico: desaf\u00edos y oportunidades.<\/a> 2do Congreso Argentino de Agroecolog\u00eda.<\/li><li>Cremaschi, A. &amp; van Zwanenberg, P. (2020)\u00a0<a href=\"https:\/\/www.bioleft.org\/wp-content\/uploads\/2020\/10\/Bioleft_open_source_seeds_for_low-input_farming_systems.pdf\"><strong>Bioleft: Open Source Seeds for Low-Input Farming Systems<\/strong><\/a>,\u00a0<em>Journal of Fair Trade<\/em>, Vol.\u00a02(1): 39\u201344<\/li><li>Cremaschi, A., Van Zwanenberg, P., Marin, A., Basch, M., &amp; Lowenstein, V. (2020). <a href=\"https:\/\/t.co\/5xRzz9XYW8?amp=1\"><strong>Bioleft: Beyond an open source seed system<\/strong><\/a>.\u00a0<em>XRDS: Crossroads, The ACM Magazine for Students<\/em>,\u00a0<em>26<\/em>(4), 20-23.<\/li><li>Ely, A., Marin, A., Charli-Joseph, L., Abrol, D., Apgar, M., Atela, J., &#8230; &amp; Yang, L. (2020). <a href=\"https:\/\/www.mdpi.com\/2071-1050\/12\/6\/2499\">Structured collaboration across a transformative knowledge network\u2014learning across disciplines, cultures and contexts?.\u00a0<\/a><em>Sustainability<\/em>,\u00a0<em>12<\/em>(6), 2499.<\/li><li>Van Zwanenberg, P., Cremaschi, A., Obaya, M., Marin, A. &amp; Lowenstein, V. (2018):\u00a0<a href=\"https:\/\/www.ecologyandsociety.org\/vol23\/iss3\/art11\/\"><strong>Seeking unconventional alliances and bridging innovations in spaces for transformative change: the seed sector and agricultural sustainability in Argentina<\/strong><\/a>, Ecology and Society, Vol. 23(3), 11<\/li><\/ul>\t\t\t\t\t\t\t\t<\/div>\n\t\t\t\t<\/div>\n\t\t\t\t<div class=\"elementor-element elementor-element-6d81028 elementor-widget-divider--view-line elementor-widget elementor-widget-divider\" data-id=\"6d81028\" data-element_type=\"widget\" data-widget_type=\"divider.default\">\n\t\t\t\t<div class=\"elementor-widget-container\">\n\t\t\t\t\t\t\t<div class=\"elementor-divider\">\n\t\t\t<span class=\"elementor-divider-separator\">\n\t\t\t\t\t\t<\/span>\n\t\t<\/div>\n\t\t\t\t\t\t<\/div>\n\t\t\t\t<\/div>\n\t\t\t\t<div class=\"elementor-element elementor-element-2552d989 elementor-widget elementor-widget-text-editor\" data-id=\"2552d989\" data-element_type=\"widget\" data-widget_type=\"text-editor.default\">\n\t\t\t\t<div class=\"elementor-widget-container\">\n\t\t\t\t\t\t\t\t\t<h4>Other scientific articles about Bioleft<\/h4><ul><li>Galarza, C., Aimetta, B. (2022)\u00a0<a href=\"https:\/\/ruralnet.com.ar\/wp-content\/uploads\/2022\/07\/inta_maiz_semillapropia_22mj.pdf\"><strong>Is it possible to produce and use an own corn seed?<\/strong><\/a><\/li><li>Faifman, J., &amp; Ronis, M. P. (2022). <a href=\"https:\/\/revistasacademicas.unsam.edu.ar\/index.php\/papdetrab\/article\/view\/1356\">Despliegue de redes alternativas de alimentaci\u00f3n: Los casos de la Red Calisas y la iniciativa Bioleft en Argentina.\u00a0<\/a><em>Papeles de Trabajo<\/em>,\u00a0<em>16<\/em>(29).<\/li><\/ul>\t\t\t\t\t\t\t\t<\/div>\n\t\t\t\t<\/div>\n\t\t\t\t<div class=\"elementor-element elementor-element-2da6d17 elementor-widget-divider--view-line elementor-widget elementor-widget-divider\" data-id=\"2da6d17\" data-element_type=\"widget\" data-widget_type=\"divider.default\">\n\t\t\t\t<div class=\"elementor-widget-container\">\n\t\t\t\t\t\t\t<div class=\"elementor-divider\">\n\t\t\t<span class=\"elementor-divider-separator\">\n\t\t\t\t\t\t<\/span>\n\t\t<\/div>\n\t\t\t\t\t\t<\/div>\n\t\t\t\t<\/div>\n\t\t\t\t<div class=\"elementor-element elementor-element-75cfc9e elementor-widget elementor-widget-text-editor\" data-id=\"75cfc9e\" data-element_type=\"widget\" data-widget_type=\"text-editor.default\">\n\t\t\t\t<div class=\"elementor-widget-container\">\n\t\t\t\t\t\t\t\t\t<h4>Books and book chapters about Bioleft<\/h4><ul><li>Mar\u00edn, A., van Zwanenberg, P. y Cremaschi, A. (2021):\u00a0<a href=\"https:\/\/www.bioleft.org\/en\/bioleft-a-collaborative-open-source-seed-breeding-initiative-for-sustainable-agriculture\/\"><strong>Bioleft: A collaborative, open source seed breeding initiative for sustainable agriculture.\u00a0<\/strong><\/a>A version of this chapter will be published in the forthcoming edited volume\u00a0\u00a0<em>\u201cTransformative Pathways to Sustainability: Learning Across Disciplines, Cultures and Contexts\u201d<\/em>(to be published by Taylor and Francis, 2021).<\/li><li>Pe\u00f1a Sanabria, K. A., Bracamontes N\u00e1jera, L., Ben\u00edtez, M., Cremaschi, A., J\u00f6nsson, M., Acevedo, F., &#8230; &amp; Espinola, C. (2021). <a href=\"https:\/\/ri.conicet.gov.ar\/handle\/11336\/186868\">Semillas para el bien com\u00fan Compendio de experiencias latinoamericanas y herramientas legales para su defensa en M\u00e9xico<\/a>.<\/li><\/ul>\t\t\t\t\t\t\t\t<\/div>\n\t\t\t\t<\/div>\n\t\t\t\t<div class=\"elementor-element elementor-element-54950dd elementor-widget-divider--view-line elementor-widget elementor-widget-divider\" data-id=\"54950dd\" data-element_type=\"widget\" data-widget_type=\"divider.default\">\n\t\t\t\t<div class=\"elementor-widget-container\">\n\t\t\t\t\t\t\t<div class=\"elementor-divider\">\n\t\t\t<span class=\"elementor-divider-separator\">\n\t\t\t\t\t\t<\/span>\n\t\t<\/div>\n\t\t\t\t\t\t<\/div>\n\t\t\t\t<\/div>\n\t\t\t\t<div class=\"elementor-element elementor-element-5e2f696 elementor-widget elementor-widget-text-editor\" data-id=\"5e2f696\" data-element_type=\"widget\" data-widget_type=\"text-editor.default\">\n\t\t\t\t<div class=\"elementor-widget-container\">\n\t\t\t\t\t\t\t\t\t<h4>Thesis on Bioleft<\/h4><ul><li>Dulong Soto, J. (2023). <a href=\"https:\/\/dspace.unia.es\/handle\/10334\/8631\"><strong><em>Obst\u00e1culos normativos e institucionales para la difusi\u00f3n de cultivares tradicionales. Aspecto internacional y visi\u00f3n desde la legislaci\u00f3n argentina<\/em><\/strong><strong>\u00a0<\/strong><\/a>(Master\u2019s thesis, Universidad Internacional de Andaluc\u00eda).<\/li><\/ul>\t\t\t\t\t\t\t\t<\/div>\n\t\t\t\t<\/div>\n\t\t\t\t<div class=\"elementor-element elementor-element-85b6a64 elementor-widget-divider--view-line elementor-widget elementor-widget-divider\" data-id=\"85b6a64\" data-element_type=\"widget\" data-widget_type=\"divider.default\">\n\t\t\t\t<div class=\"elementor-widget-container\">\n\t\t\t\t\t\t\t<div class=\"elementor-divider\">\n\t\t\t<span class=\"elementor-divider-separator\">\n\t\t\t\t\t\t<\/span>\n\t\t<\/div>\n\t\t\t\t\t\t<\/div>\n\t\t\t\t<\/div>\n\t\t\t\t\t<\/div>\n\t\t<\/div>\n\t\t\t\t\t<\/div>\n\t\t<\/section>\n\t\t\t\t<\/div>","protected":false},"excerpt":{"rendered":"<p>Papers on Bioleft Mar\u00edn, A., van Zwanenberg, P. y Cremaschi, A. (2021): Bioleft: A collaborative, open source seed breeding initiative [&hellip;]<\/p>","protected":false},"author":6,"featured_media":0,"parent":0,"menu_order":0,"comment_status":"closed","ping_status":"closed","template":"template-full-width.php","meta":{"footnotes":""},"class_list":["post-1658","page","type-page","status-publish","hentry"],"_links":{"self":[{"href":"https:\/\/www.bioleft.org\/en\/wp-json\/wp\/v2\/pages\/1658"}],"collection":[{"href":"https:\/\/www.bioleft.org\/en\/wp-json\/wp\/v2\/pages"}],"about":[{"href":"https:\/\/www.bioleft.org\/en\/wp-json\/wp\/v2\/types\/page"}],"author":[{"embeddable":true,"href":"https:\/\/www.bioleft.org\/en\/wp-json\/wp\/v2\/users\/6"}],"replies":[{"embeddable":true,"href":"https:\/\/www.bioleft.org\/en\/wp-json\/wp\/v2\/comments?post=1658"}],"version-history":[{"count":0,"href":"https:\/\/www.bioleft.org\/en\/wp-json\/wp\/v2\/pages\/1658\/revisions"}],"wp:attachment":[{"href":"https:\/\/www.bioleft.org\/en\/wp-json\/wp\/v2\/media?parent=1658"}],"curies":[{"name":"wp","href":"https:\/\/api.w.org\/{rel}","templated":true}]}}